{"id":9890,"date":"2023-10-02T06:13:54","date_gmt":"2023-10-02T04:13:54","guid":{"rendered":"https:\/\/secnaturfrankfurt.com\/?post_type=product&#038;p=9890"},"modified":"2024-09-30T12:17:29","modified_gmt":"2024-09-30T10:17:29","slug":"handcrafted-pera-crossbody-bag","status":"publish","type":"product","link":"https:\/\/secnaturfrankfurt.com\/tr\/shop\/bags\/belt-bag\/handcrafted-pera-crossbody-bag\/","title":{"rendered":"Sebze Tabakl\u0131 Deriden El Yap\u0131m\u0131 Pera \u00c7apraz \u00c7anta"},"content":{"rendered":"<p>El yap\u0131m\u0131 Pera \u00c7apraz \u00c7anta, y\u00fcksek kaliteli, sebze tabakl\u0131 inek derisi kullan\u0131larak uzman i\u015f\u00e7ilik sergiler. Hem stil hem de pratikli\u011fi \u00f6nemseyenler i\u00e7in tasarlanm\u0131\u015f olan bu \u00e7anta, zarafeti i\u015flevsellikle kusursuz bir \u015fekilde birle\u015ftirerek her gard\u0131rop i\u00e7in vazge\u00e7ilmez bir aksesuar haline gelir.<\/p>\n<p>Pera \u00c7apraz \u00c7anta, ak\u0131ll\u0131 telefonunuz, c\u00fczdan\u0131n\u0131z, anahtarlar\u0131n\u0131z ve dudak bak\u0131m \u00fcr\u00fcnleriniz gibi temel e\u015fyalar\u0131n\u0131z i\u00e7in bol miktarda yer sunan iki geni\u015f fermuarl\u0131 b\u00f6lme \u00f6zelli\u011fine sahiptir. Bu b\u00f6lmeler, her \u015feyi d\u00fczenli bir \u015fekilde saklaman\u0131za ve kolayca eri\u015filebilir tutman\u0131za yard\u0131mc\u0131 olurken \u015f\u0131k ve hafif bir profil koruman\u0131z\u0131 sa\u011flar. El yap\u0131m\u0131 Pera \u00c7apraz \u00c7anta, genel g\u00f6r\u00fcn\u00fcm\u00fcn\u00fcze hacim katmadan d\u00fczenli kalman\u0131za yard\u0131mc\u0131 olur, b\u00f6ylece nereye giderseniz gidin rahatl\u0131k ve konfor sa\u011flar.<\/p>\n<p>El yap\u0131m\u0131 Pera \u00c7apraz \u00c7anta'n\u0131n ana \u00f6zelliklerinden biri \u00e7ok y\u00f6nl\u00fcl\u00fc\u011f\u00fcd\u00fcr. \u00c7antayla birlikte gelen iki \u00e7\u0131kar\u0131labilir kay\u0131\u015f, zarif bir deri kay\u0131\u015f ile cilal\u0131 bir g\u00f6r\u00fcn\u00fcm aras\u0131nda veya daha rahat, sala\u015f bir his i\u00e7in dayan\u0131kl\u0131 bir pamuk kay\u0131\u015f\u0131 aras\u0131nda ge\u00e7i\u015f yapman\u0131za olanak tan\u0131r. Bu esneklik, \u00e7antan\u0131n i\u015fe giderken, g\u00fcnl\u00fck gezilere \u00e7\u0131karken veya \u015fehirde bir gece d\u0131\u015far\u0131da e\u011flenirken \u00e7e\u015fitli durumlar i\u00e7in m\u00fckemmel olmas\u0131n\u0131 sa\u011flar. Ayr\u0131ca, kay\u0131\u015flar\u0131, tercihinize ba\u011fl\u0131 olarak \u00e7antay\u0131 v\u00fccut \u00e7apraz\u0131 i\u00e7in eller serbest kolayl\u0131k sa\u011flayacak \u015fekilde veya bir omuz \u00e7antas\u0131 olarak ayarlayabilirsiniz.<\/p>\n<p>Every Pera Crossbody Bag is unique, thanks to the natural variations in the vegetable-tanned leather. No two bags are exactly alike, and the leather will develop a rich patina over time, adding even more character and individuality. This makes your purchase an investment in a special, one-of-a-kind piece that will only become more beautiful with use.<\/p>\n<p>Enhance your wardrobe with the timeless style, elegance, and practicality of the Handcrafted Pera Crossbody Bag. It is the perfect blend of sophistication and everyday functionality, making it an ideal companion for any occasion.<\/p>","protected":false},"excerpt":{"rendered":"<p>Dark brown<\/p>","protected":false},"featured_media":9894,"comment_status":"open","ping_status":"closed","template":"","meta":[],"product_cat":[21,69,74],"product_tag":[],"class_list":{"0":"post-9890","1":"product","2":"type-product","3":"status-publish","4":"has-post-thumbnail","6":"product_cat-all-products","7":"product_cat-bags","8":"product_cat-belt-bag","9":"tm-has-styled-variations","10":"tm-has-options","12":"first","13":"instock","14":"shipping-taxable","15":"purchasable","16":"product-type-simple"},"yoast_head":"<!-- This site is optimized with the Yoast SEO plugin v23.3 - https:\/\/yoast.com\/wordpress\/plugins\/seo\/ -->\n<title>Handcrafted Pera Crossbody Bag \u2013 Elegance and Functionality<\/title>\n<meta name=\"description\" content=\"The handcrafted Pera Crossbody Bag combines elegance and functionality with two compartments and detachable straps for versatile use.\" \/>\n<meta name=\"robots\" content=\"index, follow, max-snippet:-1, max-image-preview:large, max-video-preview:-1\" \/>\n<link rel=\"canonical\" href=\"https:\/\/secnaturfrankfurt.com\/tr\/shop\/bags\/belt-bag\/handcrafted-pera-crossbody-bag\/\" \/>\n<meta property=\"og:locale\" content=\"tr_TR\" \/>\n<meta property=\"og:type\" content=\"article\" \/>\n<meta property=\"og:title\" content=\"Handcrafted Pera Crossbody Bag \u2013 Elegance and Functionality\" \/>\n<meta property=\"og:description\" content=\"The handcrafted Pera Crossbody Bag combines elegance and functionality with two compartments and detachable straps for versatile use.\" \/>\n<meta property=\"og:url\" content=\"https:\/\/secnaturfrankfurt.com\/tr\/shop\/bags\/belt-bag\/handcrafted-pera-crossbody-bag\/\" \/>\n<meta property=\"og:site_name\" content=\"Secnatur Frankfurt\" \/>\n<meta property=\"article:modified_time\" content=\"2024-09-30T10:17:29+00:00\" \/>\n<meta property=\"og:image\" content=\"https:\/\/secnaturfrankfurt.com\/wp-content\/uploads\/2023\/10\/1-2.jpg\" \/>\n\t<meta property=\"og:image:width\" content=\"1600\" \/>\n\t<meta property=\"og:image:height\" content=\"2000\" \/>\n\t<meta property=\"og:image:type\" content=\"image\/jpeg\" \/>\n<meta name=\"twitter:card\" content=\"summary_large_image\" \/>\n<meta name=\"twitter:label1\" content=\"Tahmini okuma s\u00fcresi\" \/>\n\t<meta name=\"twitter:data1\" content=\"2 dakika\" \/>\n<script type=\"application\/ld+json\" class=\"yoast-schema-graph\">{\"@context\":\"https:\/\/schema.org\",\"@graph\":[{\"@type\":\"WebPage\",\"@id\":\"https:\/\/secnaturfrankfurt.com\/shop\/bags\/belt-bag\/handcrafted-pera-crossbody-bag\/\",\"url\":\"https:\/\/secnaturfrankfurt.com\/shop\/bags\/belt-bag\/handcrafted-pera-crossbody-bag\/\",\"name\":\"Handcrafted Pera Crossbody Bag \u2013 Elegance and Functionality\",\"isPartOf\":{\"@id\":\"https:\/\/secnaturfrankfurt.com\/#website\"},\"primaryImageOfPage\":{\"@id\":\"https:\/\/secnaturfrankfurt.com\/shop\/bags\/belt-bag\/handcrafted-pera-crossbody-bag\/#primaryimage\"},\"image\":{\"@id\":\"https:\/\/secnaturfrankfurt.com\/shop\/bags\/belt-bag\/handcrafted-pera-crossbody-bag\/#primaryimage\"},\"thumbnailUrl\":\"https:\/\/secnaturfrankfurt.com\/wp-content\/uploads\/2023\/10\/1-2.jpg\",\"datePublished\":\"2023-10-02T04:13:54+00:00\",\"dateModified\":\"2024-09-30T10:17:29+00:00\",\"description\":\"The handcrafted Pera Crossbody Bag combines elegance and functionality with two compartments and detachable straps for versatile use.\",\"breadcrumb\":{\"@id\":\"https:\/\/secnaturfrankfurt.com\/shop\/bags\/belt-bag\/handcrafted-pera-crossbody-bag\/#breadcrumb\"},\"inLanguage\":\"tr\",\"potentialAction\":[{\"@type\":\"ReadAction\",\"target\":[\"https:\/\/secnaturfrankfurt.com\/shop\/bags\/belt-bag\/handcrafted-pera-crossbody-bag\/\"]}]},{\"@type\":\"ImageObject\",\"inLanguage\":\"tr\",\"@id\":\"https:\/\/secnaturfrankfurt.com\/shop\/bags\/belt-bag\/handcrafted-pera-crossbody-bag\/#primaryimage\",\"url\":\"https:\/\/secnaturfrankfurt.com\/wp-content\/uploads\/2023\/10\/1-2.jpg\",\"contentUrl\":\"https:\/\/secnaturfrankfurt.com\/wp-content\/uploads\/2023\/10\/1-2.jpg\",\"width\":1600,\"height\":2000,\"caption\":\"Dark Brown Pera Crossbody Bag\"},{\"@type\":\"BreadcrumbList\",\"@id\":\"https:\/\/secnaturfrankfurt.com\/shop\/bags\/belt-bag\/handcrafted-pera-crossbody-bag\/#breadcrumb\",\"itemListElement\":[{\"@type\":\"ListItem\",\"position\":1,\"name\":\"Home\",\"item\":\"https:\/\/secnaturfrankfurt.com\/\"},{\"@type\":\"ListItem\",\"position\":2,\"name\":\"Shop\",\"item\":\"https:\/\/secnaturfrankfurt.com\/shop\/\"},{\"@type\":\"ListItem\",\"position\":3,\"name\":\"Handcrafted Pera Crossbody Bag in Vegetable-Tanned Leather\"}]},{\"@type\":\"WebSite\",\"@id\":\"https:\/\/secnaturfrankfurt.com\/#website\",\"url\":\"https:\/\/secnaturfrankfurt.com\/\",\"name\":\"Secnatur Frankfurt\",\"description\":\"Discover Pure Nature Leather\",\"potentialAction\":[{\"@type\":\"SearchAction\",\"target\":{\"@type\":\"EntryPoint\",\"urlTemplate\":\"https:\/\/secnaturfrankfurt.com\/?s={search_term_string}\"},\"query-input\":\"required name=search_term_string\"}],\"inLanguage\":\"tr\"}]}<\/script>\n<!-- \/ Yoast SEO plugin. -->","yoast_head_json":{"title":"Handcrafted Pera Crossbody Bag \u2013 Elegance and Functionality","description":"The handcrafted Pera Crossbody Bag combines elegance and functionality with two compartments and detachable straps for versatile use.","robots":{"index":"index","follow":"follow","max-snippet":"max-snippet:-1","max-image-preview":"max-image-preview:large","max-video-preview":"max-video-preview:-1"},"canonical":"https:\/\/secnaturfrankfurt.com\/tr\/shop\/bags\/belt-bag\/handcrafted-pera-crossbody-bag\/","og_locale":"tr_TR","og_type":"article","og_title":"Handcrafted Pera Crossbody Bag \u2013 Elegance and Functionality","og_description":"The handcrafted Pera Crossbody Bag combines elegance and functionality with two compartments and detachable straps for versatile use.","og_url":"https:\/\/secnaturfrankfurt.com\/tr\/shop\/bags\/belt-bag\/handcrafted-pera-crossbody-bag\/","og_site_name":"Secnatur Frankfurt","article_modified_time":"2024-09-30T10:17:29+00:00","og_image":[{"width":1600,"height":2000,"url":"https:\/\/secnaturfrankfurt.com\/wp-content\/uploads\/2023\/10\/1-2.jpg","type":"image\/jpeg"}],"twitter_card":"summary_large_image","twitter_misc":{"Tahmini okuma s\u00fcresi":"2 dakika"},"schema":{"@context":"https:\/\/schema.org","@graph":[{"@type":"WebPage","@id":"https:\/\/secnaturfrankfurt.com\/shop\/bags\/belt-bag\/handcrafted-pera-crossbody-bag\/","url":"https:\/\/secnaturfrankfurt.com\/shop\/bags\/belt-bag\/handcrafted-pera-crossbody-bag\/","name":"Handcrafted Pera Crossbody Bag \u2013 Elegance and Functionality","isPartOf":{"@id":"https:\/\/secnaturfrankfurt.com\/#website"},"primaryImageOfPage":{"@id":"https:\/\/secnaturfrankfurt.com\/shop\/bags\/belt-bag\/handcrafted-pera-crossbody-bag\/#primaryimage"},"image":{"@id":"https:\/\/secnaturfrankfurt.com\/shop\/bags\/belt-bag\/handcrafted-pera-crossbody-bag\/#primaryimage"},"thumbnailUrl":"https:\/\/secnaturfrankfurt.com\/wp-content\/uploads\/2023\/10\/1-2.jpg","datePublished":"2023-10-02T04:13:54+00:00","dateModified":"2024-09-30T10:17:29+00:00","description":"The handcrafted Pera Crossbody Bag combines elegance and functionality with two compartments and detachable straps for versatile use.","breadcrumb":{"@id":"https:\/\/secnaturfrankfurt.com\/shop\/bags\/belt-bag\/handcrafted-pera-crossbody-bag\/#breadcrumb"},"inLanguage":"tr","potentialAction":[{"@type":"ReadAction","target":["https:\/\/secnaturfrankfurt.com\/shop\/bags\/belt-bag\/handcrafted-pera-crossbody-bag\/"]}]},{"@type":"ImageObject","inLanguage":"tr","@id":"https:\/\/secnaturfrankfurt.com\/shop\/bags\/belt-bag\/handcrafted-pera-crossbody-bag\/#primaryimage","url":"https:\/\/secnaturfrankfurt.com\/wp-content\/uploads\/2023\/10\/1-2.jpg","contentUrl":"https:\/\/secnaturfrankfurt.com\/wp-content\/uploads\/2023\/10\/1-2.jpg","width":1600,"height":2000,"caption":"Dark Brown Pera Crossbody Bag"},{"@type":"BreadcrumbList","@id":"https:\/\/secnaturfrankfurt.com\/shop\/bags\/belt-bag\/handcrafted-pera-crossbody-bag\/#breadcrumb","itemListElement":[{"@type":"ListItem","position":1,"name":"Home","item":"https:\/\/secnaturfrankfurt.com\/"},{"@type":"ListItem","position":2,"name":"Shop","item":"https:\/\/secnaturfrankfurt.com\/shop\/"},{"@type":"ListItem","position":3,"name":"Handcrafted Pera Crossbody Bag in Vegetable-Tanned Leather"}]},{"@type":"WebSite","@id":"https:\/\/secnaturfrankfurt.com\/#website","url":"https:\/\/secnaturfrankfurt.com\/","name":"Secnatur Frankfurt","description":"Discover Pure Nature Leather","potentialAction":[{"@type":"SearchAction","target":{"@type":"EntryPoint","urlTemplate":"https:\/\/secnaturfrankfurt.com\/?s={search_term_string}"},"query-input":"required name=search_term_string"}],"inLanguage":"tr"}]}},"jetpack_sharing_enabled":true,"_links":{"self":[{"href":"https:\/\/secnaturfrankfurt.com\/tr\/wp-json\/wp\/v2\/product\/9890","targetHints":{"allow":["GET"]}}],"collection":[{"href":"https:\/\/secnaturfrankfurt.com\/tr\/wp-json\/wp\/v2\/product"}],"about":[{"href":"https:\/\/secnaturfrankfurt.com\/tr\/wp-json\/wp\/v2\/types\/product"}],"replies":[{"embeddable":true,"href":"https:\/\/secnaturfrankfurt.com\/tr\/wp-json\/wp\/v2\/comments?post=9890"}],"wp:featuredmedia":[{"embeddable":true,"href":"https:\/\/secnaturfrankfurt.com\/tr\/wp-json\/wp\/v2\/media\/9894"}],"wp:attachment":[{"href":"https:\/\/secnaturfrankfurt.com\/tr\/wp-json\/wp\/v2\/media?parent=9890"}],"wp:term":[{"taxonomy":"product_cat","embeddable":true,"href":"https:\/\/secnaturfrankfurt.com\/tr\/wp-json\/wp\/v2\/product_cat?post=9890"},{"taxonomy":"product_tag","embeddable":true,"href":"https:\/\/secnaturfrankfurt.com\/tr\/wp-json\/wp\/v2\/product_tag?post=9890"}],"curies":[{"name":"wp","href":"https:\/\/api.w.org\/{rel}","templated":true}]}}