{"id":9636,"date":"2023-09-05T07:03:54","date_gmt":"2023-09-05T07:03:54","guid":{"rendered":"https:\/\/secnaturfrankfurt.com\/?post_type=product&#038;p=9636"},"modified":"2025-10-07T17:49:59","modified_gmt":"2025-10-07T15:49:59","slug":"handcrafted-leather-backpack-durable-stylish-functional","status":"publish","type":"product","link":"https:\/\/secnaturfrankfurt.com\/tr\/shop\/bags\/backpack\/handcrafted-leather-backpack-durable-stylish-functional\/","title":{"rendered":"Koyu Kahverengi Sebze Tabaklanm\u0131\u015f Deri S\u0131rt \u00c7antas\u0131 - \u0130\u015f ve Bo\u015f Zaman \u0130\u00e7in \u0130deal"},"content":{"rendered":"<p>Sebze tabakl\u0131 dana derisinden yap\u0131lm\u0131\u015f el yap\u0131m\u0131 bir s\u0131rt \u00e7antas\u0131n\u0131n g\u00fczelli\u011fini deneyimleyin. Stil, i\u015flevsellik ve dayan\u0131kl\u0131l\u0131\u011f\u0131 bir araya getiren bu deri s\u0131rt \u00e7antas\u0131, i\u00e7 k\u0131sm\u0131nda fermuarl\u0131 bir b\u00f6lme ve ek g\u00fcvenlik i\u00e7in \u00f6n klapa \u00fczerinde iki manyetik \u00e7\u0131t\u00e7\u0131t kapama \u00f6zelli\u011fine sahiptir. Ayr\u0131ca, ekstra depolama alan\u0131 i\u00e7in manyetik kapamalar\u0131 olan bir \u00f6n cep bulunmaktad\u0131r. Arka tarafta, \u00f6nemli e\u015fyalara h\u0131zl\u0131 eri\u015fim i\u00e7in m\u00fckemmel olan ba\u015fka bir fermuarl\u0131 cep yer almaktad\u0131r. Ayarlanabilir ask\u0131lar, bu deri s\u0131rt \u00e7antas\u0131n\u0131 i\u015f, bo\u015f zaman veya y\u00fcr\u00fcy\u00fc\u015f i\u00e7in ideal bir se\u00e7im yapar. Bir su \u015fi\u015fesi, \u00f6\u011fle yeme\u011fi kutusu ve A4 not defteri i\u00e7in yeterli alan sunar. \u00dcr\u00fcnlerimizden her biri benzersiz bir par\u00e7ad\u0131r, \u00e7\u00fcnk\u00fc iki deri par\u00e7as\u0131 ayn\u0131 de\u011fildir. El yap\u0131m\u0131 s\u0131rt \u00e7antalar\u0131m\u0131z, b\u00fcy\u00fck bir \u00f6zenle detaylara dikkat edilerek yap\u0131lmaktad\u0131r. \u0130ste\u011fe ba\u011fl\u0131 olarak, deri s\u0131rt \u00e7antan\u0131za ki\u015fisel bir dokunu\u015f katmak i\u00e7in ba\u015f harfler, isimler veya bir logo kaz\u0131yabiliriz.<\/p>","protected":false},"excerpt":{"rendered":"<p>Sebze tabaklanm\u0131\u015f dana derisinden yap\u0131lm\u0131\u015f el yap\u0131m\u0131 deri s\u0131rt \u00e7antas\u0131, ayarlanabilir ask\u0131lar, \u00e7oklu cepler ve m\u0131knat\u0131sl\u0131 kapaklarla tasarlanm\u0131\u015ft\u0131r. \u0130\u015f, bo\u015f zaman veya y\u00fcr\u00fcy\u00fc\u015f i\u00e7in m\u00fckemmel bir se\u00e7im. Ba\u015f harfler, isimler veya logolar ile ki\u015fiselle\u015ftirilebilir<\/p>","protected":false},"featured_media":9734,"comment_status":"open","ping_status":"closed","template":"","meta":[],"product_cat":[21,69,71],"product_tag":[],"class_list":{"0":"post-9636","1":"product","2":"type-product","3":"status-publish","4":"has-post-thumbnail","6":"product_cat-all-products","7":"product_cat-bags","8":"product_cat-backpack","9":"tm-has-styled-variations","10":"tm-has-options","12":"first","13":"instock","14":"shipping-taxable","15":"purchasable","16":"product-type-simple"},"yoast_head":"<!-- This site is optimized with the Yoast SEO plugin v23.3 - https:\/\/yoast.com\/wordpress\/plugins\/seo\/ -->\n<title>Handcrafted Leather Backpack - Durable, Stylish, and Functional<\/title>\n<meta name=\"description\" content=\"Explore our handcrafted leather backpack made from vegetable-tanned cowhide. With adjustable straps, multiple pockets, and custom engraving\" \/>\n<meta name=\"robots\" content=\"index, follow, max-snippet:-1, max-image-preview:large, max-video-preview:-1\" \/>\n<link rel=\"canonical\" href=\"https:\/\/secnaturfrankfurt.com\/tr\/shop\/bags\/backpack\/handcrafted-leather-backpack-durable-stylish-functional\/\" \/>\n<meta property=\"og:locale\" content=\"tr_TR\" \/>\n<meta property=\"og:type\" content=\"article\" \/>\n<meta property=\"og:title\" content=\"Handcrafted Leather Backpack - Durable, Stylish, and Functional\" \/>\n<meta property=\"og:description\" content=\"Explore our handcrafted leather backpack made from vegetable-tanned cowhide. With adjustable straps, multiple pockets, and custom engraving\" \/>\n<meta property=\"og:url\" content=\"https:\/\/secnaturfrankfurt.com\/tr\/shop\/bags\/backpack\/handcrafted-leather-backpack-durable-stylish-functional\/\" \/>\n<meta property=\"og:site_name\" content=\"Secnatur Frankfurt\" \/>\n<meta property=\"article:modified_time\" content=\"2025-10-07T15:49:59+00:00\" \/>\n<meta property=\"og:image\" content=\"https:\/\/secnaturfrankfurt.com\/wp-content\/uploads\/2023\/09\/Backpack-dark-1.jpg\" \/>\n\t<meta property=\"og:image:width\" content=\"1600\" \/>\n\t<meta property=\"og:image:height\" content=\"2000\" \/>\n\t<meta property=\"og:image:type\" content=\"image\/jpeg\" \/>\n<meta name=\"twitter:card\" content=\"summary_large_image\" \/>\n<meta name=\"twitter:label1\" content=\"Tahmini okuma s\u00fcresi\" \/>\n\t<meta name=\"twitter:data1\" content=\"1 dakika\" \/>\n<script type=\"application\/ld+json\" class=\"yoast-schema-graph\">{\"@context\":\"https:\/\/schema.org\",\"@graph\":[{\"@type\":\"WebPage\",\"@id\":\"https:\/\/secnaturfrankfurt.com\/shop\/bags\/backpack\/handcrafted-leather-backpack-durable-stylish-functional\/\",\"url\":\"https:\/\/secnaturfrankfurt.com\/shop\/bags\/backpack\/handcrafted-leather-backpack-durable-stylish-functional\/\",\"name\":\"Handcrafted Leather Backpack - Durable, Stylish, and Functional\",\"isPartOf\":{\"@id\":\"https:\/\/secnaturfrankfurt.com\/#website\"},\"primaryImageOfPage\":{\"@id\":\"https:\/\/secnaturfrankfurt.com\/shop\/bags\/backpack\/handcrafted-leather-backpack-durable-stylish-functional\/#primaryimage\"},\"image\":{\"@id\":\"https:\/\/secnaturfrankfurt.com\/shop\/bags\/backpack\/handcrafted-leather-backpack-durable-stylish-functional\/#primaryimage\"},\"thumbnailUrl\":\"https:\/\/secnaturfrankfurt.com\/wp-content\/uploads\/2023\/09\/Backpack-dark-1.jpg\",\"datePublished\":\"2023-09-05T07:03:54+00:00\",\"dateModified\":\"2025-10-07T15:49:59+00:00\",\"description\":\"Explore our handcrafted leather backpack made from vegetable-tanned cowhide. With adjustable straps, multiple pockets, and custom engraving\",\"breadcrumb\":{\"@id\":\"https:\/\/secnaturfrankfurt.com\/shop\/bags\/backpack\/handcrafted-leather-backpack-durable-stylish-functional\/#breadcrumb\"},\"inLanguage\":\"tr\",\"potentialAction\":[{\"@type\":\"ReadAction\",\"target\":[\"https:\/\/secnaturfrankfurt.com\/shop\/bags\/backpack\/handcrafted-leather-backpack-durable-stylish-functional\/\"]}]},{\"@type\":\"ImageObject\",\"inLanguage\":\"tr\",\"@id\":\"https:\/\/secnaturfrankfurt.com\/shop\/bags\/backpack\/handcrafted-leather-backpack-durable-stylish-functional\/#primaryimage\",\"url\":\"https:\/\/secnaturfrankfurt.com\/wp-content\/uploads\/2023\/09\/Backpack-dark-1.jpg\",\"contentUrl\":\"https:\/\/secnaturfrankfurt.com\/wp-content\/uploads\/2023\/09\/Backpack-dark-1.jpg\",\"width\":1600,\"height\":2000},{\"@type\":\"BreadcrumbList\",\"@id\":\"https:\/\/secnaturfrankfurt.com\/shop\/bags\/backpack\/handcrafted-leather-backpack-durable-stylish-functional\/#breadcrumb\",\"itemListElement\":[{\"@type\":\"ListItem\",\"position\":1,\"name\":\"Home\",\"item\":\"https:\/\/secnaturfrankfurt.com\/\"},{\"@type\":\"ListItem\",\"position\":2,\"name\":\"Shop\",\"item\":\"https:\/\/secnaturfrankfurt.com\/shop\/\"},{\"@type\":\"ListItem\",\"position\":3,\"name\":\"Dark Brown Vegetable-Tanned Leather Backpack &#8211; Ideal for Work and Leisure\"}]},{\"@type\":\"WebSite\",\"@id\":\"https:\/\/secnaturfrankfurt.com\/#website\",\"url\":\"https:\/\/secnaturfrankfurt.com\/\",\"name\":\"Secnatur Frankfurt\",\"description\":\"Discover Pure Nature Leather\",\"potentialAction\":[{\"@type\":\"SearchAction\",\"target\":{\"@type\":\"EntryPoint\",\"urlTemplate\":\"https:\/\/secnaturfrankfurt.com\/?s={search_term_string}\"},\"query-input\":\"required name=search_term_string\"}],\"inLanguage\":\"tr\"}]}<\/script>\n<!-- \/ Yoast SEO plugin. -->","yoast_head_json":{"title":"Handcrafted Leather Backpack - Durable, Stylish, and Functional","description":"Explore our handcrafted leather backpack made from vegetable-tanned cowhide. With adjustable straps, multiple pockets, and custom engraving","robots":{"index":"index","follow":"follow","max-snippet":"max-snippet:-1","max-image-preview":"max-image-preview:large","max-video-preview":"max-video-preview:-1"},"canonical":"https:\/\/secnaturfrankfurt.com\/tr\/shop\/bags\/backpack\/handcrafted-leather-backpack-durable-stylish-functional\/","og_locale":"tr_TR","og_type":"article","og_title":"Handcrafted Leather Backpack - Durable, Stylish, and Functional","og_description":"Explore our handcrafted leather backpack made from vegetable-tanned cowhide. With adjustable straps, multiple pockets, and custom engraving","og_url":"https:\/\/secnaturfrankfurt.com\/tr\/shop\/bags\/backpack\/handcrafted-leather-backpack-durable-stylish-functional\/","og_site_name":"Secnatur Frankfurt","article_modified_time":"2025-10-07T15:49:59+00:00","og_image":[{"width":1600,"height":2000,"url":"https:\/\/secnaturfrankfurt.com\/wp-content\/uploads\/2023\/09\/Backpack-dark-1.jpg","type":"image\/jpeg"}],"twitter_card":"summary_large_image","twitter_misc":{"Tahmini okuma s\u00fcresi":"1 dakika"},"schema":{"@context":"https:\/\/schema.org","@graph":[{"@type":"WebPage","@id":"https:\/\/secnaturfrankfurt.com\/shop\/bags\/backpack\/handcrafted-leather-backpack-durable-stylish-functional\/","url":"https:\/\/secnaturfrankfurt.com\/shop\/bags\/backpack\/handcrafted-leather-backpack-durable-stylish-functional\/","name":"Handcrafted Leather Backpack - Durable, Stylish, and Functional","isPartOf":{"@id":"https:\/\/secnaturfrankfurt.com\/#website"},"primaryImageOfPage":{"@id":"https:\/\/secnaturfrankfurt.com\/shop\/bags\/backpack\/handcrafted-leather-backpack-durable-stylish-functional\/#primaryimage"},"image":{"@id":"https:\/\/secnaturfrankfurt.com\/shop\/bags\/backpack\/handcrafted-leather-backpack-durable-stylish-functional\/#primaryimage"},"thumbnailUrl":"https:\/\/secnaturfrankfurt.com\/wp-content\/uploads\/2023\/09\/Backpack-dark-1.jpg","datePublished":"2023-09-05T07:03:54+00:00","dateModified":"2025-10-07T15:49:59+00:00","description":"Explore our handcrafted leather backpack made from vegetable-tanned cowhide. With adjustable straps, multiple pockets, and custom engraving","breadcrumb":{"@id":"https:\/\/secnaturfrankfurt.com\/shop\/bags\/backpack\/handcrafted-leather-backpack-durable-stylish-functional\/#breadcrumb"},"inLanguage":"tr","potentialAction":[{"@type":"ReadAction","target":["https:\/\/secnaturfrankfurt.com\/shop\/bags\/backpack\/handcrafted-leather-backpack-durable-stylish-functional\/"]}]},{"@type":"ImageObject","inLanguage":"tr","@id":"https:\/\/secnaturfrankfurt.com\/shop\/bags\/backpack\/handcrafted-leather-backpack-durable-stylish-functional\/#primaryimage","url":"https:\/\/secnaturfrankfurt.com\/wp-content\/uploads\/2023\/09\/Backpack-dark-1.jpg","contentUrl":"https:\/\/secnaturfrankfurt.com\/wp-content\/uploads\/2023\/09\/Backpack-dark-1.jpg","width":1600,"height":2000},{"@type":"BreadcrumbList","@id":"https:\/\/secnaturfrankfurt.com\/shop\/bags\/backpack\/handcrafted-leather-backpack-durable-stylish-functional\/#breadcrumb","itemListElement":[{"@type":"ListItem","position":1,"name":"Home","item":"https:\/\/secnaturfrankfurt.com\/"},{"@type":"ListItem","position":2,"name":"Shop","item":"https:\/\/secnaturfrankfurt.com\/shop\/"},{"@type":"ListItem","position":3,"name":"Dark Brown Vegetable-Tanned Leather Backpack &#8211; Ideal for Work and Leisure"}]},{"@type":"WebSite","@id":"https:\/\/secnaturfrankfurt.com\/#website","url":"https:\/\/secnaturfrankfurt.com\/","name":"Secnatur Frankfurt","description":"Discover Pure Nature Leather","potentialAction":[{"@type":"SearchAction","target":{"@type":"EntryPoint","urlTemplate":"https:\/\/secnaturfrankfurt.com\/?s={search_term_string}"},"query-input":"required name=search_term_string"}],"inLanguage":"tr"}]}},"jetpack_sharing_enabled":true,"_links":{"self":[{"href":"https:\/\/secnaturfrankfurt.com\/tr\/wp-json\/wp\/v2\/product\/9636","targetHints":{"allow":["GET"]}}],"collection":[{"href":"https:\/\/secnaturfrankfurt.com\/tr\/wp-json\/wp\/v2\/product"}],"about":[{"href":"https:\/\/secnaturfrankfurt.com\/tr\/wp-json\/wp\/v2\/types\/product"}],"replies":[{"embeddable":true,"href":"https:\/\/secnaturfrankfurt.com\/tr\/wp-json\/wp\/v2\/comments?post=9636"}],"wp:featuredmedia":[{"embeddable":true,"href":"https:\/\/secnaturfrankfurt.com\/tr\/wp-json\/wp\/v2\/media\/9734"}],"wp:attachment":[{"href":"https:\/\/secnaturfrankfurt.com\/tr\/wp-json\/wp\/v2\/media?parent=9636"}],"wp:term":[{"taxonomy":"product_cat","embeddable":true,"href":"https:\/\/secnaturfrankfurt.com\/tr\/wp-json\/wp\/v2\/product_cat?post=9636"},{"taxonomy":"product_tag","embeddable":true,"href":"https:\/\/secnaturfrankfurt.com\/tr\/wp-json\/wp\/v2\/product_tag?post=9636"}],"curies":[{"name":"wp","href":"https:\/\/api.w.org\/{rel}","templated":true}]}}