{"id":9630,"date":"2023-09-05T06:41:32","date_gmt":"2023-09-05T06:41:32","guid":{"rendered":"https:\/\/secnaturfrankfurt.com\/?post_type=product&#038;p=9630"},"modified":"2026-04-08T23:53:03","modified_gmt":"2026-04-08T21:53:03","slug":"backpack-brown","status":"publish","type":"product","link":"https:\/\/secnaturfrankfurt.com\/tr\/shop\/bags\/backpack\/backpack-brown\/","title":{"rendered":"S\u0131rt \u00c7antas\u0131 - Kahve"},"content":{"rendered":"<p>Bu s\u0131rt \u00e7antas\u0131n\u0131n ask\u0131lar\u0131 ayarlanabilir, b\u00f6ylece herkes i\u00e7in rahat bir kullan\u0131m sa\u011flar. Hem i\u015f hem de bo\u015f zaman aktiviteleri i\u00e7in m\u00fckemmel bir aksesuard\u0131r. \u0130\u00e7ine bir su \u015fi\u015fesi, \u00f6\u011fle yeme\u011fi kutusu ve A4 boyutunda dosyalar s\u0131\u011far, b\u00f6ylece g\u00fcnl\u00fck ihtiya\u00e7lar\u0131n\u0131z\u0131 kolayca ta\u015f\u0131yabilirsiniz.\nHer bir \u00fcr\u00fcn, di\u011ferlerinden farkl\u0131d\u0131r ve ger\u00e7ek bir \u00f6zg\u00fcn par\u00e7ad\u0131r. El yap\u0131m\u0131 olan bu s\u0131rt \u00e7antalar\u0131, detaylara b\u00fcy\u00fck \u00f6zen g\u00f6sterilerek \u00fcretilir. Ayr\u0131ca, iste\u011fe ba\u011fl\u0131 olarak ba\u015f harf, isim veya \u00f6zel bir logo kaz\u0131ma i\u015flemi yapabiliriz, b\u00f6ylece \u00e7antan\u0131z\u0131 ki\u015fiselle\u015ftirebilirsiniz. Kaliteli malzemelerle \u00fcretilmi\u015f olan bu s\u0131rt \u00e7antas\u0131, hem \u015f\u0131kl\u0131\u011f\u0131 hem de fonksiyonelli\u011fi bir arada sunar.<\/p>","protected":false},"excerpt":{"rendered":"<p>Experience the beauty of a handmade backpack crafted from vegetable-tanned cowhide leather. This backpack features an interior zippered compartment and<\/p>","protected":false},"featured_media":9737,"comment_status":"open","ping_status":"closed","template":"","meta":[],"product_cat":[21,69,71],"product_tag":[],"class_list":{"0":"post-9630","1":"product","2":"type-product","3":"status-publish","4":"has-post-thumbnail","6":"product_cat-all-products","7":"product_cat-bags","8":"product_cat-backpack","9":"tm-has-styled-variations","10":"tm-has-options","12":"first","13":"instock","14":"shipping-taxable","15":"purchasable","16":"product-type-simple"},"yoast_head":"<!-- This site is optimized with the Yoast SEO plugin v23.3 - https:\/\/yoast.com\/wordpress\/plugins\/seo\/ -->\n<title>Backpack - Brown - Secnatur Frankfurt<\/title>\n<meta name=\"description\" content=\"Handmade brown backpack crafted from vegetable-tanned cowhide leather. It has an interior zippered compartment and a front flap secured. Click to buy\" \/>\n<meta name=\"robots\" content=\"index, follow, max-snippet:-1, max-image-preview:large, max-video-preview:-1\" \/>\n<link rel=\"canonical\" href=\"https:\/\/secnaturfrankfurt.com\/tr\/shop\/bags\/backpack\/backpack-brown\/\" \/>\n<meta property=\"og:locale\" content=\"tr_TR\" \/>\n<meta property=\"og:type\" content=\"article\" \/>\n<meta property=\"og:title\" content=\"Backpack - Brown - Secnatur Frankfurt\" \/>\n<meta property=\"og:description\" content=\"Handmade brown backpack crafted from vegetable-tanned cowhide leather. It has an interior zippered compartment and a front flap secured. Click to buy\" \/>\n<meta property=\"og:url\" content=\"https:\/\/secnaturfrankfurt.com\/tr\/shop\/bags\/backpack\/backpack-brown\/\" \/>\n<meta property=\"og:site_name\" content=\"Secnatur Frankfurt\" \/>\n<meta property=\"article:modified_time\" content=\"2026-04-08T21:53:03+00:00\" \/>\n<meta property=\"og:image\" content=\"https:\/\/secnaturfrankfurt.com\/wp-content\/uploads\/2023\/09\/Backpack1.jpg\" \/>\n\t<meta property=\"og:image:width\" content=\"1600\" \/>\n\t<meta property=\"og:image:height\" content=\"2000\" \/>\n\t<meta property=\"og:image:type\" content=\"image\/jpeg\" \/>\n<meta name=\"twitter:card\" content=\"summary_large_image\" \/>\n<meta name=\"twitter:label1\" content=\"Tahmini okuma s\u00fcresi\" \/>\n\t<meta name=\"twitter:data1\" content=\"1 dakika\" \/>\n<script type=\"application\/ld+json\" class=\"yoast-schema-graph\">{\"@context\":\"https:\/\/schema.org\",\"@graph\":[{\"@type\":\"WebPage\",\"@id\":\"https:\/\/secnaturfrankfurt.com\/shop\/bags\/backpack\/backpack-brown\/\",\"url\":\"https:\/\/secnaturfrankfurt.com\/shop\/bags\/backpack\/backpack-brown\/\",\"name\":\"Backpack - Brown - Secnatur Frankfurt\",\"isPartOf\":{\"@id\":\"https:\/\/secnaturfrankfurt.com\/#website\"},\"primaryImageOfPage\":{\"@id\":\"https:\/\/secnaturfrankfurt.com\/shop\/bags\/backpack\/backpack-brown\/#primaryimage\"},\"image\":{\"@id\":\"https:\/\/secnaturfrankfurt.com\/shop\/bags\/backpack\/backpack-brown\/#primaryimage\"},\"thumbnailUrl\":\"https:\/\/secnaturfrankfurt.com\/wp-content\/uploads\/2023\/09\/Backpack1.jpg\",\"datePublished\":\"2023-09-05T06:41:32+00:00\",\"dateModified\":\"2026-04-08T21:53:03+00:00\",\"description\":\"Handmade brown backpack crafted from vegetable-tanned cowhide leather. It has an interior zippered compartment and a front flap secured. Click to buy\",\"breadcrumb\":{\"@id\":\"https:\/\/secnaturfrankfurt.com\/shop\/bags\/backpack\/backpack-brown\/#breadcrumb\"},\"inLanguage\":\"tr\",\"potentialAction\":[{\"@type\":\"ReadAction\",\"target\":[\"https:\/\/secnaturfrankfurt.com\/shop\/bags\/backpack\/backpack-brown\/\"]}]},{\"@type\":\"ImageObject\",\"inLanguage\":\"tr\",\"@id\":\"https:\/\/secnaturfrankfurt.com\/shop\/bags\/backpack\/backpack-brown\/#primaryimage\",\"url\":\"https:\/\/secnaturfrankfurt.com\/wp-content\/uploads\/2023\/09\/Backpack1.jpg\",\"contentUrl\":\"https:\/\/secnaturfrankfurt.com\/wp-content\/uploads\/2023\/09\/Backpack1.jpg\",\"width\":1600,\"height\":2000},{\"@type\":\"BreadcrumbList\",\"@id\":\"https:\/\/secnaturfrankfurt.com\/shop\/bags\/backpack\/backpack-brown\/#breadcrumb\",\"itemListElement\":[{\"@type\":\"ListItem\",\"position\":1,\"name\":\"Home\",\"item\":\"https:\/\/secnaturfrankfurt.com\/\"},{\"@type\":\"ListItem\",\"position\":2,\"name\":\"Shop\",\"item\":\"https:\/\/secnaturfrankfurt.com\/shop\/\"},{\"@type\":\"ListItem\",\"position\":3,\"name\":\"Backpack &#8211; Brown\"}]},{\"@type\":\"WebSite\",\"@id\":\"https:\/\/secnaturfrankfurt.com\/#website\",\"url\":\"https:\/\/secnaturfrankfurt.com\/\",\"name\":\"Secnatur Frankfurt\",\"description\":\"Discover Pure Nature Leather\",\"potentialAction\":[{\"@type\":\"SearchAction\",\"target\":{\"@type\":\"EntryPoint\",\"urlTemplate\":\"https:\/\/secnaturfrankfurt.com\/?s={search_term_string}\"},\"query-input\":\"required name=search_term_string\"}],\"inLanguage\":\"tr\"}]}<\/script>\n<!-- \/ Yoast SEO plugin. -->","yoast_head_json":{"title":"Backpack - Brown - Secnatur Frankfurt","description":"Handmade brown backpack crafted from vegetable-tanned cowhide leather. It has an interior zippered compartment and a front flap secured. Click to buy","robots":{"index":"index","follow":"follow","max-snippet":"max-snippet:-1","max-image-preview":"max-image-preview:large","max-video-preview":"max-video-preview:-1"},"canonical":"https:\/\/secnaturfrankfurt.com\/tr\/shop\/bags\/backpack\/backpack-brown\/","og_locale":"tr_TR","og_type":"article","og_title":"Backpack - Brown - Secnatur Frankfurt","og_description":"Handmade brown backpack crafted from vegetable-tanned cowhide leather. It has an interior zippered compartment and a front flap secured. Click to buy","og_url":"https:\/\/secnaturfrankfurt.com\/tr\/shop\/bags\/backpack\/backpack-brown\/","og_site_name":"Secnatur Frankfurt","article_modified_time":"2026-04-08T21:53:03+00:00","og_image":[{"width":1600,"height":2000,"url":"https:\/\/secnaturfrankfurt.com\/wp-content\/uploads\/2023\/09\/Backpack1.jpg","type":"image\/jpeg"}],"twitter_card":"summary_large_image","twitter_misc":{"Tahmini okuma s\u00fcresi":"1 dakika"},"schema":{"@context":"https:\/\/schema.org","@graph":[{"@type":"WebPage","@id":"https:\/\/secnaturfrankfurt.com\/shop\/bags\/backpack\/backpack-brown\/","url":"https:\/\/secnaturfrankfurt.com\/shop\/bags\/backpack\/backpack-brown\/","name":"Backpack - Brown - Secnatur Frankfurt","isPartOf":{"@id":"https:\/\/secnaturfrankfurt.com\/#website"},"primaryImageOfPage":{"@id":"https:\/\/secnaturfrankfurt.com\/shop\/bags\/backpack\/backpack-brown\/#primaryimage"},"image":{"@id":"https:\/\/secnaturfrankfurt.com\/shop\/bags\/backpack\/backpack-brown\/#primaryimage"},"thumbnailUrl":"https:\/\/secnaturfrankfurt.com\/wp-content\/uploads\/2023\/09\/Backpack1.jpg","datePublished":"2023-09-05T06:41:32+00:00","dateModified":"2026-04-08T21:53:03+00:00","description":"Handmade brown backpack crafted from vegetable-tanned cowhide leather. It has an interior zippered compartment and a front flap secured. Click to buy","breadcrumb":{"@id":"https:\/\/secnaturfrankfurt.com\/shop\/bags\/backpack\/backpack-brown\/#breadcrumb"},"inLanguage":"tr","potentialAction":[{"@type":"ReadAction","target":["https:\/\/secnaturfrankfurt.com\/shop\/bags\/backpack\/backpack-brown\/"]}]},{"@type":"ImageObject","inLanguage":"tr","@id":"https:\/\/secnaturfrankfurt.com\/shop\/bags\/backpack\/backpack-brown\/#primaryimage","url":"https:\/\/secnaturfrankfurt.com\/wp-content\/uploads\/2023\/09\/Backpack1.jpg","contentUrl":"https:\/\/secnaturfrankfurt.com\/wp-content\/uploads\/2023\/09\/Backpack1.jpg","width":1600,"height":2000},{"@type":"BreadcrumbList","@id":"https:\/\/secnaturfrankfurt.com\/shop\/bags\/backpack\/backpack-brown\/#breadcrumb","itemListElement":[{"@type":"ListItem","position":1,"name":"Home","item":"https:\/\/secnaturfrankfurt.com\/"},{"@type":"ListItem","position":2,"name":"Shop","item":"https:\/\/secnaturfrankfurt.com\/shop\/"},{"@type":"ListItem","position":3,"name":"Backpack &#8211; Brown"}]},{"@type":"WebSite","@id":"https:\/\/secnaturfrankfurt.com\/#website","url":"https:\/\/secnaturfrankfurt.com\/","name":"Secnatur Frankfurt","description":"Discover Pure Nature Leather","potentialAction":[{"@type":"SearchAction","target":{"@type":"EntryPoint","urlTemplate":"https:\/\/secnaturfrankfurt.com\/?s={search_term_string}"},"query-input":"required name=search_term_string"}],"inLanguage":"tr"}]}},"jetpack_sharing_enabled":true,"_links":{"self":[{"href":"https:\/\/secnaturfrankfurt.com\/tr\/wp-json\/wp\/v2\/product\/9630","targetHints":{"allow":["GET"]}}],"collection":[{"href":"https:\/\/secnaturfrankfurt.com\/tr\/wp-json\/wp\/v2\/product"}],"about":[{"href":"https:\/\/secnaturfrankfurt.com\/tr\/wp-json\/wp\/v2\/types\/product"}],"replies":[{"embeddable":true,"href":"https:\/\/secnaturfrankfurt.com\/tr\/wp-json\/wp\/v2\/comments?post=9630"}],"wp:featuredmedia":[{"embeddable":true,"href":"https:\/\/secnaturfrankfurt.com\/tr\/wp-json\/wp\/v2\/media\/9737"}],"wp:attachment":[{"href":"https:\/\/secnaturfrankfurt.com\/tr\/wp-json\/wp\/v2\/media?parent=9630"}],"wp:term":[{"taxonomy":"product_cat","embeddable":true,"href":"https:\/\/secnaturfrankfurt.com\/tr\/wp-json\/wp\/v2\/product_cat?post=9630"},{"taxonomy":"product_tag","embeddable":true,"href":"https:\/\/secnaturfrankfurt.com\/tr\/wp-json\/wp\/v2\/product_tag?post=9630"}],"curies":[{"name":"wp","href":"https:\/\/api.w.org\/{rel}","templated":true}]}}