{"id":9594,"date":"2023-08-31T16:00:52","date_gmt":"2023-08-31T16:00:52","guid":{"rendered":"https:\/\/secnaturfrankfurt.com\/?post_type=product&#038;p=9594"},"modified":"2025-03-04T18:40:54","modified_gmt":"2025-03-04T16:40:54","slug":"grey-pera-crossbody-bag","status":"publish","type":"product","link":"https:\/\/secnaturfrankfurt.com\/tr\/shop\/bags\/belt-bag\/grey-pera-crossbody-bag\/","title":{"rendered":"Pera Bel \u00c7antas\u0131 - Gri"},"content":{"rendered":"<p>El yap\u0131m\u0131 gri Pera \u00e7apraz \u00e7anta, y\u00fcksek kaliteli, sebze tabakl\u0131 inek derisinden yap\u0131lm\u0131\u015ft\u0131r. Bu \u015f\u0131k \u00e7anta, ak\u0131ll\u0131 telefonunuzu, c\u00fczdan\u0131n\u0131z\u0131, dudak bak\u0131m \u00fcr\u00fcnlerinizi ve di\u011fer aksesuarlar\u0131n\u0131z\u0131 rahat\u00e7a saklayabilece\u011finiz iki geni\u015f fermuarl\u0131 b\u00f6lme \u00f6zelli\u011fine sahiptir. \u00c7antan\u0131n iki farkl\u0131 ask\u0131s\u0131 vard\u0131r \u2013 biri deriden di\u011feri pamuktan yap\u0131lm\u0131\u015ft\u0131r \u2013 her ikisi de \u00e7\u0131kar\u0131labilir. Bu, ekstra \u00f6zelle\u015ftirme se\u00e7enekleri sunar ve \u00e7antay\u0131 ki\u015fisel ihtiya\u00e7lar\u0131n\u0131za ve stil tercihlerinize m\u00fckemmel bir \u015fekilde uydurman\u0131z\u0131 sa\u011flar. \u00dcr\u00fcnlerimizin her biri benzersizdir, \u00e7\u00fcnk\u00fc her deri par\u00e7as\u0131n\u0131n kendine \u00f6zg\u00fc karakteristik \u00f6zellikleri vard\u0131r \u2013 b\u00f6ylece, en y\u00fcksek kalitede otantik bireysel \u00fcr\u00fcnler garanti ederiz.<\/p>","protected":false},"excerpt":{"rendered":"<p>Handcrafted grey Pera crossbody bag made from high-quality, vegetable-tanned cowhide leather. This elegant bag features two spacious zippered compartments that<\/p>","protected":false},"featured_media":9610,"comment_status":"open","ping_status":"closed","template":"","meta":[],"product_cat":[21,69,74],"product_tag":[],"class_list":{"0":"post-9594","1":"product","2":"type-product","3":"status-publish","4":"has-post-thumbnail","6":"product_cat-all-products","7":"product_cat-bags","8":"product_cat-belt-bag","9":"tm-has-options","11":"first","12":"instock","13":"shipping-taxable","14":"purchasable","15":"product-type-simple"},"yoast_head":"<!-- This site is optimized with the Yoast SEO plugin v23.3 - https:\/\/yoast.com\/wordpress\/plugins\/seo\/ -->\n<title>Grey Pera Crossbody Bag<\/title>\n<meta name=\"description\" content=\"Grey Pera Crossbody Bag is handcrafted and high-quality. The belly bag was made from vegetable-tanned cowhide leather. Click to buy\" \/>\n<meta name=\"robots\" content=\"index, follow, max-snippet:-1, max-image-preview:large, max-video-preview:-1\" \/>\n<link rel=\"canonical\" href=\"https:\/\/secnaturfrankfurt.com\/tr\/shop\/bags\/belt-bag\/grey-pera-crossbody-bag\/\" \/>\n<meta property=\"og:locale\" content=\"tr_TR\" \/>\n<meta property=\"og:type\" content=\"article\" \/>\n<meta property=\"og:title\" content=\"Grey Pera Crossbody Bag\" \/>\n<meta property=\"og:description\" content=\"Grey Pera Crossbody Bag is handcrafted and high-quality. The belly bag was made from vegetable-tanned cowhide leather. Click to buy\" \/>\n<meta property=\"og:url\" content=\"https:\/\/secnaturfrankfurt.com\/tr\/shop\/bags\/belt-bag\/grey-pera-crossbody-bag\/\" \/>\n<meta property=\"og:site_name\" content=\"Secnatur Frankfurt\" \/>\n<meta property=\"article:modified_time\" content=\"2025-03-04T16:40:54+00:00\" \/>\n<meta property=\"og:image\" content=\"https:\/\/secnaturfrankfurt.com\/wp-content\/uploads\/2023\/08\/F2-3.jpg\" \/>\n\t<meta property=\"og:image:width\" content=\"1600\" \/>\n\t<meta property=\"og:image:height\" content=\"2000\" \/>\n\t<meta property=\"og:image:type\" content=\"image\/jpeg\" \/>\n<meta name=\"twitter:card\" content=\"summary_large_image\" \/>\n<meta name=\"twitter:label1\" content=\"Tahmini okuma s\u00fcresi\" \/>\n\t<meta name=\"twitter:data1\" content=\"1 dakika\" \/>\n<script type=\"application\/ld+json\" class=\"yoast-schema-graph\">{\"@context\":\"https:\/\/schema.org\",\"@graph\":[{\"@type\":\"WebPage\",\"@id\":\"https:\/\/secnaturfrankfurt.com\/shop\/bags\/belt-bag\/grey-pera-crossbody-bag\/\",\"url\":\"https:\/\/secnaturfrankfurt.com\/shop\/bags\/belt-bag\/grey-pera-crossbody-bag\/\",\"name\":\"Grey Pera Crossbody Bag\",\"isPartOf\":{\"@id\":\"https:\/\/secnaturfrankfurt.com\/#website\"},\"primaryImageOfPage\":{\"@id\":\"https:\/\/secnaturfrankfurt.com\/shop\/bags\/belt-bag\/grey-pera-crossbody-bag\/#primaryimage\"},\"image\":{\"@id\":\"https:\/\/secnaturfrankfurt.com\/shop\/bags\/belt-bag\/grey-pera-crossbody-bag\/#primaryimage\"},\"thumbnailUrl\":\"https:\/\/secnaturfrankfurt.com\/wp-content\/uploads\/2023\/08\/F2-3.jpg\",\"datePublished\":\"2023-08-31T16:00:52+00:00\",\"dateModified\":\"2025-03-04T16:40:54+00:00\",\"description\":\"Grey Pera Crossbody Bag is handcrafted and high-quality. The belly bag was made from vegetable-tanned cowhide leather. Click to buy\",\"breadcrumb\":{\"@id\":\"https:\/\/secnaturfrankfurt.com\/shop\/bags\/belt-bag\/grey-pera-crossbody-bag\/#breadcrumb\"},\"inLanguage\":\"tr\",\"potentialAction\":[{\"@type\":\"ReadAction\",\"target\":[\"https:\/\/secnaturfrankfurt.com\/shop\/bags\/belt-bag\/grey-pera-crossbody-bag\/\"]}]},{\"@type\":\"ImageObject\",\"inLanguage\":\"tr\",\"@id\":\"https:\/\/secnaturfrankfurt.com\/shop\/bags\/belt-bag\/grey-pera-crossbody-bag\/#primaryimage\",\"url\":\"https:\/\/secnaturfrankfurt.com\/wp-content\/uploads\/2023\/08\/F2-3.jpg\",\"contentUrl\":\"https:\/\/secnaturfrankfurt.com\/wp-content\/uploads\/2023\/08\/F2-3.jpg\",\"width\":1600,\"height\":2000,\"caption\":\"Grey Pera Crossbody Bag\"},{\"@type\":\"BreadcrumbList\",\"@id\":\"https:\/\/secnaturfrankfurt.com\/shop\/bags\/belt-bag\/grey-pera-crossbody-bag\/#breadcrumb\",\"itemListElement\":[{\"@type\":\"ListItem\",\"position\":1,\"name\":\"Home\",\"item\":\"https:\/\/secnaturfrankfurt.com\/\"},{\"@type\":\"ListItem\",\"position\":2,\"name\":\"Shop\",\"item\":\"https:\/\/secnaturfrankfurt.com\/shop\/\"},{\"@type\":\"ListItem\",\"position\":3,\"name\":\"Pera Crossbody Bag &#8211; Grey\"}]},{\"@type\":\"WebSite\",\"@id\":\"https:\/\/secnaturfrankfurt.com\/#website\",\"url\":\"https:\/\/secnaturfrankfurt.com\/\",\"name\":\"Secnatur Frankfurt\",\"description\":\"Discover Pure Nature Leather\",\"potentialAction\":[{\"@type\":\"SearchAction\",\"target\":{\"@type\":\"EntryPoint\",\"urlTemplate\":\"https:\/\/secnaturfrankfurt.com\/?s={search_term_string}\"},\"query-input\":\"required name=search_term_string\"}],\"inLanguage\":\"tr\"}]}<\/script>\n<!-- \/ Yoast SEO plugin. -->","yoast_head_json":{"title":"Grey Pera Crossbody Bag","description":"Grey Pera Crossbody Bag is handcrafted and high-quality. The belly bag was made from vegetable-tanned cowhide leather. Click to buy","robots":{"index":"index","follow":"follow","max-snippet":"max-snippet:-1","max-image-preview":"max-image-preview:large","max-video-preview":"max-video-preview:-1"},"canonical":"https:\/\/secnaturfrankfurt.com\/tr\/shop\/bags\/belt-bag\/grey-pera-crossbody-bag\/","og_locale":"tr_TR","og_type":"article","og_title":"Grey Pera Crossbody Bag","og_description":"Grey Pera Crossbody Bag is handcrafted and high-quality. The belly bag was made from vegetable-tanned cowhide leather. Click to buy","og_url":"https:\/\/secnaturfrankfurt.com\/tr\/shop\/bags\/belt-bag\/grey-pera-crossbody-bag\/","og_site_name":"Secnatur Frankfurt","article_modified_time":"2025-03-04T16:40:54+00:00","og_image":[{"width":1600,"height":2000,"url":"https:\/\/secnaturfrankfurt.com\/wp-content\/uploads\/2023\/08\/F2-3.jpg","type":"image\/jpeg"}],"twitter_card":"summary_large_image","twitter_misc":{"Tahmini okuma s\u00fcresi":"1 dakika"},"schema":{"@context":"https:\/\/schema.org","@graph":[{"@type":"WebPage","@id":"https:\/\/secnaturfrankfurt.com\/shop\/bags\/belt-bag\/grey-pera-crossbody-bag\/","url":"https:\/\/secnaturfrankfurt.com\/shop\/bags\/belt-bag\/grey-pera-crossbody-bag\/","name":"Grey Pera Crossbody Bag","isPartOf":{"@id":"https:\/\/secnaturfrankfurt.com\/#website"},"primaryImageOfPage":{"@id":"https:\/\/secnaturfrankfurt.com\/shop\/bags\/belt-bag\/grey-pera-crossbody-bag\/#primaryimage"},"image":{"@id":"https:\/\/secnaturfrankfurt.com\/shop\/bags\/belt-bag\/grey-pera-crossbody-bag\/#primaryimage"},"thumbnailUrl":"https:\/\/secnaturfrankfurt.com\/wp-content\/uploads\/2023\/08\/F2-3.jpg","datePublished":"2023-08-31T16:00:52+00:00","dateModified":"2025-03-04T16:40:54+00:00","description":"Grey Pera Crossbody Bag is handcrafted and high-quality. The belly bag was made from vegetable-tanned cowhide leather. Click to buy","breadcrumb":{"@id":"https:\/\/secnaturfrankfurt.com\/shop\/bags\/belt-bag\/grey-pera-crossbody-bag\/#breadcrumb"},"inLanguage":"tr","potentialAction":[{"@type":"ReadAction","target":["https:\/\/secnaturfrankfurt.com\/shop\/bags\/belt-bag\/grey-pera-crossbody-bag\/"]}]},{"@type":"ImageObject","inLanguage":"tr","@id":"https:\/\/secnaturfrankfurt.com\/shop\/bags\/belt-bag\/grey-pera-crossbody-bag\/#primaryimage","url":"https:\/\/secnaturfrankfurt.com\/wp-content\/uploads\/2023\/08\/F2-3.jpg","contentUrl":"https:\/\/secnaturfrankfurt.com\/wp-content\/uploads\/2023\/08\/F2-3.jpg","width":1600,"height":2000,"caption":"Grey Pera Crossbody Bag"},{"@type":"BreadcrumbList","@id":"https:\/\/secnaturfrankfurt.com\/shop\/bags\/belt-bag\/grey-pera-crossbody-bag\/#breadcrumb","itemListElement":[{"@type":"ListItem","position":1,"name":"Home","item":"https:\/\/secnaturfrankfurt.com\/"},{"@type":"ListItem","position":2,"name":"Shop","item":"https:\/\/secnaturfrankfurt.com\/shop\/"},{"@type":"ListItem","position":3,"name":"Pera Crossbody Bag &#8211; Grey"}]},{"@type":"WebSite","@id":"https:\/\/secnaturfrankfurt.com\/#website","url":"https:\/\/secnaturfrankfurt.com\/","name":"Secnatur Frankfurt","description":"Discover Pure Nature Leather","potentialAction":[{"@type":"SearchAction","target":{"@type":"EntryPoint","urlTemplate":"https:\/\/secnaturfrankfurt.com\/?s={search_term_string}"},"query-input":"required name=search_term_string"}],"inLanguage":"tr"}]}},"jetpack_sharing_enabled":true,"_links":{"self":[{"href":"https:\/\/secnaturfrankfurt.com\/tr\/wp-json\/wp\/v2\/product\/9594","targetHints":{"allow":["GET"]}}],"collection":[{"href":"https:\/\/secnaturfrankfurt.com\/tr\/wp-json\/wp\/v2\/product"}],"about":[{"href":"https:\/\/secnaturfrankfurt.com\/tr\/wp-json\/wp\/v2\/types\/product"}],"replies":[{"embeddable":true,"href":"https:\/\/secnaturfrankfurt.com\/tr\/wp-json\/wp\/v2\/comments?post=9594"}],"wp:featuredmedia":[{"embeddable":true,"href":"https:\/\/secnaturfrankfurt.com\/tr\/wp-json\/wp\/v2\/media\/9610"}],"wp:attachment":[{"href":"https:\/\/secnaturfrankfurt.com\/tr\/wp-json\/wp\/v2\/media?parent=9594"}],"wp:term":[{"taxonomy":"product_cat","embeddable":true,"href":"https:\/\/secnaturfrankfurt.com\/tr\/wp-json\/wp\/v2\/product_cat?post=9594"},{"taxonomy":"product_tag","embeddable":true,"href":"https:\/\/secnaturfrankfurt.com\/tr\/wp-json\/wp\/v2\/product_tag?post=9594"}],"curies":[{"name":"wp","href":"https:\/\/api.w.org\/{rel}","templated":true}]}}