{"id":11743,"date":"2026-05-07T21:02:27","date_gmt":"2026-05-07T19:02:27","guid":{"rendered":"https:\/\/secnaturfrankfurt.com\/?post_type=product&#038;p=11743"},"modified":"2026-05-07T22:02:33","modified_gmt":"2026-05-07T20:02:33","slug":"jutella-sneaker-women","status":"publish","type":"product","link":"https:\/\/secnaturfrankfurt.com\/tr\/shop\/shoes\/unisex-shoes\/jutella-sneaker-women\/","title":{"rendered":"Jutella Sneaker"},"content":{"rendered":"<div class=\"relative basis-auto flex-col -mb-(--composer-overlap-px) pb-(--composer-overlap-px) [--composer-overlap-px:28px] grow flex\">\n<div class=\"flex flex-col text-sm\">\n<section class=\"text-token-text-primary w-full focus:outline-none [--shadow-height:45px] has-data-writing-block:pointer-events-none has-data-writing-block:-mt-(--shadow-height) has-data-writing-block:pt-(--shadow-height) [&amp;:has([data-writing-block])&gt;*]:pointer-events-auto [content-visibility:auto] supports-[content-visibility:auto]:[contain-intrinsic-size:auto_100lvh] R6Vx5W_threadScrollVars scroll-mb-[calc(var(--scroll-root-safe-area-inset-bottom,0px)+var(--thread-response-height))] scroll-mt-[calc(var(--header-height)+min(200px,max(70px,20svh)))]\" dir=\"auto\" data-turn-id=\"request-WEB:16c758c5-6adc-43cc-9d6b-fbf36cfd0258-4\" data-testid=\"conversation-turn-10\" data-scroll-anchor=\"false\" data-turn=\"assistant\">\n<div class=\"text-base my-auto mx-auto pb-10 [--thread-content-margin:var(--thread-content-margin-xs,calc(var(--spacing)*4))] @w-sm\/main:[--thread-content-margin:var(--thread-content-margin-sm,calc(var(--spacing)*6))] @w-lg\/main:[--thread-content-margin:var(--thread-content-margin-lg,calc(var(--spacing)*16))] px-(--thread-content-margin)\">\n<div class=\"[--thread-content-max-width:40rem] @w-lg\/main:[--thread-content-max-width:48rem] mx-auto max-w-(--thread-content-max-width) flex-1 group\/turn-messages focus-visible:outline-hidden relative flex w-full min-w-0 flex-col agent-turn\">\n<div class=\"flex max-w-full flex-col gap-4 grow\">\n<div class=\"min-h-8 text-message relative flex w-full flex-col items-end gap-2 text-start break-words whitespace-normal outline-none keyboard-focused:focus-ring [.text-message+&amp;]:mt-1\" dir=\"auto\" tabindex=\"0\" data-message-author-role=\"assistant\" data-message-id=\"a73203ed-b183-45fb-b714-6276938ad78c\" data-message-model-slug=\"gpt-5-5\" data-turn-start-message=\"true\">\n<div class=\"flex w-full flex-col gap-1 empty:hidden\">\n<div class=\"markdown prose dark:prose-invert wrap-break-word w-full light markdown-new-styling\">\n<h2 data-section-id=\"4hrjqa\" data-start=\"0\" data-end=\"56\">Jutella Sneaker ile Y\u00fcksek Stil ve Konforu Ke\u015ffedin<\/h2>\n<p data-start=\"58\" data-end=\"443\">Discover the perfect balance of contemporary design and everyday comfort with the Jutella Sneaker. Crafted from premium suede, natural jute-woven panels, and soft leather details, this modern sneaker brings a refined yet relaxed touch to your wardrobe. The textured sole and artisanal woven pattern create a unique aesthetic that blends sporty elegance with natural craftsmanship.<\/p>\n<h3 data-section-id=\"1v8rn9j\" data-start=\"445\" data-end=\"488\">Jutella Sneaker\u2019\u0131n \u00d6ne \u00c7\u0131kan \u00d6zellikleri:<\/h3>\n<p data-start=\"490\" data-end=\"647\"><strong data-start=\"490\" data-end=\"503\">Malzeme<\/strong><br data-start=\"503\" data-end=\"506\" \/>Uzun s\u00fcreli konfor ve dayan\u0131kl\u0131l\u0131k i\u00e7in y\u00fcksek kaliteli s\u00fcet, do\u011fal j\u00fct kuma\u015f, yumu\u015fak deri detaylar ve kaliteli deri i\u00e7 astardan \u00fcretilmi\u015ftir.<\/p>\n<p data-start=\"649\" data-end=\"800\"><strong data-start=\"649\" data-end=\"660\">Tasar\u0131m:<\/strong><br data-start=\"660\" data-end=\"663\" \/>Dokuma j\u00fct paneller, dikkat \u00e7ekici ba\u011fc\u0131klar ve zarif diki\u015f detaylar\u0131yla tamamlanan modern low-top tasar\u0131m, benzersiz bir premium g\u00f6r\u00fcn\u00fcm sunar.<\/p>\n<p data-start=\"802\" data-end=\"924\"><strong data-start=\"802\" data-end=\"814\">Konfor:<\/strong><br data-start=\"814\" data-end=\"817\" \/>Yast\u0131klamal\u0131 deri i\u00e7 taban\u0131 ve kaliteli deri i\u00e7 astar\u0131 sayesinde g\u00fcn boyu konforlu ve rahat bir kullan\u0131m sunar.<\/p>\n<p data-start=\"926\" data-end=\"1086\"><strong data-start=\"926\" data-end=\"942\">\u00c7ok Y\u00f6nl\u00fcl\u00fck<\/strong><br data-start=\"942\" data-end=\"945\" \/>S\u0131cak ve do\u011fal renk paleti, g\u00fcnl\u00fck denim kombinleriyle zahmetsizce uyum sa\u011flarken ayn\u0131 zamanda \u015f\u0131k g\u00fcnl\u00fck stiller i\u00e7in sofistike bir g\u00f6r\u00fcn\u00fcm sunar.<\/p>\n<p data-start=\"1088\" data-end=\"1208\"><strong data-start=\"1088\" data-end=\"1103\">Dayan\u0131kl\u0131l\u0131k:<\/strong><br data-start=\"1103\" data-end=\"1106\" \/>Yap\u0131land\u0131r\u0131lm\u0131\u015f taban ve sa\u011flam ba\u011fc\u0131k sistemi; denge, destek ve uzun s\u00fcreli kullan\u0131m konforu sa\u011flar.<\/p>\n<p data-start=\"1210\" data-end=\"1491\">\u0130ster \u015fehirde gezerken ister rahat bir hafta sonu kombini olu\u015ftururken, Jutella Sneaker modern tasar\u0131m\u0131 g\u00fcnl\u00fck i\u015flevsellikle bir araya getirir.<em data-start=\"1285\" data-end=\"1305\">\u00a0Sneaker<\/em> Moda odakl\u0131 tasar\u0131m\u0131 g\u00fcnl\u00fck i\u015flevsellikle birle\u015ftirir. Modern sil\u00fceti, do\u011fal dokular\u0131 ve kaliteli i\u015f\u00e7ili\u011fi sayesinde her modern gard\u0131robun \u00f6ne \u00e7\u0131kan par\u00e7alar\u0131ndan biri olur.<\/p>\n<p data-start=\"1493\" data-end=\"1693\" data-is-last-node=\"\" data-is-only-node=\"\">Jutella Sneaker ile zahmetsiz konforu ve benzersiz stili deneyimleyin. <em data-start=\"1553\" data-end=\"1573\">Jutella Sneaker<\/em> \u2014 do\u011fal malzemeleri, modern esteti\u011fi ve zamans\u0131z \u00e7ok y\u00f6nl\u00fcl\u00fc\u011f\u00fc takdir edenler i\u00e7in tasarlanm\u0131\u015f se\u00e7kin bir sneaker.<\/p>\n<\/div>\n<\/div>\n<\/div>\n<\/div>\n<div class=\"z-0 flex min-h-[46px] justify-start\"><\/div>\n<\/div>\n<\/div>\n<\/section>\n<\/div>\n<\/div>","protected":false},"excerpt":{"rendered":"<p>&nbsp;<\/p>\n<p>&nbsp;<\/p>","protected":false},"featured_media":11751,"comment_status":"open","ping_status":"closed","template":"","meta":[],"product_cat":[21,70,76,78],"product_tag":[],"class_list":{"0":"post-11743","1":"product","2":"type-product","3":"status-publish","4":"has-post-thumbnail","6":"product_cat-all-products","7":"product_cat-shoes","8":"product_cat-unisex-shoes","9":"product_cat-women","10":"tm-no-options","12":"first","13":"instock","14":"shipping-taxable","15":"purchasable","16":"product-type-variable"},"yoast_head":"<!-- This site is optimized with the Yoast SEO plugin v23.3 - https:\/\/yoast.com\/wordpress\/plugins\/seo\/ -->\n<title>Jutella Sneaker for Women | Natural Comfort &amp; Style<\/title>\n<meta name=\"description\" content=\"Discover the Jutella Sneaker for women featuring premium suede, natural jute panels, soft leather details, and lightweight everyday comfort.\" \/>\n<meta name=\"robots\" content=\"index, follow, max-snippet:-1, max-image-preview:large, max-video-preview:-1\" \/>\n<link rel=\"canonical\" href=\"https:\/\/secnaturfrankfurt.com\/tr\/shop\/shoes\/unisex-shoes\/jutella-sneaker-women\/\" \/>\n<meta property=\"og:locale\" content=\"tr_TR\" \/>\n<meta property=\"og:type\" content=\"article\" \/>\n<meta property=\"og:title\" content=\"Jutella Sneaker for Women | Natural Comfort &amp; Style\" \/>\n<meta property=\"og:description\" content=\"Discover the Jutella Sneaker for women featuring premium suede, natural jute panels, soft leather details, and lightweight everyday comfort.\" \/>\n<meta property=\"og:url\" content=\"https:\/\/secnaturfrankfurt.com\/tr\/shop\/shoes\/unisex-shoes\/jutella-sneaker-women\/\" \/>\n<meta property=\"og:site_name\" content=\"Secnatur Frankfurt\" \/>\n<meta property=\"article:modified_time\" content=\"2026-05-07T20:02:33+00:00\" \/>\n<meta property=\"og:image\" content=\"https:\/\/secnaturfrankfurt.com\/wp-content\/uploads\/2026\/05\/Design-ohne-Titel-56-640x800.png\" \/>\n\t<meta property=\"og:image:width\" content=\"640\" \/>\n\t<meta property=\"og:image:height\" content=\"800\" \/>\n\t<meta property=\"og:image:type\" content=\"image\/png\" \/>\n<meta name=\"twitter:card\" content=\"summary_large_image\" \/>\n<meta name=\"twitter:label1\" content=\"Tahmini okuma s\u00fcresi\" \/>\n\t<meta name=\"twitter:data1\" content=\"2 dakika\" \/>\n<script type=\"application\/ld+json\" class=\"yoast-schema-graph\">{\"@context\":\"https:\/\/schema.org\",\"@graph\":[{\"@type\":\"WebPage\",\"@id\":\"https:\/\/secnaturfrankfurt.com\/shop\/shoes\/unisex-shoes\/jutella-sneaker-women\/\",\"url\":\"https:\/\/secnaturfrankfurt.com\/shop\/shoes\/unisex-shoes\/jutella-sneaker-women\/\",\"name\":\"Jutella Sneaker for Women | Natural Comfort & Style\",\"isPartOf\":{\"@id\":\"https:\/\/secnaturfrankfurt.com\/#website\"},\"primaryImageOfPage\":{\"@id\":\"https:\/\/secnaturfrankfurt.com\/shop\/shoes\/unisex-shoes\/jutella-sneaker-women\/#primaryimage\"},\"image\":{\"@id\":\"https:\/\/secnaturfrankfurt.com\/shop\/shoes\/unisex-shoes\/jutella-sneaker-women\/#primaryimage\"},\"thumbnailUrl\":\"https:\/\/secnaturfrankfurt.com\/wp-content\/uploads\/2026\/05\/Design-ohne-Titel-56.png\",\"datePublished\":\"2026-05-07T19:02:27+00:00\",\"dateModified\":\"2026-05-07T20:02:33+00:00\",\"description\":\"Discover the Jutella Sneaker for women featuring premium suede, natural jute panels, soft leather details, and lightweight everyday comfort.\",\"breadcrumb\":{\"@id\":\"https:\/\/secnaturfrankfurt.com\/shop\/shoes\/unisex-shoes\/jutella-sneaker-women\/#breadcrumb\"},\"inLanguage\":\"tr\",\"potentialAction\":[{\"@type\":\"ReadAction\",\"target\":[\"https:\/\/secnaturfrankfurt.com\/shop\/shoes\/unisex-shoes\/jutella-sneaker-women\/\"]}]},{\"@type\":\"ImageObject\",\"inLanguage\":\"tr\",\"@id\":\"https:\/\/secnaturfrankfurt.com\/shop\/shoes\/unisex-shoes\/jutella-sneaker-women\/#primaryimage\",\"url\":\"https:\/\/secnaturfrankfurt.com\/wp-content\/uploads\/2026\/05\/Design-ohne-Titel-56.png\",\"contentUrl\":\"https:\/\/secnaturfrankfurt.com\/wp-content\/uploads\/2026\/05\/Design-ohne-Titel-56.png\",\"width\":1600,\"height\":2000},{\"@type\":\"BreadcrumbList\",\"@id\":\"https:\/\/secnaturfrankfurt.com\/shop\/shoes\/unisex-shoes\/jutella-sneaker-women\/#breadcrumb\",\"itemListElement\":[{\"@type\":\"ListItem\",\"position\":1,\"name\":\"Home\",\"item\":\"https:\/\/secnaturfrankfurt.com\/\"},{\"@type\":\"ListItem\",\"position\":2,\"name\":\"Shop\",\"item\":\"https:\/\/secnaturfrankfurt.com\/shop\/\"},{\"@type\":\"ListItem\",\"position\":3,\"name\":\"Jutella Sneaker\"}]},{\"@type\":\"WebSite\",\"@id\":\"https:\/\/secnaturfrankfurt.com\/#website\",\"url\":\"https:\/\/secnaturfrankfurt.com\/\",\"name\":\"Secnatur Frankfurt\",\"description\":\"Discover Pure Nature Leather\",\"potentialAction\":[{\"@type\":\"SearchAction\",\"target\":{\"@type\":\"EntryPoint\",\"urlTemplate\":\"https:\/\/secnaturfrankfurt.com\/?s={search_term_string}\"},\"query-input\":\"required name=search_term_string\"}],\"inLanguage\":\"tr\"}]}<\/script>\n<!-- \/ Yoast SEO plugin. -->","yoast_head_json":{"title":"Jutella Sneaker for Women | Natural Comfort & Style","description":"Discover the Jutella Sneaker for women featuring premium suede, natural jute panels, soft leather details, and lightweight everyday comfort.","robots":{"index":"index","follow":"follow","max-snippet":"max-snippet:-1","max-image-preview":"max-image-preview:large","max-video-preview":"max-video-preview:-1"},"canonical":"https:\/\/secnaturfrankfurt.com\/tr\/shop\/shoes\/unisex-shoes\/jutella-sneaker-women\/","og_locale":"tr_TR","og_type":"article","og_title":"Jutella Sneaker for Women | Natural Comfort & Style","og_description":"Discover the Jutella Sneaker for women featuring premium suede, natural jute panels, soft leather details, and lightweight everyday comfort.","og_url":"https:\/\/secnaturfrankfurt.com\/tr\/shop\/shoes\/unisex-shoes\/jutella-sneaker-women\/","og_site_name":"Secnatur Frankfurt","article_modified_time":"2026-05-07T20:02:33+00:00","og_image":[{"width":640,"height":800,"url":"https:\/\/secnaturfrankfurt.com\/wp-content\/uploads\/2026\/05\/Design-ohne-Titel-56-640x800.png","type":"image\/png"}],"twitter_card":"summary_large_image","twitter_misc":{"Tahmini okuma s\u00fcresi":"2 dakika"},"schema":{"@context":"https:\/\/schema.org","@graph":[{"@type":"WebPage","@id":"https:\/\/secnaturfrankfurt.com\/shop\/shoes\/unisex-shoes\/jutella-sneaker-women\/","url":"https:\/\/secnaturfrankfurt.com\/shop\/shoes\/unisex-shoes\/jutella-sneaker-women\/","name":"Jutella Sneaker for Women | Natural Comfort & Style","isPartOf":{"@id":"https:\/\/secnaturfrankfurt.com\/#website"},"primaryImageOfPage":{"@id":"https:\/\/secnaturfrankfurt.com\/shop\/shoes\/unisex-shoes\/jutella-sneaker-women\/#primaryimage"},"image":{"@id":"https:\/\/secnaturfrankfurt.com\/shop\/shoes\/unisex-shoes\/jutella-sneaker-women\/#primaryimage"},"thumbnailUrl":"https:\/\/secnaturfrankfurt.com\/wp-content\/uploads\/2026\/05\/Design-ohne-Titel-56.png","datePublished":"2026-05-07T19:02:27+00:00","dateModified":"2026-05-07T20:02:33+00:00","description":"Discover the Jutella Sneaker for women featuring premium suede, natural jute panels, soft leather details, and lightweight everyday comfort.","breadcrumb":{"@id":"https:\/\/secnaturfrankfurt.com\/shop\/shoes\/unisex-shoes\/jutella-sneaker-women\/#breadcrumb"},"inLanguage":"tr","potentialAction":[{"@type":"ReadAction","target":["https:\/\/secnaturfrankfurt.com\/shop\/shoes\/unisex-shoes\/jutella-sneaker-women\/"]}]},{"@type":"ImageObject","inLanguage":"tr","@id":"https:\/\/secnaturfrankfurt.com\/shop\/shoes\/unisex-shoes\/jutella-sneaker-women\/#primaryimage","url":"https:\/\/secnaturfrankfurt.com\/wp-content\/uploads\/2026\/05\/Design-ohne-Titel-56.png","contentUrl":"https:\/\/secnaturfrankfurt.com\/wp-content\/uploads\/2026\/05\/Design-ohne-Titel-56.png","width":1600,"height":2000},{"@type":"BreadcrumbList","@id":"https:\/\/secnaturfrankfurt.com\/shop\/shoes\/unisex-shoes\/jutella-sneaker-women\/#breadcrumb","itemListElement":[{"@type":"ListItem","position":1,"name":"Home","item":"https:\/\/secnaturfrankfurt.com\/"},{"@type":"ListItem","position":2,"name":"Shop","item":"https:\/\/secnaturfrankfurt.com\/shop\/"},{"@type":"ListItem","position":3,"name":"Jutella Sneaker"}]},{"@type":"WebSite","@id":"https:\/\/secnaturfrankfurt.com\/#website","url":"https:\/\/secnaturfrankfurt.com\/","name":"Secnatur Frankfurt","description":"Discover Pure Nature Leather","potentialAction":[{"@type":"SearchAction","target":{"@type":"EntryPoint","urlTemplate":"https:\/\/secnaturfrankfurt.com\/?s={search_term_string}"},"query-input":"required name=search_term_string"}],"inLanguage":"tr"}]}},"jetpack_sharing_enabled":true,"_links":{"self":[{"href":"https:\/\/secnaturfrankfurt.com\/tr\/wp-json\/wp\/v2\/product\/11743","targetHints":{"allow":["GET"]}}],"collection":[{"href":"https:\/\/secnaturfrankfurt.com\/tr\/wp-json\/wp\/v2\/product"}],"about":[{"href":"https:\/\/secnaturfrankfurt.com\/tr\/wp-json\/wp\/v2\/types\/product"}],"replies":[{"embeddable":true,"href":"https:\/\/secnaturfrankfurt.com\/tr\/wp-json\/wp\/v2\/comments?post=11743"}],"wp:featuredmedia":[{"embeddable":true,"href":"https:\/\/secnaturfrankfurt.com\/tr\/wp-json\/wp\/v2\/media\/11751"}],"wp:attachment":[{"href":"https:\/\/secnaturfrankfurt.com\/tr\/wp-json\/wp\/v2\/media?parent=11743"}],"wp:term":[{"taxonomy":"product_cat","embeddable":true,"href":"https:\/\/secnaturfrankfurt.com\/tr\/wp-json\/wp\/v2\/product_cat?post=11743"},{"taxonomy":"product_tag","embeddable":true,"href":"https:\/\/secnaturfrankfurt.com\/tr\/wp-json\/wp\/v2\/product_tag?post=11743"}],"curies":[{"name":"wp","href":"https:\/\/api.w.org\/{rel}","templated":true}]}}