{"id":11619,"date":"2026-01-09T10:22:26","date_gmt":"2026-01-09T08:22:26","guid":{"rendered":"https:\/\/secnaturfrankfurt.com\/?post_type=product&#038;p=11619"},"modified":"2026-04-01T15:25:35","modified_gmt":"2026-04-01T13:25:35","slug":"wool-vest","status":"publish","type":"product","link":"https:\/\/secnaturfrankfurt.com\/tr\/shop\/all-products\/clothing\/wool-vest\/","title":{"rendered":"Uzun y\u00fcn yelek"},"content":{"rendered":"<h2 data-start=\"278\" data-end=\"346\">\ud83e\uddf5 <strong data-start=\"284\" data-end=\"346\">0 saf yeni y\u00fcnden el i\u015f\u00e7ili\u011fiyle \u00fcretilmi\u015f saf y\u00fcn yelek<\/strong><\/h2>\n<p data-start=\"348\" data-end=\"706\">Secnatur Frankfurt\u2019in saf y\u00fcn yele\u011fi; zamans\u0131z i\u015f\u00e7ili\u011fi, do\u011fal s\u0131cakl\u0131\u011f\u0131 ve s\u00fcrd\u00fcr\u00fclebilir tasar\u0131m\u0131 bir araya getirir. K\u00fc\u00e7\u00fck partiler halinde el i\u015f\u00e7ili\u011fiyle \u00fcretilen her yelek, 0 saf yeni y\u00fcnden yap\u0131lm\u0131\u015ft\u0131r ve sentetik lif i\u00e7ermez. Ortaya \u00e7\u0131kan sonu\u00e7; do\u011fal olarak yumu\u015fak, nefes alabilen ve serin g\u00fcnlerde ile keyifli ak\u015famlarda \u00fcst\u00fcn konfor ve \u0131s\u0131 yal\u0131t\u0131m\u0131 sunan bir giysidir.<\/p>\n<p data-start=\"708\" data-end=\"1082\">Klasik ve kolsuz tasar\u0131m\u0131yla bu bej y\u00fcn yelek, her kombine zarif bir \u015f\u0131kl\u0131k katar. Bluzlar, uzun kollu ti\u015f\u00f6rtler, hafif kazaklar ya da elbiseler \u00fczerine rahatl\u0131kla kombinlenebilir. Minimalist stili zamans\u0131z bir \u00e7ok y\u00f6nl\u00fcl\u00fck sunarken, y\u00fcksek kaliteli y\u00fcn\u00fc uzun s\u00fcreli konfor sa\u011flar. G\u00fcnl\u00fck rahat kombinlerden \u015f\u0131k stillere kadar, bu yelek gard\u0131robunuza hem s\u0131cakl\u0131k hem de zarif bir hafiflik kazand\u0131r\u0131r.<\/p>\n<p data-start=\"1084\" data-end=\"1437\">Her saf y\u00fcn yelek, geleneksel el i\u015f\u00e7ili\u011fi ve s\u00fcrd\u00fcr\u00fclebilir \u00fcretim anlay\u0131\u015f\u0131n\u0131n de\u011ferlerini yans\u0131t\u0131r. Secnatur Frankfurt olarak do\u011fal malzemelere ve etik \u00fcretim s\u00fcre\u00e7lerine odaklan\u0131yoruz. Her bir par\u00e7a, detaylara \u00f6zen g\u00f6sterilerek ve do\u011faya sayg\u0131 duyularak \u00fcretilir; b\u00f6ylece yaln\u0131zca estetik a\u00e7\u0131dan g\u00fczel de\u011fil, ayn\u0131 zamanda bilin\u00e7li t\u00fcketimi destekleyen bir \u00fcr\u00fcn sunar.<\/p>\n<h3 data-start=\"1439\" data-end=\"1451\">\u00d6zellikler<\/h3>\n<ul data-start=\"1452\" data-end=\"1677\">\n<li data-start=\"1452\" data-end=\"1474\">\n<p data-start=\"1454\" data-end=\"1474\">100% saf yeni y\u00fcn<\/p>\n<\/li>\n<li data-start=\"1475\" data-end=\"1509\">\n<p data-start=\"1477\" data-end=\"1509\">S\u0131n\u0131rl\u0131 say\u0131da el yap\u0131m\u0131<\/p>\n<\/li>\n<li data-start=\"1510\" data-end=\"1561\">\n<p data-start=\"1512\" data-end=\"1561\">Do\u011fal olarak nefes alabilir ve \u0131s\u0131y\u0131 dengeleyici<\/p>\n<\/li>\n<li data-start=\"1562\" data-end=\"1600\">\n<p data-start=\"1564\" data-end=\"1600\">Y\u00fcksek konfor i\u00e7in yumu\u015fak ke\u00e7ele\u015ftirilmi\u015f i\u00e7 y\u00fczey<\/p>\n<\/li>\n<li data-start=\"1601\" data-end=\"1639\">\n<p data-start=\"1603\" data-end=\"1639\">Unisex tasar\u0131m \u2013 kad\u0131n ve erkekler i\u00e7in uygundur<\/p>\n<\/li>\n<li data-start=\"1640\" data-end=\"1677\">\n<p data-start=\"1642\" data-end=\"1677\">Polonya\u2019da s\u00fcrd\u00fcr\u00fclebilir \u015fekilde \u00fcretilmi\u015ftir<\/p>\n<\/li>\n<\/ul>\n<h3 data-start=\"1679\" data-end=\"1702\">Bak\u0131m Talimatlar\u0131<\/h3>\n<p data-start=\"1703\" data-end=\"1934\">Y\u00fcn do\u011fal olarak kendi kendini temizleyen bir yap\u0131ya sahiptir. Yele\u011finizi giydikten sonra havaland\u0131rman\u0131z, taze kalmas\u0131 i\u00e7in genellikle yeterlidir. Gerekirse so\u011fuk suda, y\u00fcnler i\u00e7in uygun nazik bir deterjanla elde y\u0131kay\u0131n ve d\u00fcz bir zeminde kurutun. Bu hassas bak\u0131m, liflerin korunmas\u0131n\u0131 ve uzun s\u00fcreli yumu\u015fakl\u0131\u011f\u0131 sa\u011flar.<\/p>\n<p data-start=\"1936\" data-end=\"2154\">Secnatur Frankfurt olarak kaliteyi, dayan\u0131kl\u0131l\u0131\u011f\u0131 ve zamans\u0131z stili bir araya getiren giysiler \u00fcretmeye inan\u0131yoruz. Saf y\u00fcn yelek yaln\u0131zca bir k\u0131yafet de\u011fil \u2013 gururla ta\u015f\u0131yabilece\u011finiz, do\u011fadan gelen bir par\u00e7ad\u0131r.<\/p>\n<p data-start=\"1160\" data-end=\"1240\">.<\/p>","protected":false},"excerpt":{"rendered":"<p>\ud83e\uddf5 Pure Wool Vest \u2013 Handcrafted from 100% Pure New Wool The pure wool vest\u00a0from Secnatur Frankfurt embodies timeless craftsmanship,<\/p>","protected":false},"featured_media":11554,"comment_status":"open","ping_status":"closed","template":"","meta":[],"product_cat":[160],"product_tag":[173,200,186,172],"class_list":{"0":"post-11619","1":"product","2":"type-product","3":"status-publish","4":"has-post-thumbnail","6":"product_cat-clothing","7":"product_tag-beige-vest","8":"product_tag-choco-brown-vest","9":"product_tag-purple-wool-vest","10":"product_tag-wool-vest","11":"tm-no-options","13":"first","14":"instock","15":"sale","16":"shipping-taxable","17":"purchasable","18":"product-type-simple"},"yoast_head":"<!-- This site is optimized with the Yoast SEO plugin v23.3 - https:\/\/yoast.com\/wordpress\/plugins\/seo\/ -->\n<title>Pure Wool Vest | Secnatur Frankfurt<\/title>\n<meta name=\"description\" content=\"Discover our pure wool vest, handcrafted from 100% natural wool. Timeless design, breathable comfort &amp; sustainable quality from Secnatur Frankfurt.\" \/>\n<meta name=\"robots\" content=\"index, follow, max-snippet:-1, max-image-preview:large, max-video-preview:-1\" \/>\n<link rel=\"canonical\" href=\"https:\/\/secnaturfrankfurt.com\/tr\/shop\/all-products\/clothing\/wool-vest\/\" \/>\n<meta property=\"og:locale\" content=\"tr_TR\" \/>\n<meta property=\"og:type\" content=\"article\" \/>\n<meta property=\"og:title\" content=\"Pure Wool Vest | Secnatur Frankfurt\" \/>\n<meta property=\"og:description\" content=\"Discover our pure wool vest, handcrafted from 100% natural wool. Timeless design, breathable comfort &amp; sustainable quality from Secnatur Frankfurt.\" \/>\n<meta property=\"og:url\" content=\"https:\/\/secnaturfrankfurt.com\/tr\/shop\/all-products\/clothing\/wool-vest\/\" \/>\n<meta property=\"og:site_name\" content=\"Secnatur Frankfurt\" \/>\n<meta property=\"article:modified_time\" content=\"2026-04-01T13:25:35+00:00\" \/>\n<meta property=\"og:image\" content=\"https:\/\/secnaturfrankfurt.com\/wp-content\/uploads\/2026\/01\/Produktbild-lang-beige-640x800.png\" \/>\n\t<meta property=\"og:image:width\" content=\"640\" \/>\n\t<meta property=\"og:image:height\" content=\"800\" \/>\n\t<meta property=\"og:image:type\" content=\"image\/png\" \/>\n<meta name=\"twitter:card\" content=\"summary_large_image\" \/>\n<meta name=\"twitter:label1\" content=\"Tahmini okuma s\u00fcresi\" \/>\n\t<meta name=\"twitter:data1\" content=\"2 dakika\" \/>\n<script type=\"application\/ld+json\" class=\"yoast-schema-graph\">{\"@context\":\"https:\/\/schema.org\",\"@graph\":[{\"@type\":\"WebPage\",\"@id\":\"https:\/\/secnaturfrankfurt.com\/shop\/all-products\/clothing\/wool-vest\/\",\"url\":\"https:\/\/secnaturfrankfurt.com\/shop\/all-products\/clothing\/wool-vest\/\",\"name\":\"Pure Wool Vest | Secnatur Frankfurt\",\"isPartOf\":{\"@id\":\"https:\/\/secnaturfrankfurt.com\/#website\"},\"primaryImageOfPage\":{\"@id\":\"https:\/\/secnaturfrankfurt.com\/shop\/all-products\/clothing\/wool-vest\/#primaryimage\"},\"image\":{\"@id\":\"https:\/\/secnaturfrankfurt.com\/shop\/all-products\/clothing\/wool-vest\/#primaryimage\"},\"thumbnailUrl\":\"https:\/\/secnaturfrankfurt.com\/wp-content\/uploads\/2026\/01\/Produktbild-lang-beige.png\",\"datePublished\":\"2026-01-09T08:22:26+00:00\",\"dateModified\":\"2026-04-01T13:25:35+00:00\",\"description\":\"Discover our pure wool vest, handcrafted from 100% natural wool. Timeless design, breathable comfort & sustainable quality from Secnatur Frankfurt.\",\"breadcrumb\":{\"@id\":\"https:\/\/secnaturfrankfurt.com\/shop\/all-products\/clothing\/wool-vest\/#breadcrumb\"},\"inLanguage\":\"tr\",\"potentialAction\":[{\"@type\":\"ReadAction\",\"target\":[\"https:\/\/secnaturfrankfurt.com\/shop\/all-products\/clothing\/wool-vest\/\"]}]},{\"@type\":\"ImageObject\",\"inLanguage\":\"tr\",\"@id\":\"https:\/\/secnaturfrankfurt.com\/shop\/all-products\/clothing\/wool-vest\/#primaryimage\",\"url\":\"https:\/\/secnaturfrankfurt.com\/wp-content\/uploads\/2026\/01\/Produktbild-lang-beige.png\",\"contentUrl\":\"https:\/\/secnaturfrankfurt.com\/wp-content\/uploads\/2026\/01\/Produktbild-lang-beige.png\",\"width\":1600,\"height\":2000},{\"@type\":\"BreadcrumbList\",\"@id\":\"https:\/\/secnaturfrankfurt.com\/shop\/all-products\/clothing\/wool-vest\/#breadcrumb\",\"itemListElement\":[{\"@type\":\"ListItem\",\"position\":1,\"name\":\"Home\",\"item\":\"https:\/\/secnaturfrankfurt.com\/\"},{\"@type\":\"ListItem\",\"position\":2,\"name\":\"Shop\",\"item\":\"https:\/\/secnaturfrankfurt.com\/shop\/\"},{\"@type\":\"ListItem\",\"position\":3,\"name\":\"Wool Vest long\"}]},{\"@type\":\"WebSite\",\"@id\":\"https:\/\/secnaturfrankfurt.com\/#website\",\"url\":\"https:\/\/secnaturfrankfurt.com\/\",\"name\":\"Secnatur Frankfurt\",\"description\":\"Discover Pure Nature Leather\",\"potentialAction\":[{\"@type\":\"SearchAction\",\"target\":{\"@type\":\"EntryPoint\",\"urlTemplate\":\"https:\/\/secnaturfrankfurt.com\/?s={search_term_string}\"},\"query-input\":\"required name=search_term_string\"}],\"inLanguage\":\"tr\"}]}<\/script>\n<!-- \/ Yoast SEO plugin. -->","yoast_head_json":{"title":"Pure Wool Vest | Secnatur Frankfurt","description":"Discover our pure wool vest, handcrafted from 100% natural wool. Timeless design, breathable comfort & sustainable quality from Secnatur Frankfurt.","robots":{"index":"index","follow":"follow","max-snippet":"max-snippet:-1","max-image-preview":"max-image-preview:large","max-video-preview":"max-video-preview:-1"},"canonical":"https:\/\/secnaturfrankfurt.com\/tr\/shop\/all-products\/clothing\/wool-vest\/","og_locale":"tr_TR","og_type":"article","og_title":"Pure Wool Vest | Secnatur Frankfurt","og_description":"Discover our pure wool vest, handcrafted from 100% natural wool. Timeless design, breathable comfort & sustainable quality from Secnatur Frankfurt.","og_url":"https:\/\/secnaturfrankfurt.com\/tr\/shop\/all-products\/clothing\/wool-vest\/","og_site_name":"Secnatur Frankfurt","article_modified_time":"2026-04-01T13:25:35+00:00","og_image":[{"width":640,"height":800,"url":"https:\/\/secnaturfrankfurt.com\/wp-content\/uploads\/2026\/01\/Produktbild-lang-beige-640x800.png","type":"image\/png"}],"twitter_card":"summary_large_image","twitter_misc":{"Tahmini okuma s\u00fcresi":"2 dakika"},"schema":{"@context":"https:\/\/schema.org","@graph":[{"@type":"WebPage","@id":"https:\/\/secnaturfrankfurt.com\/shop\/all-products\/clothing\/wool-vest\/","url":"https:\/\/secnaturfrankfurt.com\/shop\/all-products\/clothing\/wool-vest\/","name":"Pure Wool Vest | Secnatur Frankfurt","isPartOf":{"@id":"https:\/\/secnaturfrankfurt.com\/#website"},"primaryImageOfPage":{"@id":"https:\/\/secnaturfrankfurt.com\/shop\/all-products\/clothing\/wool-vest\/#primaryimage"},"image":{"@id":"https:\/\/secnaturfrankfurt.com\/shop\/all-products\/clothing\/wool-vest\/#primaryimage"},"thumbnailUrl":"https:\/\/secnaturfrankfurt.com\/wp-content\/uploads\/2026\/01\/Produktbild-lang-beige.png","datePublished":"2026-01-09T08:22:26+00:00","dateModified":"2026-04-01T13:25:35+00:00","description":"Discover our pure wool vest, handcrafted from 100% natural wool. Timeless design, breathable comfort & sustainable quality from Secnatur Frankfurt.","breadcrumb":{"@id":"https:\/\/secnaturfrankfurt.com\/shop\/all-products\/clothing\/wool-vest\/#breadcrumb"},"inLanguage":"tr","potentialAction":[{"@type":"ReadAction","target":["https:\/\/secnaturfrankfurt.com\/shop\/all-products\/clothing\/wool-vest\/"]}]},{"@type":"ImageObject","inLanguage":"tr","@id":"https:\/\/secnaturfrankfurt.com\/shop\/all-products\/clothing\/wool-vest\/#primaryimage","url":"https:\/\/secnaturfrankfurt.com\/wp-content\/uploads\/2026\/01\/Produktbild-lang-beige.png","contentUrl":"https:\/\/secnaturfrankfurt.com\/wp-content\/uploads\/2026\/01\/Produktbild-lang-beige.png","width":1600,"height":2000},{"@type":"BreadcrumbList","@id":"https:\/\/secnaturfrankfurt.com\/shop\/all-products\/clothing\/wool-vest\/#breadcrumb","itemListElement":[{"@type":"ListItem","position":1,"name":"Home","item":"https:\/\/secnaturfrankfurt.com\/"},{"@type":"ListItem","position":2,"name":"Shop","item":"https:\/\/secnaturfrankfurt.com\/shop\/"},{"@type":"ListItem","position":3,"name":"Wool Vest long"}]},{"@type":"WebSite","@id":"https:\/\/secnaturfrankfurt.com\/#website","url":"https:\/\/secnaturfrankfurt.com\/","name":"Secnatur Frankfurt","description":"Discover Pure Nature Leather","potentialAction":[{"@type":"SearchAction","target":{"@type":"EntryPoint","urlTemplate":"https:\/\/secnaturfrankfurt.com\/?s={search_term_string}"},"query-input":"required name=search_term_string"}],"inLanguage":"tr"}]}},"jetpack_sharing_enabled":true,"_links":{"self":[{"href":"https:\/\/secnaturfrankfurt.com\/tr\/wp-json\/wp\/v2\/product\/11619","targetHints":{"allow":["GET"]}}],"collection":[{"href":"https:\/\/secnaturfrankfurt.com\/tr\/wp-json\/wp\/v2\/product"}],"about":[{"href":"https:\/\/secnaturfrankfurt.com\/tr\/wp-json\/wp\/v2\/types\/product"}],"replies":[{"embeddable":true,"href":"https:\/\/secnaturfrankfurt.com\/tr\/wp-json\/wp\/v2\/comments?post=11619"}],"wp:featuredmedia":[{"embeddable":true,"href":"https:\/\/secnaturfrankfurt.com\/tr\/wp-json\/wp\/v2\/media\/11554"}],"wp:attachment":[{"href":"https:\/\/secnaturfrankfurt.com\/tr\/wp-json\/wp\/v2\/media?parent=11619"}],"wp:term":[{"taxonomy":"product_cat","embeddable":true,"href":"https:\/\/secnaturfrankfurt.com\/tr\/wp-json\/wp\/v2\/product_cat?post=11619"},{"taxonomy":"product_tag","embeddable":true,"href":"https:\/\/secnaturfrankfurt.com\/tr\/wp-json\/wp\/v2\/product_tag?post=11619"}],"curies":[{"name":"wp","href":"https:\/\/api.w.org\/{rel}","templated":true}]}}