{"id":11445,"date":"2025-11-26T12:40:45","date_gmt":"2025-11-26T10:40:45","guid":{"rendered":"https:\/\/secnaturfrankfurt.com\/?post_type=product&#038;p=11445"},"modified":"2026-03-11T12:30:32","modified_gmt":"2026-03-11T10:30:32","slug":"personalized-pen-case","status":"publish","type":"product","link":"https:\/\/secnaturfrankfurt.com\/tr\/shop\/bags\/mini-purse\/personalized-pen-case\/","title":{"rendered":"Ki\u015fiye \u00d6zel Kalem Kutusu"},"content":{"rendered":"<p data-start=\"139\" data-end=\"204\"><strong>Personalized Pen Case \u2013 Custom Engraved Leather Pen Case Gift<\/strong><\/p>\n<p>&nbsp;<\/p>\n<p data-start=\"206\" data-end=\"443\">Y\u00fcksek kaliteli dana derisinden \u00fcretilen bu el yap\u0131m\u0131 kalem k\u0131l\u0131f\u0131, zarif tasar\u0131m\u0131 d\u00fc\u015f\u00fcn\u00fclm\u00fc\u015f i\u015flevsellik ile birle\u015ftirir. 20 x 5 cm\u2019lik kompakt \u00f6l\u00e7\u00fcleri sayesinde 12 kaleme kadar yer sunar ve ayn\u0131 zamanda ince ve ta\u015f\u0131nmas\u0131 kolayd\u0131r.<\/p>\n<p data-start=\"445\" data-end=\"718\">Dayan\u0131kl\u0131 YKK fermuar, yaz\u0131 gere\u00e7lerin i\u00e7in g\u00fcvenilir koruma sa\u011flar ve bu par\u00e7an\u0131n uzun \u00f6m\u00fcrl\u00fc kalitesini vurgular. Temiz ve zamans\u0131z tasar\u0131m\u0131 sayesinde bu kalem k\u0131l\u0131f\u0131 okulda, ofiste veya hareket h\u00e2lindeyken m\u00fckemmel bir yol arkada\u015f\u0131d\u0131r \u2013 uzun y\u0131llar keyifle kullan\u0131lmak \u00fczere \u00fcretilmi\u015ftir.<\/p>\n<p data-start=\"720\" data-end=\"854\"><strong data-start=\"720\" data-end=\"740\">\u00dcr\u00fcn Detaylar\u0131:<\/strong><br data-start=\"740\" data-end=\"743\" \/>\u2022 \u00d6l\u00e7\u00fcler: 20 x 5 cm<br data-start=\"766\" data-end=\"769\" \/>Malzemeler: Dana derisi, ger\u00e7ek deri, YKK fermuar<br data-start=\"826\" data-end=\"829\" \/>\u00d6zenle el i\u015f\u00e7ili\u011fiyle \u00fcretilmi\u015ftir<\/p>\n<p data-start=\"856\" data-end=\"1052\"><strong data-start=\"856\" data-end=\"878\">Ki\u015fisel bir hediye<\/strong><br data-start=\"878\" data-end=\"881\" \/>Ki\u015fiselle\u015ftirme se\u00e7ene\u011fi sayesinde bu kalem k\u0131l\u0131f\u0131 anlaml\u0131 ve benzersiz bir hediyeye d\u00f6n\u00fc\u015f\u00fcr \u2013 do\u011fum g\u00fcnleri, y\u0131ld\u00f6n\u00fcmleri veya \u00f6zel birine yap\u0131lacak ince bir jest i\u00e7in m\u00fckemmeldir.<\/p>\n<p>\ud83c\udf81 Perfect Personalized Gift<\/p>\n<p>Looking for a unique personalized gift?<\/p>\n<p>Our handmade leather pen case can be personalized with your name or initials. It is a perfect gift for writers, students, artists, or professionals who appreciate quality craftsmanship.<\/p>\n<p>Personalized pen case made from genuine leather, designed for people who want a stylish and practical way to carry their pens.<\/p>\n<p>\u2714 Handmade natural leather<br \/>\n\u2714 Personalized with your name or initials<br \/>\n\u2714 Elegant and durable design<br \/>\n\u2714 Ideal gift for birthdays, graduations, or special occasions<\/p>\n<p>This personalized pen case is a perfect accessory for everyday use. The genuine leather structure protects your pens while giving a premium and elegant look. It is ideal for students, writers, artists, and professionals who want to keep their pens organized.<\/p>\n<p>A personalized pen case is not only practical but also a stylish everyday accessory. Thanks to its compact size and durable leather material, it safely stores your favorite pens while adding a touch of elegance to your desk or bag.<\/p>\n<p>Why choose a personalized pen case? A custom engraved leather pen case is a unique accessory that reflects your personal style. Whether you use fountain pens, ballpoint pens, or pencils, this personalized pen case keeps them protected and organized. The soft interior protects your writing tools from scratches while the durable zipper keeps everything secure.<\/p>\n<p data-start=\"44\" data-end=\"325\">This genuine leather personalized pen case is designed for durability and style. The natural leather texture gives every pen case a unique character, making it a special accessory for daily use. It is lightweight, compact, and easy to carry in your bag, backpack, or briefcase.<\/p>\n<p data-start=\"327\" data-end=\"369\" data-is-last-node=\"\" data-is-only-node=\"\">This custom engraved personalized pen case is also a great gift idea. Many customers choose a personalized leather pen case as a birthday gift, graduation gift, or professional office accessory. A personalized pen case adds a unique and memorable touch that makes the gift even more special.<\/p>\n<p>A personalized pen case is perfect for organizing fountain pens, rollerball pens, pencils, and other writing tools. With space for multiple pens and a secure zipper closure, this leather pen case keeps everything safe while maintaining a clean and elegant look.<\/p>\n<p>Whether you are at school, at work, or traveling, a personalized leather pen case keeps your pens protected and easy to access. Its minimalist and elegant design makes it suitable for both men and women who appreciate quality leather accessories.<\/p>\n<p>This personalized pen case combines functionality, durability, and elegant design. If you are looking for a stylish leather accessory that keeps your pens organized, a genuine leather personalized pen case is the perfect choice.<\/p>\n<p>A high-quality personalized pen case is an essential accessory for anyone who values organization and style. This handmade leather pen case protects your pens while adding a refined and professional touch to your everyday carry.<\/p>","protected":false},"excerpt":{"rendered":"<p>20 cm x 5 cm<\/p>","protected":false},"featured_media":11482,"comment_status":"open","ping_status":"closed","template":"","meta":[],"product_cat":[121,21,69,73],"product_tag":[169,171,170],"class_list":{"0":"post-11445","1":"product","2":"type-product","3":"status-publish","4":"has-post-thumbnail","6":"product_cat-cosmetic-bag","7":"product_cat-all-products","8":"product_cat-bags","9":"product_cat-mini-purse","10":"product_tag-customized-pen-case","11":"product_tag-mappchen","12":"product_tag-stiftetui","13":"tm-has-options","15":"first","16":"instock","17":"shipping-taxable","18":"purchasable","19":"product-type-variable"},"yoast_head":"<!-- This site is optimized with the Yoast SEO plugin v23.3 - https:\/\/yoast.com\/wordpress\/plugins\/seo\/ -->\n<title>Personalized Pen Case \u2013 Genuine Leather Personalized Pen Case<\/title>\n<meta name=\"description\" content=\"Personalized pen case made from genuine leather. Custom engraved leather pen case gift, holds up to 12 pens with durable YKK zipper.\" \/>\n<meta name=\"robots\" content=\"index, follow, max-snippet:-1, max-image-preview:large, max-video-preview:-1\" \/>\n<link rel=\"canonical\" href=\"https:\/\/secnaturfrankfurt.com\/tr\/shop\/bags\/mini-purse\/personalized-pen-case\/\" \/>\n<meta property=\"og:locale\" content=\"tr_TR\" \/>\n<meta property=\"og:type\" content=\"article\" \/>\n<meta property=\"og:title\" content=\"Personalized Pen Case \u2013 Genuine Leather Personalized Pen Case\" \/>\n<meta property=\"og:description\" content=\"Personalized pen case made from genuine leather. Custom engraved leather pen case gift, holds up to 12 pens with durable YKK zipper.\" \/>\n<meta property=\"og:url\" content=\"https:\/\/secnaturfrankfurt.com\/tr\/shop\/bags\/mini-purse\/personalized-pen-case\/\" \/>\n<meta property=\"og:site_name\" content=\"Secnatur Frankfurt\" \/>\n<meta property=\"article:modified_time\" content=\"2026-03-11T10:30:32+00:00\" \/>\n<meta property=\"og:image\" content=\"https:\/\/secnaturfrankfurt.com\/wp-content\/uploads\/2025\/11\/Design-ohne-Titel-33-640x800.png\" \/>\n\t<meta property=\"og:image:width\" content=\"640\" \/>\n\t<meta property=\"og:image:height\" content=\"800\" \/>\n\t<meta property=\"og:image:type\" content=\"image\/png\" \/>\n<meta name=\"twitter:card\" content=\"summary_large_image\" \/>\n<meta name=\"twitter:label1\" content=\"Tahmini okuma s\u00fcresi\" \/>\n\t<meta name=\"twitter:data1\" content=\"3 dakika\" \/>\n<script type=\"application\/ld+json\" class=\"yoast-schema-graph\">{\"@context\":\"https:\/\/schema.org\",\"@graph\":[{\"@type\":\"WebPage\",\"@id\":\"https:\/\/secnaturfrankfurt.com\/shop\/bags\/mini-purse\/personalized-pen-case\/\",\"url\":\"https:\/\/secnaturfrankfurt.com\/shop\/bags\/mini-purse\/personalized-pen-case\/\",\"name\":\"Personalized Pen Case \u2013 Genuine Leather Personalized Pen Case\",\"isPartOf\":{\"@id\":\"https:\/\/secnaturfrankfurt.com\/#website\"},\"primaryImageOfPage\":{\"@id\":\"https:\/\/secnaturfrankfurt.com\/shop\/bags\/mini-purse\/personalized-pen-case\/#primaryimage\"},\"image\":{\"@id\":\"https:\/\/secnaturfrankfurt.com\/shop\/bags\/mini-purse\/personalized-pen-case\/#primaryimage\"},\"thumbnailUrl\":\"https:\/\/secnaturfrankfurt.com\/wp-content\/uploads\/2025\/11\/Design-ohne-Titel-33.png\",\"datePublished\":\"2025-11-26T10:40:45+00:00\",\"dateModified\":\"2026-03-11T10:30:32+00:00\",\"description\":\"Personalized pen case made from genuine leather. Custom engraved leather pen case gift, holds up to 12 pens with durable YKK zipper.\",\"breadcrumb\":{\"@id\":\"https:\/\/secnaturfrankfurt.com\/shop\/bags\/mini-purse\/personalized-pen-case\/#breadcrumb\"},\"inLanguage\":\"tr\",\"potentialAction\":[{\"@type\":\"ReadAction\",\"target\":[\"https:\/\/secnaturfrankfurt.com\/shop\/bags\/mini-purse\/personalized-pen-case\/\"]}]},{\"@type\":\"ImageObject\",\"inLanguage\":\"tr\",\"@id\":\"https:\/\/secnaturfrankfurt.com\/shop\/bags\/mini-purse\/personalized-pen-case\/#primaryimage\",\"url\":\"https:\/\/secnaturfrankfurt.com\/wp-content\/uploads\/2025\/11\/Design-ohne-Titel-33.png\",\"contentUrl\":\"https:\/\/secnaturfrankfurt.com\/wp-content\/uploads\/2025\/11\/Design-ohne-Titel-33.png\",\"width\":1600,\"height\":2000},{\"@type\":\"BreadcrumbList\",\"@id\":\"https:\/\/secnaturfrankfurt.com\/shop\/bags\/mini-purse\/personalized-pen-case\/#breadcrumb\",\"itemListElement\":[{\"@type\":\"ListItem\",\"position\":1,\"name\":\"Home\",\"item\":\"https:\/\/secnaturfrankfurt.com\/\"},{\"@type\":\"ListItem\",\"position\":2,\"name\":\"Shop\",\"item\":\"https:\/\/secnaturfrankfurt.com\/shop\/\"},{\"@type\":\"ListItem\",\"position\":3,\"name\":\"Customized Pen Case\"}]},{\"@type\":\"WebSite\",\"@id\":\"https:\/\/secnaturfrankfurt.com\/#website\",\"url\":\"https:\/\/secnaturfrankfurt.com\/\",\"name\":\"Secnatur Frankfurt\",\"description\":\"Discover Pure Nature Leather\",\"potentialAction\":[{\"@type\":\"SearchAction\",\"target\":{\"@type\":\"EntryPoint\",\"urlTemplate\":\"https:\/\/secnaturfrankfurt.com\/?s={search_term_string}\"},\"query-input\":\"required name=search_term_string\"}],\"inLanguage\":\"tr\"}]}<\/script>\n<!-- \/ Yoast SEO plugin. -->","yoast_head_json":{"title":"Personalized Pen Case \u2013 Genuine Leather Personalized Pen Case","description":"Personalized pen case made from genuine leather. Custom engraved leather pen case gift, holds up to 12 pens with durable YKK zipper.","robots":{"index":"index","follow":"follow","max-snippet":"max-snippet:-1","max-image-preview":"max-image-preview:large","max-video-preview":"max-video-preview:-1"},"canonical":"https:\/\/secnaturfrankfurt.com\/tr\/shop\/bags\/mini-purse\/personalized-pen-case\/","og_locale":"tr_TR","og_type":"article","og_title":"Personalized Pen Case \u2013 Genuine Leather Personalized Pen Case","og_description":"Personalized pen case made from genuine leather. Custom engraved leather pen case gift, holds up to 12 pens with durable YKK zipper.","og_url":"https:\/\/secnaturfrankfurt.com\/tr\/shop\/bags\/mini-purse\/personalized-pen-case\/","og_site_name":"Secnatur Frankfurt","article_modified_time":"2026-03-11T10:30:32+00:00","og_image":[{"width":640,"height":800,"url":"https:\/\/secnaturfrankfurt.com\/wp-content\/uploads\/2025\/11\/Design-ohne-Titel-33-640x800.png","type":"image\/png"}],"twitter_card":"summary_large_image","twitter_misc":{"Tahmini okuma s\u00fcresi":"3 dakika"},"schema":{"@context":"https:\/\/schema.org","@graph":[{"@type":"WebPage","@id":"https:\/\/secnaturfrankfurt.com\/shop\/bags\/mini-purse\/personalized-pen-case\/","url":"https:\/\/secnaturfrankfurt.com\/shop\/bags\/mini-purse\/personalized-pen-case\/","name":"Personalized Pen Case \u2013 Genuine Leather Personalized Pen Case","isPartOf":{"@id":"https:\/\/secnaturfrankfurt.com\/#website"},"primaryImageOfPage":{"@id":"https:\/\/secnaturfrankfurt.com\/shop\/bags\/mini-purse\/personalized-pen-case\/#primaryimage"},"image":{"@id":"https:\/\/secnaturfrankfurt.com\/shop\/bags\/mini-purse\/personalized-pen-case\/#primaryimage"},"thumbnailUrl":"https:\/\/secnaturfrankfurt.com\/wp-content\/uploads\/2025\/11\/Design-ohne-Titel-33.png","datePublished":"2025-11-26T10:40:45+00:00","dateModified":"2026-03-11T10:30:32+00:00","description":"Personalized pen case made from genuine leather. Custom engraved leather pen case gift, holds up to 12 pens with durable YKK zipper.","breadcrumb":{"@id":"https:\/\/secnaturfrankfurt.com\/shop\/bags\/mini-purse\/personalized-pen-case\/#breadcrumb"},"inLanguage":"tr","potentialAction":[{"@type":"ReadAction","target":["https:\/\/secnaturfrankfurt.com\/shop\/bags\/mini-purse\/personalized-pen-case\/"]}]},{"@type":"ImageObject","inLanguage":"tr","@id":"https:\/\/secnaturfrankfurt.com\/shop\/bags\/mini-purse\/personalized-pen-case\/#primaryimage","url":"https:\/\/secnaturfrankfurt.com\/wp-content\/uploads\/2025\/11\/Design-ohne-Titel-33.png","contentUrl":"https:\/\/secnaturfrankfurt.com\/wp-content\/uploads\/2025\/11\/Design-ohne-Titel-33.png","width":1600,"height":2000},{"@type":"BreadcrumbList","@id":"https:\/\/secnaturfrankfurt.com\/shop\/bags\/mini-purse\/personalized-pen-case\/#breadcrumb","itemListElement":[{"@type":"ListItem","position":1,"name":"Home","item":"https:\/\/secnaturfrankfurt.com\/"},{"@type":"ListItem","position":2,"name":"Shop","item":"https:\/\/secnaturfrankfurt.com\/shop\/"},{"@type":"ListItem","position":3,"name":"Customized Pen Case"}]},{"@type":"WebSite","@id":"https:\/\/secnaturfrankfurt.com\/#website","url":"https:\/\/secnaturfrankfurt.com\/","name":"Secnatur Frankfurt","description":"Discover Pure Nature Leather","potentialAction":[{"@type":"SearchAction","target":{"@type":"EntryPoint","urlTemplate":"https:\/\/secnaturfrankfurt.com\/?s={search_term_string}"},"query-input":"required name=search_term_string"}],"inLanguage":"tr"}]}},"jetpack_sharing_enabled":true,"_links":{"self":[{"href":"https:\/\/secnaturfrankfurt.com\/tr\/wp-json\/wp\/v2\/product\/11445","targetHints":{"allow":["GET"]}}],"collection":[{"href":"https:\/\/secnaturfrankfurt.com\/tr\/wp-json\/wp\/v2\/product"}],"about":[{"href":"https:\/\/secnaturfrankfurt.com\/tr\/wp-json\/wp\/v2\/types\/product"}],"replies":[{"embeddable":true,"href":"https:\/\/secnaturfrankfurt.com\/tr\/wp-json\/wp\/v2\/comments?post=11445"}],"wp:featuredmedia":[{"embeddable":true,"href":"https:\/\/secnaturfrankfurt.com\/tr\/wp-json\/wp\/v2\/media\/11482"}],"wp:attachment":[{"href":"https:\/\/secnaturfrankfurt.com\/tr\/wp-json\/wp\/v2\/media?parent=11445"}],"wp:term":[{"taxonomy":"product_cat","embeddable":true,"href":"https:\/\/secnaturfrankfurt.com\/tr\/wp-json\/wp\/v2\/product_cat?post=11445"},{"taxonomy":"product_tag","embeddable":true,"href":"https:\/\/secnaturfrankfurt.com\/tr\/wp-json\/wp\/v2\/product_tag?post=11445"}],"curies":[{"name":"wp","href":"https:\/\/api.w.org\/{rel}","templated":true}]}}