{"id":11396,"date":"2025-11-01T14:53:25","date_gmt":"2025-11-01T12:53:25","guid":{"rendered":"https:\/\/secnaturfrankfurt.com\/?post_type=product&#038;p=11396"},"modified":"2026-01-09T14:53:40","modified_gmt":"2026-01-09T12:53:40","slug":"rojan-suede-bucket-bag","status":"publish","type":"product","link":"https:\/\/secnaturfrankfurt.com\/tr\/shop\/all-products\/rojan-suede-bucket-bag\/","title":{"rendered":"Rojan Bucket \u00c7anta"},"content":{"rendered":"<p data-start=\"34\" data-end=\"282\">Rojan s\u00fcet bucket \u00e7anta, do\u011fal g\u00fczelli\u011fi sade ve zamans\u0131z bir tasar\u0131mla birle\u015ftiren zarif bir par\u00e7ad\u0131r. D\u0131\u015f y\u00fczeyi yumu\u015fak ve y\u00fcksek kaliteli s\u00fcetten \u00fcretilmi\u015ftir; i\u00e7 k\u0131sm\u0131 ise p\u00fcr\u00fczs\u00fcz, ger\u00e7ek deri ile astarlanm\u0131\u015ft\u0131r \u2013 dayan\u0131kl\u0131, rafine ve uzun \u00f6m\u00fcrl\u00fc.<\/p>\n<p data-start=\"284\" data-end=\"309\">\u00c7anta, iki adet ask\u0131 ile birlikte gelir:<\/p>\n<ul data-start=\"311\" data-end=\"487\">\n<li data-start=\"311\" data-end=\"355\">\n<p data-start=\"313\" data-end=\"355\">elde ta\u015f\u0131mak i\u00e7in k\u0131sa bir sap<\/p>\n<\/li>\n<li data-start=\"356\" data-end=\"487\">\n<p data-start=\"358\" data-end=\"487\">ayr\u0131ca omuzda veya \u00e7apraz ta\u015f\u0131maya uygun, ayarlanabilir uzun bir ask\u0131.<\/p>\n<\/li>\n<\/ul>\n<p data-start=\"489\" data-end=\"737\">\u00c7antan\u0131n i\u00e7 k\u0131sm\u0131 geni\u015f bir hacim sunar ve bir su \u015fi\u015fesini rahatl\u0131kla al\u0131r. De\u011ferli e\u015fyalar i\u00e7in fermuarl\u0131, pratik bir i\u00e7 cep bulunur. Alt\u0131n tonlar\u0131ndaki metal detaylar \u00e7antaya zarif bir dokunu\u015f katar ve s\u0131cak, do\u011fal karakterini vurgular.<\/p>\n<p data-start=\"739\" data-end=\"853\" data-is-last-node=\"\" data-is-only-node=\"\">Rojan s\u00fcet bucket \u00e7anta, g\u00fcnd\u00fczden ak\u015fama uzanan kullan\u0131m i\u00e7in \u015f\u0131k ve zamans\u0131z bir e\u015flik\u00e7idir.<\/p>","protected":false},"excerpt":{"rendered":"<p>Rojan suede bucket bag is an elegant\u00a0 that combines natural beauty with a clean, timeless design. The exterior features soft,<\/p>","protected":false},"featured_media":11585,"comment_status":"open","ping_status":"closed","template":"","meta":[],"product_cat":[21,69],"product_tag":[197,183,182],"class_list":{"0":"post-11396","1":"product","2":"type-product","3":"status-publish","4":"has-post-thumbnail","6":"product_cat-all-products","7":"product_cat-bags","8":"product_tag-bucket-bag","9":"product_tag-rojan-suede-bag","10":"product_tag-suede-bucket-bag","11":"tm-no-options","13":"first","14":"instock","15":"shipping-taxable","16":"purchasable","17":"product-type-variable"},"yoast_head":"<!-- This site is optimized with the Yoast SEO plugin v23.3 - https:\/\/yoast.com\/wordpress\/plugins\/seo\/ -->\n<title>Rojan Suede Bucket Bag \u2013 Elegant, Spacious &amp; Timeless Design<\/title>\n<meta name=\"description\" content=\"Discover Rojan suede bucket bag with genuine leather lining, versatile straps, roomy interior that fits a water bottle, and a secure zip pocket.\" \/>\n<meta name=\"robots\" content=\"index, follow, max-snippet:-1, max-image-preview:large, max-video-preview:-1\" \/>\n<link rel=\"canonical\" href=\"https:\/\/secnaturfrankfurt.com\/tr\/shop\/all-products\/rojan-suede-bucket-bag\/\" \/>\n<meta property=\"og:locale\" content=\"tr_TR\" \/>\n<meta property=\"og:type\" content=\"article\" \/>\n<meta property=\"og:title\" content=\"Rojan Suede Bucket Bag \u2013 Elegant, Spacious &amp; Timeless Design\" \/>\n<meta property=\"og:description\" content=\"Discover Rojan suede bucket bag with genuine leather lining, versatile straps, roomy interior that fits a water bottle, and a secure zip pocket.\" \/>\n<meta property=\"og:url\" content=\"https:\/\/secnaturfrankfurt.com\/tr\/shop\/all-products\/rojan-suede-bucket-bag\/\" \/>\n<meta property=\"og:site_name\" content=\"Secnatur Frankfurt\" \/>\n<meta property=\"article:modified_time\" content=\"2026-01-09T12:53:40+00:00\" \/>\n<meta property=\"og:image\" content=\"https:\/\/secnaturfrankfurt.com\/wp-content\/uploads\/2025\/11\/3-2-640x800.png\" \/>\n\t<meta property=\"og:image:width\" content=\"640\" \/>\n\t<meta property=\"og:image:height\" content=\"800\" \/>\n\t<meta property=\"og:image:type\" content=\"image\/png\" \/>\n<meta name=\"twitter:card\" content=\"summary_large_image\" \/>\n<meta name=\"twitter:label1\" content=\"Tahmini okuma s\u00fcresi\" \/>\n\t<meta name=\"twitter:data1\" content=\"1 dakika\" \/>\n<script type=\"application\/ld+json\" class=\"yoast-schema-graph\">{\"@context\":\"https:\/\/schema.org\",\"@graph\":[{\"@type\":\"WebPage\",\"@id\":\"https:\/\/secnaturfrankfurt.com\/shop\/all-products\/rojan-suede-bucket-bag\/\",\"url\":\"https:\/\/secnaturfrankfurt.com\/shop\/all-products\/rojan-suede-bucket-bag\/\",\"name\":\"Rojan Suede Bucket Bag \u2013 Elegant, Spacious & Timeless Design\",\"isPartOf\":{\"@id\":\"https:\/\/secnaturfrankfurt.com\/#website\"},\"primaryImageOfPage\":{\"@id\":\"https:\/\/secnaturfrankfurt.com\/shop\/all-products\/rojan-suede-bucket-bag\/#primaryimage\"},\"image\":{\"@id\":\"https:\/\/secnaturfrankfurt.com\/shop\/all-products\/rojan-suede-bucket-bag\/#primaryimage\"},\"thumbnailUrl\":\"https:\/\/secnaturfrankfurt.com\/wp-content\/uploads\/2025\/11\/3-2.png\",\"datePublished\":\"2025-11-01T12:53:25+00:00\",\"dateModified\":\"2026-01-09T12:53:40+00:00\",\"description\":\"Discover Rojan suede bucket bag with genuine leather lining, versatile straps, roomy interior that fits a water bottle, and a secure zip pocket.\",\"breadcrumb\":{\"@id\":\"https:\/\/secnaturfrankfurt.com\/shop\/all-products\/rojan-suede-bucket-bag\/#breadcrumb\"},\"inLanguage\":\"tr\",\"potentialAction\":[{\"@type\":\"ReadAction\",\"target\":[\"https:\/\/secnaturfrankfurt.com\/shop\/all-products\/rojan-suede-bucket-bag\/\"]}]},{\"@type\":\"ImageObject\",\"inLanguage\":\"tr\",\"@id\":\"https:\/\/secnaturfrankfurt.com\/shop\/all-products\/rojan-suede-bucket-bag\/#primaryimage\",\"url\":\"https:\/\/secnaturfrankfurt.com\/wp-content\/uploads\/2025\/11\/3-2.png\",\"contentUrl\":\"https:\/\/secnaturfrankfurt.com\/wp-content\/uploads\/2025\/11\/3-2.png\",\"width\":1600,\"height\":2000},{\"@type\":\"BreadcrumbList\",\"@id\":\"https:\/\/secnaturfrankfurt.com\/shop\/all-products\/rojan-suede-bucket-bag\/#breadcrumb\",\"itemListElement\":[{\"@type\":\"ListItem\",\"position\":1,\"name\":\"Home\",\"item\":\"https:\/\/secnaturfrankfurt.com\/\"},{\"@type\":\"ListItem\",\"position\":2,\"name\":\"Shop\",\"item\":\"https:\/\/secnaturfrankfurt.com\/shop\/\"},{\"@type\":\"ListItem\",\"position\":3,\"name\":\"Rojan Bucket Bag\"}]},{\"@type\":\"WebSite\",\"@id\":\"https:\/\/secnaturfrankfurt.com\/#website\",\"url\":\"https:\/\/secnaturfrankfurt.com\/\",\"name\":\"Secnatur Frankfurt\",\"description\":\"Discover Pure Nature Leather\",\"potentialAction\":[{\"@type\":\"SearchAction\",\"target\":{\"@type\":\"EntryPoint\",\"urlTemplate\":\"https:\/\/secnaturfrankfurt.com\/?s={search_term_string}\"},\"query-input\":\"required name=search_term_string\"}],\"inLanguage\":\"tr\"}]}<\/script>\n<!-- \/ Yoast SEO plugin. -->","yoast_head_json":{"title":"Rojan Suede Bucket Bag \u2013 Elegant, Spacious & Timeless Design","description":"Discover Rojan suede bucket bag with genuine leather lining, versatile straps, roomy interior that fits a water bottle, and a secure zip pocket.","robots":{"index":"index","follow":"follow","max-snippet":"max-snippet:-1","max-image-preview":"max-image-preview:large","max-video-preview":"max-video-preview:-1"},"canonical":"https:\/\/secnaturfrankfurt.com\/tr\/shop\/all-products\/rojan-suede-bucket-bag\/","og_locale":"tr_TR","og_type":"article","og_title":"Rojan Suede Bucket Bag \u2013 Elegant, Spacious & Timeless Design","og_description":"Discover Rojan suede bucket bag with genuine leather lining, versatile straps, roomy interior that fits a water bottle, and a secure zip pocket.","og_url":"https:\/\/secnaturfrankfurt.com\/tr\/shop\/all-products\/rojan-suede-bucket-bag\/","og_site_name":"Secnatur Frankfurt","article_modified_time":"2026-01-09T12:53:40+00:00","og_image":[{"width":640,"height":800,"url":"https:\/\/secnaturfrankfurt.com\/wp-content\/uploads\/2025\/11\/3-2-640x800.png","type":"image\/png"}],"twitter_card":"summary_large_image","twitter_misc":{"Tahmini okuma s\u00fcresi":"1 dakika"},"schema":{"@context":"https:\/\/schema.org","@graph":[{"@type":"WebPage","@id":"https:\/\/secnaturfrankfurt.com\/shop\/all-products\/rojan-suede-bucket-bag\/","url":"https:\/\/secnaturfrankfurt.com\/shop\/all-products\/rojan-suede-bucket-bag\/","name":"Rojan Suede Bucket Bag \u2013 Elegant, Spacious & Timeless Design","isPartOf":{"@id":"https:\/\/secnaturfrankfurt.com\/#website"},"primaryImageOfPage":{"@id":"https:\/\/secnaturfrankfurt.com\/shop\/all-products\/rojan-suede-bucket-bag\/#primaryimage"},"image":{"@id":"https:\/\/secnaturfrankfurt.com\/shop\/all-products\/rojan-suede-bucket-bag\/#primaryimage"},"thumbnailUrl":"https:\/\/secnaturfrankfurt.com\/wp-content\/uploads\/2025\/11\/3-2.png","datePublished":"2025-11-01T12:53:25+00:00","dateModified":"2026-01-09T12:53:40+00:00","description":"Discover Rojan suede bucket bag with genuine leather lining, versatile straps, roomy interior that fits a water bottle, and a secure zip pocket.","breadcrumb":{"@id":"https:\/\/secnaturfrankfurt.com\/shop\/all-products\/rojan-suede-bucket-bag\/#breadcrumb"},"inLanguage":"tr","potentialAction":[{"@type":"ReadAction","target":["https:\/\/secnaturfrankfurt.com\/shop\/all-products\/rojan-suede-bucket-bag\/"]}]},{"@type":"ImageObject","inLanguage":"tr","@id":"https:\/\/secnaturfrankfurt.com\/shop\/all-products\/rojan-suede-bucket-bag\/#primaryimage","url":"https:\/\/secnaturfrankfurt.com\/wp-content\/uploads\/2025\/11\/3-2.png","contentUrl":"https:\/\/secnaturfrankfurt.com\/wp-content\/uploads\/2025\/11\/3-2.png","width":1600,"height":2000},{"@type":"BreadcrumbList","@id":"https:\/\/secnaturfrankfurt.com\/shop\/all-products\/rojan-suede-bucket-bag\/#breadcrumb","itemListElement":[{"@type":"ListItem","position":1,"name":"Home","item":"https:\/\/secnaturfrankfurt.com\/"},{"@type":"ListItem","position":2,"name":"Shop","item":"https:\/\/secnaturfrankfurt.com\/shop\/"},{"@type":"ListItem","position":3,"name":"Rojan Bucket Bag"}]},{"@type":"WebSite","@id":"https:\/\/secnaturfrankfurt.com\/#website","url":"https:\/\/secnaturfrankfurt.com\/","name":"Secnatur Frankfurt","description":"Discover Pure Nature Leather","potentialAction":[{"@type":"SearchAction","target":{"@type":"EntryPoint","urlTemplate":"https:\/\/secnaturfrankfurt.com\/?s={search_term_string}"},"query-input":"required name=search_term_string"}],"inLanguage":"tr"}]}},"jetpack_sharing_enabled":true,"_links":{"self":[{"href":"https:\/\/secnaturfrankfurt.com\/tr\/wp-json\/wp\/v2\/product\/11396","targetHints":{"allow":["GET"]}}],"collection":[{"href":"https:\/\/secnaturfrankfurt.com\/tr\/wp-json\/wp\/v2\/product"}],"about":[{"href":"https:\/\/secnaturfrankfurt.com\/tr\/wp-json\/wp\/v2\/types\/product"}],"replies":[{"embeddable":true,"href":"https:\/\/secnaturfrankfurt.com\/tr\/wp-json\/wp\/v2\/comments?post=11396"}],"wp:featuredmedia":[{"embeddable":true,"href":"https:\/\/secnaturfrankfurt.com\/tr\/wp-json\/wp\/v2\/media\/11585"}],"wp:attachment":[{"href":"https:\/\/secnaturfrankfurt.com\/tr\/wp-json\/wp\/v2\/media?parent=11396"}],"wp:term":[{"taxonomy":"product_cat","embeddable":true,"href":"https:\/\/secnaturfrankfurt.com\/tr\/wp-json\/wp\/v2\/product_cat?post=11396"},{"taxonomy":"product_tag","embeddable":true,"href":"https:\/\/secnaturfrankfurt.com\/tr\/wp-json\/wp\/v2\/product_tag?post=11396"}],"curies":[{"name":"wp","href":"https:\/\/api.w.org\/{rel}","templated":true}]}}