{"id":10985,"date":"2025-03-16T00:53:52","date_gmt":"2025-03-15T22:53:52","guid":{"rendered":"https:\/\/secnaturfrankfurt.com\/?post_type=product&#038;p=10985"},"modified":"2026-04-28T21:42:53","modified_gmt":"2026-04-28T19:42:53","slug":"personalized-leather-card-case-2","status":"publish","type":"product","link":"https:\/\/secnaturfrankfurt.com\/tr\/shop\/bags\/belt-bag\/personalized-leather-card-case-2\/","title":{"rendered":"\u00d6zelle\u015ftirilebilir Dana Derisi Kartl\u0131k"},"content":{"rendered":"<p data-start=\"202\" data-end=\"267\"><strong data-start=\"202\" data-end=\"267\">Ki\u015fiselle\u015ftirilmi\u015f Deri Kartl\u0131k \u2013 Ba\u015f Harflerinizi Ekleyin<\/strong><\/p>\n<p data-start=\"269\" data-end=\"514\"><strong data-start=\"269\" data-end=\"297\">Zarafete Giri\u015f<\/strong><br data-start=\"297\" data-end=\"300\" \/>Ki\u015fiselle\u015ftirilmi\u015f Deri Kartl\u0131k'\u0131m\u0131z\u0131n zarafetini ke\u015ffedin. \u015e\u0131k bir \u00e7\u0131t\u00e7\u0131t kapatma ve m\u00fckemmel i\u015f\u00e7ilik \u00f6zellikleriyle, 12 karta kadar g\u00fcvenli bir \u015fekilde saklayabilir, l\u00fcks ve i\u015flevselli\u011fi \u00f6nemseyenler i\u00e7in idealdir.<\/p>\n<p data-start=\"516\" data-end=\"764\"><strong data-start=\"516\" data-end=\"539\">Ola\u011fan\u00fcst\u00fc Malzemeler<\/strong><br data-start=\"539\" data-end=\"542\" \/>Yetenekli zanaatkarlar taraf\u0131ndan \u00fcretilen Ki\u015fiselle\u015ftirilmi\u015f Deri Kartl\u0131k'\u0131m\u0131z, zamanla kar\u015f\u0131 koyacak ve kullan\u0131ld\u0131k\u00e7a de\u011ferlenecek y\u00fcksek kaliteli inek derisinden yap\u0131lm\u0131\u015ft\u0131r. Sonu\u00e7 olarak, uzun s\u00fcreli bir kalite deneyimi ya\u015fayacaks\u0131n\u0131z.<\/p>\n<p data-start=\"766\" data-end=\"1013\"><strong data-start=\"766\" data-end=\"794\">D\u00fczenli ve Eri\u015filebilir<\/strong><br data-start=\"794\" data-end=\"797\" \/>Bu kartl\u0131k, kredi kartlar\u0131ndan kimliklere kadar her \u015feyi d\u00fczenli bir \u015fekilde saklamak ve kolayca eri\u015filebilir k\u0131lmak i\u00e7in 12 kart i\u00e7in organize b\u00f6l\u00fcmler sunar. Ayr\u0131ca, temel e\u015fyalar\u0131n\u0131z\u0131n her zaman elinizin alt\u0131nda olmas\u0131n\u0131 sa\u011flar.<\/p>\n<p data-start=\"1015\" data-end=\"1204\"><strong data-start=\"1015\" data-end=\"1036\">Sa\u011flam ve G\u00fcvenli<\/strong><br data-start=\"1036\" data-end=\"1039\" \/>Sa\u011flam bir \u00e7\u0131t\u00e7\u0131t kapama, t\u00fcm i\u00e7eriklerin g\u00fcvenle yerinde kalmas\u0131n\u0131 sa\u011flar. Ayr\u0131ca, bu \u00f6zellik en \u00e7ok ihtiya\u00e7 duydu\u011funuzda h\u0131zl\u0131 eri\u015fim imkan\u0131 tan\u0131r.<\/p>\n<p data-start=\"1206\" data-end=\"1373\"><strong data-start=\"1206\" data-end=\"1225\">Size \u00d6zel<\/strong><br data-start=\"1225\" data-end=\"1228\" \/>Bu kartl\u0131k\u0131 tamamen size \u00f6zg\u00fc yapmak i\u00e7in ba\u015f harfler ekleyin veya tam ad\u0131n\u0131z\u0131 yaz\u0131n, ki\u015fisel kullan\u0131m i\u00e7in m\u00fckemmel veya d\u00fc\u015f\u00fcnceli bir hediye olarak ideal.<\/p>\n<p data-start=\"1375\" data-end=\"1569\"><strong data-start=\"1375\" data-end=\"1400\">\u015e\u0131k ve Aerodinamik<\/strong><br data-start=\"1400\" data-end=\"1403\" \/>\u015e\u0131k, minimalist bir tasar\u0131ma sahip olup her cebi rahats\u0131z etmeyecek \u015fekilde tasarlanm\u0131\u015ft\u0131r. Bu nedenle, sade stili takdir edenler i\u00e7in idealdir.<\/p>\n<p data-start=\"1571\" data-end=\"1830\"><strong data-start=\"1571\" data-end=\"1597\">Kompakt ve Kullan\u0131\u015fl\u0131<\/strong><br data-start=\"1597\" data-end=\"1600\" \/>Size and Utility: Perfect for everyday use, this compact case fits seamlessly into your lifestyle. Whether you&#8217;re attending daily activities or traveling, the <strong data-start=\"1763\" data-end=\"1797\">Personalized Leather Card Case<\/strong> is your sophisticated companion.<\/p>\n<p data-start=\"1832\" data-end=\"2043\"><strong data-start=\"1832\" data-end=\"1864\">Versatile for Every Occasion<\/strong><br data-start=\"1864\" data-end=\"1867\" \/>Adaptability: Suitable for both professional and casual use, the card case seamlessly adapts from business meetings to casual outings. Hence, it&#8217;s perfect for any occasion.<\/p>\n<p data-start=\"2045\" data-end=\"2286\"><strong data-start=\"2045\" data-end=\"2069\">Thoughtful Gift Idea<\/strong><br data-start=\"2069\" data-end=\"2072\" \/>Gifting Made Personal: Consider this card case for special occasions like birthdays or promotions, adding a personalized touch that is greatly appreciated. Moreover, it serves as a memorable and practical gift.<\/p>\n<p data-start=\"2288\" data-end=\"2549\"><strong data-start=\"2288\" data-end=\"2315\">Maintenance Made Simple<\/strong><br data-start=\"2315\" data-end=\"2318\" \/>Care Instructions: Maintaining your Personalized Leather Card Case is effortless. A soft cloth and leather conditioner are all you need to keep it looking new. As a result, your style remains impeccable with minimal effort.<\/p>\n<p data-start=\"2551\" data-end=\"2836\"><strong data-start=\"2551\" data-end=\"2595\">Conclusion: More Than Just a Card Holder<\/strong><br data-start=\"2595\" data-end=\"2598\" \/>This Personalized Leather Card Case is not just a holder for your cards but a testament to individual style and organization. It\u2019s an excellent choice for anyone looking to refine their essentials in a sophisticated, personalized way.<\/p>\n<p data-start=\"2838\" data-end=\"3026\"><strong data-start=\"2838\" data-end=\"2869\">Call to Action: Order Today<\/strong><br data-start=\"2869\" data-end=\"2872\" \/>Purchase now and enjoy a blend of security, style, and personal touch. Your new card case is not just a purchase; it symbolizes quality and individuality.<\/p>","protected":false},"excerpt":{"rendered":"<p>Personalized Leather Card Case \u2013 Customize with Your Initials Introduction to EleganceDiscover the elegance of our Personalized Leather Card Case.<\/p>","protected":false},"featured_media":11703,"comment_status":"open","ping_status":"closed","template":"","meta":[],"product_cat":[21,69,74],"product_tag":[],"class_list":{"0":"post-10985","1":"product","2":"type-product","3":"status-publish","4":"has-post-thumbnail","6":"product_cat-all-products","7":"product_cat-bags","8":"product_cat-belt-bag","9":"tm-has-options","11":"first","12":"instock","13":"shipping-taxable","14":"purchasable","15":"product-type-variable"},"yoast_head":"<!-- This site is optimized with the Yoast SEO plugin v23.3 - https:\/\/yoast.com\/wordpress\/plugins\/seo\/ -->\n<title>Personalized Leather Card Case - Customizable with Your Initials<\/title>\n<meta name=\"description\" content=\"Shop now for our sleek personalized leather card case. Add your initials to make it uniquely yours, perfect for gifts or personal use.\" \/>\n<meta name=\"robots\" content=\"index, follow, max-snippet:-1, max-image-preview:large, max-video-preview:-1\" \/>\n<link rel=\"canonical\" href=\"https:\/\/secnaturfrankfurt.com\/tr\/shop\/bags\/belt-bag\/personalized-leather-card-case-2\/\" \/>\n<meta property=\"og:locale\" content=\"tr_TR\" \/>\n<meta property=\"og:type\" content=\"article\" \/>\n<meta property=\"og:title\" content=\"Personalized Leather Card Case - Customizable with Your Initials\" \/>\n<meta property=\"og:description\" content=\"Shop now for our sleek personalized leather card case. Add your initials to make it uniquely yours, perfect for gifts or personal use.\" \/>\n<meta property=\"og:url\" content=\"https:\/\/secnaturfrankfurt.com\/tr\/shop\/bags\/belt-bag\/personalized-leather-card-case-2\/\" \/>\n<meta property=\"og:site_name\" content=\"Secnatur Frankfurt\" \/>\n<meta property=\"article:modified_time\" content=\"2026-04-28T19:42:53+00:00\" \/>\n<meta property=\"og:image\" content=\"https:\/\/secnaturfrankfurt.com\/wp-content\/uploads\/2025\/03\/ChatGPT-Image-28.-Apr.-2026-11_19_30.png\" \/>\n\t<meta property=\"og:image:width\" content=\"1122\" \/>\n\t<meta property=\"og:image:height\" content=\"1402\" \/>\n\t<meta property=\"og:image:type\" content=\"image\/png\" \/>\n<meta name=\"twitter:card\" content=\"summary_large_image\" \/>\n<meta name=\"twitter:label1\" content=\"Tahmini okuma s\u00fcresi\" \/>\n\t<meta name=\"twitter:data1\" content=\"2 dakika\" \/>\n<script type=\"application\/ld+json\" class=\"yoast-schema-graph\">{\"@context\":\"https:\/\/schema.org\",\"@graph\":[{\"@type\":\"WebPage\",\"@id\":\"https:\/\/secnaturfrankfurt.com\/shop\/bags\/belt-bag\/personalized-leather-card-case-2\/\",\"url\":\"https:\/\/secnaturfrankfurt.com\/shop\/bags\/belt-bag\/personalized-leather-card-case-2\/\",\"name\":\"Personalized Leather Card Case - Customizable with Your Initials\",\"isPartOf\":{\"@id\":\"https:\/\/secnaturfrankfurt.com\/#website\"},\"primaryImageOfPage\":{\"@id\":\"https:\/\/secnaturfrankfurt.com\/shop\/bags\/belt-bag\/personalized-leather-card-case-2\/#primaryimage\"},\"image\":{\"@id\":\"https:\/\/secnaturfrankfurt.com\/shop\/bags\/belt-bag\/personalized-leather-card-case-2\/#primaryimage\"},\"thumbnailUrl\":\"https:\/\/secnaturfrankfurt.com\/wp-content\/uploads\/2025\/03\/ChatGPT-Image-28.-Apr.-2026-11_19_30.png\",\"datePublished\":\"2025-03-15T22:53:52+00:00\",\"dateModified\":\"2026-04-28T19:42:53+00:00\",\"description\":\"Shop now for our sleek personalized leather card case. Add your initials to make it uniquely yours, perfect for gifts or personal use.\",\"breadcrumb\":{\"@id\":\"https:\/\/secnaturfrankfurt.com\/shop\/bags\/belt-bag\/personalized-leather-card-case-2\/#breadcrumb\"},\"inLanguage\":\"tr\",\"potentialAction\":[{\"@type\":\"ReadAction\",\"target\":[\"https:\/\/secnaturfrankfurt.com\/shop\/bags\/belt-bag\/personalized-leather-card-case-2\/\"]}]},{\"@type\":\"ImageObject\",\"inLanguage\":\"tr\",\"@id\":\"https:\/\/secnaturfrankfurt.com\/shop\/bags\/belt-bag\/personalized-leather-card-case-2\/#primaryimage\",\"url\":\"https:\/\/secnaturfrankfurt.com\/wp-content\/uploads\/2025\/03\/ChatGPT-Image-28.-Apr.-2026-11_19_30.png\",\"contentUrl\":\"https:\/\/secnaturfrankfurt.com\/wp-content\/uploads\/2025\/03\/ChatGPT-Image-28.-Apr.-2026-11_19_30.png\",\"width\":1122,\"height\":1402},{\"@type\":\"BreadcrumbList\",\"@id\":\"https:\/\/secnaturfrankfurt.com\/shop\/bags\/belt-bag\/personalized-leather-card-case-2\/#breadcrumb\",\"itemListElement\":[{\"@type\":\"ListItem\",\"position\":1,\"name\":\"Home\",\"item\":\"https:\/\/secnaturfrankfurt.com\/\"},{\"@type\":\"ListItem\",\"position\":2,\"name\":\"Shop\",\"item\":\"https:\/\/secnaturfrankfurt.com\/shop\/\"},{\"@type\":\"ListItem\",\"position\":3,\"name\":\"Customizable Cowhide Leather Card Case\"}]},{\"@type\":\"WebSite\",\"@id\":\"https:\/\/secnaturfrankfurt.com\/#website\",\"url\":\"https:\/\/secnaturfrankfurt.com\/\",\"name\":\"Secnatur Frankfurt\",\"description\":\"Discover Pure Nature Leather\",\"potentialAction\":[{\"@type\":\"SearchAction\",\"target\":{\"@type\":\"EntryPoint\",\"urlTemplate\":\"https:\/\/secnaturfrankfurt.com\/?s={search_term_string}\"},\"query-input\":\"required name=search_term_string\"}],\"inLanguage\":\"tr\"}]}<\/script>\n<!-- \/ Yoast SEO plugin. -->","yoast_head_json":{"title":"Personalized Leather Card Case - Customizable with Your Initials","description":"Shop now for our sleek personalized leather card case. Add your initials to make it uniquely yours, perfect for gifts or personal use.","robots":{"index":"index","follow":"follow","max-snippet":"max-snippet:-1","max-image-preview":"max-image-preview:large","max-video-preview":"max-video-preview:-1"},"canonical":"https:\/\/secnaturfrankfurt.com\/tr\/shop\/bags\/belt-bag\/personalized-leather-card-case-2\/","og_locale":"tr_TR","og_type":"article","og_title":"Personalized Leather Card Case - Customizable with Your Initials","og_description":"Shop now for our sleek personalized leather card case. Add your initials to make it uniquely yours, perfect for gifts or personal use.","og_url":"https:\/\/secnaturfrankfurt.com\/tr\/shop\/bags\/belt-bag\/personalized-leather-card-case-2\/","og_site_name":"Secnatur Frankfurt","article_modified_time":"2026-04-28T19:42:53+00:00","og_image":[{"width":1122,"height":1402,"url":"https:\/\/secnaturfrankfurt.com\/wp-content\/uploads\/2025\/03\/ChatGPT-Image-28.-Apr.-2026-11_19_30.png","type":"image\/png"}],"twitter_card":"summary_large_image","twitter_misc":{"Tahmini okuma s\u00fcresi":"2 dakika"},"schema":{"@context":"https:\/\/schema.org","@graph":[{"@type":"WebPage","@id":"https:\/\/secnaturfrankfurt.com\/shop\/bags\/belt-bag\/personalized-leather-card-case-2\/","url":"https:\/\/secnaturfrankfurt.com\/shop\/bags\/belt-bag\/personalized-leather-card-case-2\/","name":"Personalized Leather Card Case - Customizable with Your Initials","isPartOf":{"@id":"https:\/\/secnaturfrankfurt.com\/#website"},"primaryImageOfPage":{"@id":"https:\/\/secnaturfrankfurt.com\/shop\/bags\/belt-bag\/personalized-leather-card-case-2\/#primaryimage"},"image":{"@id":"https:\/\/secnaturfrankfurt.com\/shop\/bags\/belt-bag\/personalized-leather-card-case-2\/#primaryimage"},"thumbnailUrl":"https:\/\/secnaturfrankfurt.com\/wp-content\/uploads\/2025\/03\/ChatGPT-Image-28.-Apr.-2026-11_19_30.png","datePublished":"2025-03-15T22:53:52+00:00","dateModified":"2026-04-28T19:42:53+00:00","description":"Shop now for our sleek personalized leather card case. Add your initials to make it uniquely yours, perfect for gifts or personal use.","breadcrumb":{"@id":"https:\/\/secnaturfrankfurt.com\/shop\/bags\/belt-bag\/personalized-leather-card-case-2\/#breadcrumb"},"inLanguage":"tr","potentialAction":[{"@type":"ReadAction","target":["https:\/\/secnaturfrankfurt.com\/shop\/bags\/belt-bag\/personalized-leather-card-case-2\/"]}]},{"@type":"ImageObject","inLanguage":"tr","@id":"https:\/\/secnaturfrankfurt.com\/shop\/bags\/belt-bag\/personalized-leather-card-case-2\/#primaryimage","url":"https:\/\/secnaturfrankfurt.com\/wp-content\/uploads\/2025\/03\/ChatGPT-Image-28.-Apr.-2026-11_19_30.png","contentUrl":"https:\/\/secnaturfrankfurt.com\/wp-content\/uploads\/2025\/03\/ChatGPT-Image-28.-Apr.-2026-11_19_30.png","width":1122,"height":1402},{"@type":"BreadcrumbList","@id":"https:\/\/secnaturfrankfurt.com\/shop\/bags\/belt-bag\/personalized-leather-card-case-2\/#breadcrumb","itemListElement":[{"@type":"ListItem","position":1,"name":"Home","item":"https:\/\/secnaturfrankfurt.com\/"},{"@type":"ListItem","position":2,"name":"Shop","item":"https:\/\/secnaturfrankfurt.com\/shop\/"},{"@type":"ListItem","position":3,"name":"Customizable Cowhide Leather Card Case"}]},{"@type":"WebSite","@id":"https:\/\/secnaturfrankfurt.com\/#website","url":"https:\/\/secnaturfrankfurt.com\/","name":"Secnatur Frankfurt","description":"Discover Pure Nature Leather","potentialAction":[{"@type":"SearchAction","target":{"@type":"EntryPoint","urlTemplate":"https:\/\/secnaturfrankfurt.com\/?s={search_term_string}"},"query-input":"required name=search_term_string"}],"inLanguage":"tr"}]}},"jetpack_sharing_enabled":true,"_links":{"self":[{"href":"https:\/\/secnaturfrankfurt.com\/tr\/wp-json\/wp\/v2\/product\/10985","targetHints":{"allow":["GET"]}}],"collection":[{"href":"https:\/\/secnaturfrankfurt.com\/tr\/wp-json\/wp\/v2\/product"}],"about":[{"href":"https:\/\/secnaturfrankfurt.com\/tr\/wp-json\/wp\/v2\/types\/product"}],"replies":[{"embeddable":true,"href":"https:\/\/secnaturfrankfurt.com\/tr\/wp-json\/wp\/v2\/comments?post=10985"}],"wp:featuredmedia":[{"embeddable":true,"href":"https:\/\/secnaturfrankfurt.com\/tr\/wp-json\/wp\/v2\/media\/11703"}],"wp:attachment":[{"href":"https:\/\/secnaturfrankfurt.com\/tr\/wp-json\/wp\/v2\/media?parent=10985"}],"wp:term":[{"taxonomy":"product_cat","embeddable":true,"href":"https:\/\/secnaturfrankfurt.com\/tr\/wp-json\/wp\/v2\/product_cat?post=10985"},{"taxonomy":"product_tag","embeddable":true,"href":"https:\/\/secnaturfrankfurt.com\/tr\/wp-json\/wp\/v2\/product_tag?post=10985"}],"curies":[{"name":"wp","href":"https:\/\/api.w.org\/{rel}","templated":true}]}}