{"id":10889,"date":"2024-11-29T15:19:52","date_gmt":"2024-11-29T13:19:52","guid":{"rendered":"https:\/\/secnaturfrankfurt.com\/?post_type=product&#038;p=10889"},"modified":"2025-06-21T10:54:09","modified_gmt":"2025-06-21T08:54:09","slug":"leather-toiletry-bag-black","status":"publish","type":"product","link":"https:\/\/secnaturfrankfurt.com\/tr\/shop\/bags\/mini-purse\/leather-toiletry-bag-black\/","title":{"rendered":"Leather Toiletry Bag \u2013 Handmade &#038; Customizable (Black)"},"content":{"rendered":"<div class=\"flex max-w-full flex-col flex-grow\">\n<div class=\"min-h-8 text-message flex w-full flex-col items-end gap-2 whitespace-normal break-words text-start [.text-message+&amp;]:mt-5\" dir=\"auto\" data-message-author-role=\"assistant\" data-message-id=\"0c749f17-df7e-4bed-b8c7-b17bc7a081a4\" data-message-model-slug=\"gpt-4\">\n<div class=\"flex w-full flex-col gap-1 empty:hidden first:pt-[3px]\">\n<div class=\"markdown prose w-full break-words dark:prose-invert light\">\n<p data-start=\"43\" data-end=\"141\"><strong data-start=\"43\" data-end=\"141\">Sebze Tabakl\u0131 Dana Derisinden Yap\u0131lan \u00d6zel El Yap\u0131m\u0131 Tuvalet \u00c7antam\u0131z\u0131 Ke\u015ffedin<\/strong><\/p>\n<p data-start=\"143\" data-end=\"541\"><strong data-start=\"143\" data-end=\"183\">\u00dcst\u00fcn \u0130\u015f\u00e7ilik ve Malzemeler<\/strong> Seyahat rutininizi, \u00e7evre dostu, sebze tabakl\u0131 dana derisinden yap\u0131lm\u0131\u015f tuvalet \u00e7antam\u0131z ile y\u00fckseltin. \u00dc\u00e7 farkl\u0131 boyutta mevcut olan bu dayan\u0131kl\u0131 \u00e7anta, sa\u00e7 spreyi, deodorant, t\u0131ra\u015f k\u00f6p\u00fc\u011f\u00fc, kremler, makyaj ve cilt bak\u0131m \u00fcr\u00fcnlerinizin hepsini kolayca s\u0131\u011fd\u0131r\u0131r. Her \u015feyi d\u00fczenli tutar ve kolay eri\u015fim sa\u011flar, bu da s\u0131k seyahat edenler i\u00e7in vazge\u00e7ilmez k\u0131lar.<\/p>\n<p data-start=\"543\" data-end=\"932\"><strong data-start=\"543\" data-end=\"574\">Verimli Depolama \u00c7\u00f6z\u00fcmleri<\/strong> \u0130\u00e7 k\u0131sm\u0131nda, paketlemeyi kolayla\u015ft\u0131ran yumu\u015fak bir pamuk astar ve pratik depolama se\u00e7enekleri bulunur. \u0130ki a\u00e7\u0131k b\u00f6lme k\u00fc\u00e7\u00fck e\u015fyalar\u0131 g\u00fcvenle saklar, bir fermuarl\u0131 cep ise de\u011ferli e\u015fyalar i\u00e7in ek koruma sa\u011flar. Bu ak\u0131ll\u0131 d\u00fczenleme ile hem erkeklerin hem de kad\u0131nlar\u0131n ki\u015fisel bak\u0131m \u00fcr\u00fcnlerini h\u0131zl\u0131ca d\u00fczenleyebilir, ihtiyac\u0131n\u0131z olan her \u015feye kolayca eri\u015fim sa\u011flayabilirsiniz.<\/p>\n<p data-start=\"934\" data-end=\"1280\"><strong data-start=\"934\" data-end=\"969\">Dedicated Artisan Craftsmanship<\/strong> Our skilled artisans carefully handcraft each custom handmade toiletry bag with a strong focus on durability and design. Not only do they highlight the leather\u2019s natural texture, but they also give each bag a unique look. As a result, every piece becomes a stylish accessory for those who appreciate both quality and function.<\/p>\n<p data-start=\"1282\" data-end=\"1582\"><strong data-start=\"1282\" data-end=\"1307\">Versatile and Stylish<\/strong> This toiletry bag is designed to work well for a variety of uses, from extended trips abroad to quick weekend getaways. Its elegant design effortlessly complements any lifestyle, making it an essential travel accessory. Moreover, it is ideal for keeping organized on the go.<\/p>\n<p data-start=\"1584\" data-end=\"1890\"><strong data-start=\"1584\" data-end=\"1618\">Perfect for Customizable Gifts<\/strong> You can make your toiletry bag even more special by personalizing it. Choose from options like engraved initials or custom colors. This personalization transforms each bag into a thoughtful gift, perfect for birthdays, anniversaries, or as a unique token of appreciation.<\/p>\n<p data-start=\"1892\" data-end=\"2174\"><strong data-start=\"1892\" data-end=\"1922\">Our Sustainability Promise<\/strong> In choosing our product, you also support eco-friendly practices. We use vegetable-tanned leather, a method that minimizes harmful chemicals. This sustainable approach supports a healthier environment, while also adding lasting value to your purchase.<\/p>\n<p data-start=\"2176\" data-end=\"2432\" data-is-only-node=\"\" data-is-last-node=\"\"><strong data-start=\"2176\" data-end=\"2201\">Her Yolculu\u011fu Geli\u015ftirin<\/strong> With our robust and beautifully designed toiletry bag, you can travel in style. Its classic look and dependable construction ensure it remains your reliable companion, bringing both elegance and convenience to all your adventures.<\/p>\n<\/div>\n<\/div>\n<\/div>\n<\/div>","protected":false},"excerpt":{"rendered":"<p>Siyah<\/p>\n<p>L: 25x12x13 cm<\/p>","protected":false},"featured_media":10292,"comment_status":"open","ping_status":"closed","template":"","meta":[],"product_cat":[121,21,69,73],"product_tag":[145,141,142,143,140,144],"class_list":{"0":"post-10889","1":"product","2":"type-product","3":"status-publish","4":"has-post-thumbnail","6":"product_cat-cosmetic-bag","7":"product_cat-all-products","8":"product_cat-bags","9":"product_cat-mini-purse","10":"product_tag-black-leather","11":"product_tag-handmade","12":"product_tag-leather","13":"product_tag-mens-gift","14":"product_tag-toiletry-bag","15":"product_tag-travel-organizer","16":"tm-has-styled-variations","17":"tm-has-options","19":"first","20":"instock","21":"shipping-taxable","22":"purchasable","23":"product-type-simple"},"yoast_head":"<!-- This site is optimized with the Yoast SEO plugin v23.3 - https:\/\/yoast.com\/wordpress\/plugins\/seo\/ -->\n<title>Custom Handmade Toiletry Bag | Eco-Friendly Essentials<\/title>\n<meta name=\"description\" content=\"Explore our Custom Handmade Toiletry Bag made from sustainable vegetable-tanned leather. Ideal for travel, keeps essentials organized.\" \/>\n<meta name=\"robots\" content=\"index, follow, max-snippet:-1, max-image-preview:large, max-video-preview:-1\" \/>\n<link rel=\"canonical\" href=\"https:\/\/secnaturfrankfurt.com\/tr\/shop\/bags\/mini-purse\/leather-toiletry-bag-black\/\" \/>\n<meta property=\"og:locale\" content=\"tr_TR\" \/>\n<meta property=\"og:type\" content=\"article\" \/>\n<meta property=\"og:title\" content=\"Custom Handmade Toiletry Bag | Eco-Friendly Essentials\" \/>\n<meta property=\"og:description\" content=\"Explore our Custom Handmade Toiletry Bag made from sustainable vegetable-tanned leather. Ideal for travel, keeps essentials organized.\" \/>\n<meta property=\"og:url\" content=\"https:\/\/secnaturfrankfurt.com\/tr\/shop\/bags\/mini-purse\/leather-toiletry-bag-black\/\" \/>\n<meta property=\"og:site_name\" content=\"Secnatur Frankfurt\" \/>\n<meta property=\"article:modified_time\" content=\"2025-06-21T08:54:09+00:00\" \/>\n<meta property=\"og:image\" content=\"https:\/\/secnaturfrankfurt.com\/wp-content\/uploads\/2023\/10\/k10.jpg\" \/>\n\t<meta property=\"og:image:width\" content=\"1600\" \/>\n\t<meta property=\"og:image:height\" content=\"2000\" \/>\n\t<meta property=\"og:image:type\" content=\"image\/jpeg\" \/>\n<meta name=\"twitter:card\" content=\"summary_large_image\" \/>\n<meta name=\"twitter:label1\" content=\"Tahmini okuma s\u00fcresi\" \/>\n\t<meta name=\"twitter:data1\" content=\"2 dakika\" \/>\n<script type=\"application\/ld+json\" class=\"yoast-schema-graph\">{\"@context\":\"https:\/\/schema.org\",\"@graph\":[{\"@type\":\"WebPage\",\"@id\":\"https:\/\/secnaturfrankfurt.com\/shop\/bags\/mini-purse\/leather-toiletry-bag-black\/\",\"url\":\"https:\/\/secnaturfrankfurt.com\/shop\/bags\/mini-purse\/leather-toiletry-bag-black\/\",\"name\":\"Custom Handmade Toiletry Bag | Eco-Friendly Essentials\",\"isPartOf\":{\"@id\":\"https:\/\/secnaturfrankfurt.com\/#website\"},\"primaryImageOfPage\":{\"@id\":\"https:\/\/secnaturfrankfurt.com\/shop\/bags\/mini-purse\/leather-toiletry-bag-black\/#primaryimage\"},\"image\":{\"@id\":\"https:\/\/secnaturfrankfurt.com\/shop\/bags\/mini-purse\/leather-toiletry-bag-black\/#primaryimage\"},\"thumbnailUrl\":\"https:\/\/secnaturfrankfurt.com\/wp-content\/uploads\/2023\/10\/k10.jpg\",\"datePublished\":\"2024-11-29T13:19:52+00:00\",\"dateModified\":\"2025-06-21T08:54:09+00:00\",\"description\":\"Explore our Custom Handmade Toiletry Bag made from sustainable vegetable-tanned leather. Ideal for travel, keeps essentials organized.\",\"breadcrumb\":{\"@id\":\"https:\/\/secnaturfrankfurt.com\/shop\/bags\/mini-purse\/leather-toiletry-bag-black\/#breadcrumb\"},\"inLanguage\":\"tr\",\"potentialAction\":[{\"@type\":\"ReadAction\",\"target\":[\"https:\/\/secnaturfrankfurt.com\/shop\/bags\/mini-purse\/leather-toiletry-bag-black\/\"]}]},{\"@type\":\"ImageObject\",\"inLanguage\":\"tr\",\"@id\":\"https:\/\/secnaturfrankfurt.com\/shop\/bags\/mini-purse\/leather-toiletry-bag-black\/#primaryimage\",\"url\":\"https:\/\/secnaturfrankfurt.com\/wp-content\/uploads\/2023\/10\/k10.jpg\",\"contentUrl\":\"https:\/\/secnaturfrankfurt.com\/wp-content\/uploads\/2023\/10\/k10.jpg\",\"width\":1600,\"height\":2000,\"caption\":\"Handcrafted Toiletry Bag from Cowhide Leather\"},{\"@type\":\"BreadcrumbList\",\"@id\":\"https:\/\/secnaturfrankfurt.com\/shop\/bags\/mini-purse\/leather-toiletry-bag-black\/#breadcrumb\",\"itemListElement\":[{\"@type\":\"ListItem\",\"position\":1,\"name\":\"Home\",\"item\":\"https:\/\/secnaturfrankfurt.com\/\"},{\"@type\":\"ListItem\",\"position\":2,\"name\":\"Shop\",\"item\":\"https:\/\/secnaturfrankfurt.com\/shop\/\"},{\"@type\":\"ListItem\",\"position\":3,\"name\":\"Leather Toiletry Bag \u2013 Handmade &#038; Customizable (Black)\"}]},{\"@type\":\"WebSite\",\"@id\":\"https:\/\/secnaturfrankfurt.com\/#website\",\"url\":\"https:\/\/secnaturfrankfurt.com\/\",\"name\":\"Secnatur Frankfurt\",\"description\":\"Discover Pure Nature Leather\",\"potentialAction\":[{\"@type\":\"SearchAction\",\"target\":{\"@type\":\"EntryPoint\",\"urlTemplate\":\"https:\/\/secnaturfrankfurt.com\/?s={search_term_string}\"},\"query-input\":\"required name=search_term_string\"}],\"inLanguage\":\"tr\"}]}<\/script>\n<!-- \/ Yoast SEO plugin. -->","yoast_head_json":{"title":"Custom Handmade Toiletry Bag | Eco-Friendly Essentials","description":"Explore our Custom Handmade Toiletry Bag made from sustainable vegetable-tanned leather. Ideal for travel, keeps essentials organized.","robots":{"index":"index","follow":"follow","max-snippet":"max-snippet:-1","max-image-preview":"max-image-preview:large","max-video-preview":"max-video-preview:-1"},"canonical":"https:\/\/secnaturfrankfurt.com\/tr\/shop\/bags\/mini-purse\/leather-toiletry-bag-black\/","og_locale":"tr_TR","og_type":"article","og_title":"Custom Handmade Toiletry Bag | Eco-Friendly Essentials","og_description":"Explore our Custom Handmade Toiletry Bag made from sustainable vegetable-tanned leather. Ideal for travel, keeps essentials organized.","og_url":"https:\/\/secnaturfrankfurt.com\/tr\/shop\/bags\/mini-purse\/leather-toiletry-bag-black\/","og_site_name":"Secnatur Frankfurt","article_modified_time":"2025-06-21T08:54:09+00:00","og_image":[{"width":1600,"height":2000,"url":"https:\/\/secnaturfrankfurt.com\/wp-content\/uploads\/2023\/10\/k10.jpg","type":"image\/jpeg"}],"twitter_card":"summary_large_image","twitter_misc":{"Tahmini okuma s\u00fcresi":"2 dakika"},"schema":{"@context":"https:\/\/schema.org","@graph":[{"@type":"WebPage","@id":"https:\/\/secnaturfrankfurt.com\/shop\/bags\/mini-purse\/leather-toiletry-bag-black\/","url":"https:\/\/secnaturfrankfurt.com\/shop\/bags\/mini-purse\/leather-toiletry-bag-black\/","name":"Custom Handmade Toiletry Bag | Eco-Friendly Essentials","isPartOf":{"@id":"https:\/\/secnaturfrankfurt.com\/#website"},"primaryImageOfPage":{"@id":"https:\/\/secnaturfrankfurt.com\/shop\/bags\/mini-purse\/leather-toiletry-bag-black\/#primaryimage"},"image":{"@id":"https:\/\/secnaturfrankfurt.com\/shop\/bags\/mini-purse\/leather-toiletry-bag-black\/#primaryimage"},"thumbnailUrl":"https:\/\/secnaturfrankfurt.com\/wp-content\/uploads\/2023\/10\/k10.jpg","datePublished":"2024-11-29T13:19:52+00:00","dateModified":"2025-06-21T08:54:09+00:00","description":"Explore our Custom Handmade Toiletry Bag made from sustainable vegetable-tanned leather. Ideal for travel, keeps essentials organized.","breadcrumb":{"@id":"https:\/\/secnaturfrankfurt.com\/shop\/bags\/mini-purse\/leather-toiletry-bag-black\/#breadcrumb"},"inLanguage":"tr","potentialAction":[{"@type":"ReadAction","target":["https:\/\/secnaturfrankfurt.com\/shop\/bags\/mini-purse\/leather-toiletry-bag-black\/"]}]},{"@type":"ImageObject","inLanguage":"tr","@id":"https:\/\/secnaturfrankfurt.com\/shop\/bags\/mini-purse\/leather-toiletry-bag-black\/#primaryimage","url":"https:\/\/secnaturfrankfurt.com\/wp-content\/uploads\/2023\/10\/k10.jpg","contentUrl":"https:\/\/secnaturfrankfurt.com\/wp-content\/uploads\/2023\/10\/k10.jpg","width":1600,"height":2000,"caption":"Handcrafted Toiletry Bag from Cowhide Leather"},{"@type":"BreadcrumbList","@id":"https:\/\/secnaturfrankfurt.com\/shop\/bags\/mini-purse\/leather-toiletry-bag-black\/#breadcrumb","itemListElement":[{"@type":"ListItem","position":1,"name":"Home","item":"https:\/\/secnaturfrankfurt.com\/"},{"@type":"ListItem","position":2,"name":"Shop","item":"https:\/\/secnaturfrankfurt.com\/shop\/"},{"@type":"ListItem","position":3,"name":"Leather Toiletry Bag \u2013 Handmade &#038; Customizable (Black)"}]},{"@type":"WebSite","@id":"https:\/\/secnaturfrankfurt.com\/#website","url":"https:\/\/secnaturfrankfurt.com\/","name":"Secnatur Frankfurt","description":"Discover Pure Nature Leather","potentialAction":[{"@type":"SearchAction","target":{"@type":"EntryPoint","urlTemplate":"https:\/\/secnaturfrankfurt.com\/?s={search_term_string}"},"query-input":"required name=search_term_string"}],"inLanguage":"tr"}]}},"jetpack_sharing_enabled":true,"_links":{"self":[{"href":"https:\/\/secnaturfrankfurt.com\/tr\/wp-json\/wp\/v2\/product\/10889","targetHints":{"allow":["GET"]}}],"collection":[{"href":"https:\/\/secnaturfrankfurt.com\/tr\/wp-json\/wp\/v2\/product"}],"about":[{"href":"https:\/\/secnaturfrankfurt.com\/tr\/wp-json\/wp\/v2\/types\/product"}],"replies":[{"embeddable":true,"href":"https:\/\/secnaturfrankfurt.com\/tr\/wp-json\/wp\/v2\/comments?post=10889"}],"wp:featuredmedia":[{"embeddable":true,"href":"https:\/\/secnaturfrankfurt.com\/tr\/wp-json\/wp\/v2\/media\/10292"}],"wp:attachment":[{"href":"https:\/\/secnaturfrankfurt.com\/tr\/wp-json\/wp\/v2\/media?parent=10889"}],"wp:term":[{"taxonomy":"product_cat","embeddable":true,"href":"https:\/\/secnaturfrankfurt.com\/tr\/wp-json\/wp\/v2\/product_cat?post=10889"},{"taxonomy":"product_tag","embeddable":true,"href":"https:\/\/secnaturfrankfurt.com\/tr\/wp-json\/wp\/v2\/product_tag?post=10889"}],"curies":[{"name":"wp","href":"https:\/\/api.w.org\/{rel}","templated":true}]}}