{"id":10782,"date":"2024-09-16T13:16:44","date_gmt":"2024-09-16T11:16:44","guid":{"rendered":"https:\/\/secnaturfrankfurt.com\/?post_type=product&#038;p=10782"},"modified":"2025-08-27T13:21:37","modified_gmt":"2025-08-27T11:21:37","slug":"personalized-a5-leather-notepad-holder-organizer-2","status":"publish","type":"product","link":"https:\/\/secnaturfrankfurt.com\/tr\/shop\/bags\/mini-purse\/personalized-a5-leather-notepad-holder-organizer-2\/","title":{"rendered":"Ki\u015fiselle\u015ftirilebilir A5 Deri Not Defteri Kapa\u011f\u0131, Kalem Halkas\u0131 ve Telefon Cebi ile"},"content":{"rendered":"<h3><strong>G\u00fcnl\u00fck Kullan\u0131m i\u00e7in Ki\u015fiselle\u015ftirilebilir Deri Not Defteri Kapa\u011f\u0131<\/strong><\/h3>\n<p>Ki\u015fiselle\u015ftirilebilir Deri Not Defteri Kapa\u011f\u0131m\u0131z ile i\u015flevsellik ve stilin m\u00fckemmel birle\u015fimini ke\u015ffedin. Bu \u015f\u0131k aksesuar, notlar\u0131n\u0131z\u0131, fikirlerinizi ve planlar\u0131n\u0131z\u0131 d\u00fczenli tutar. Ofiste, okulda veya seyahatte olun, bu el yap\u0131m\u0131 not defteri kapa\u011f\u0131 her duruma haz\u0131rl\u0131kl\u0131 olman\u0131z\u0131 sa\u011flar.<\/p>\n<h3><strong>El Yap\u0131m\u0131 Premium Kalite Deri D\u00fczenleyici<\/strong><\/h3>\n<p>Not defteri kapa\u011f\u0131m\u0131z, dayan\u0131kl\u0131l\u0131\u011f\u0131 ve zarafeti garanti eden y\u00fcksek kaliteli deriden \u00fcretilmi\u015ftir. Her par\u00e7a \u00f6zenle elde dikilmi\u015ftir, bu da hem sofistike hem de sa\u011flam bir tasar\u0131m sunar. Ayr\u0131ca, dahili bir kalem halkas\u0131 ve kullan\u0131\u015fl\u0131 bir telefon cebi i\u00e7erir. \u015e\u0131k ve kompakt tasar\u0131m\u0131 her \u00e7antaya kolayca s\u0131\u011far, bu da s\u00fcrekli hareket halinde olanlar i\u00e7in m\u00fckemmeldir.<\/p>\n<h3><strong>\u00c7ok Ama\u00e7l\u0131 Kullan\u0131m i\u00e7in \u00c7ok Y\u00f6nl\u00fc Deri Not Defteri Kapa\u011f\u0131<\/strong><\/h3>\n<p>Bu Deri D\u00fczenleyici sadece bir not defteri kapa\u011f\u0131 olarak hizmet vermekle kalmaz, ayn\u0131 zamanda \u00f6nemli belgeleri saklayacak kadar \u00e7ok y\u00f6nl\u00fcd\u00fcr, U-Heft veya hamilelik kart\u0131 tutucu olarak kullan\u0131labilir, hatta bir tarif defteri olarak i\u015flev g\u00f6rebilir. Bu nedenle, sa\u011flam tasar\u0131m\u0131 onu profesyoneller, ebeveynler, bak\u0131c\u0131lar ve d\u00fczeni \u015f\u0131kl\u0131kla birle\u015ftirmeyi seven herkes i\u00e7in ideal hale getirir.<\/p>\n<h3><strong>E\u015fsiz ve D\u00fc\u015f\u00fcnceli Bir Hediye \u0130\u00e7in Ki\u015fiselle\u015ftirin<\/strong><\/h3>\n<p>Bu not defteri kapa\u011f\u0131n\u0131n en \u00f6nemli \u00f6zelliklerinden biri, \u00fczerine ba\u015f harflerinizi veya \u015firket logonuzu ekleyebilme se\u00e7ene\u011fidir. Bu sayede, arkada\u015flar\u0131n\u0131za, ailenize veya i\u015f arkada\u015flar\u0131n\u0131za m\u00fckemmel bir hediye haline gelir. Ki\u015fiselle\u015ftirilmi\u015f bir not defteri kapa\u011f\u0131, s\u0131radan d\u00fczenleyicilerden s\u0131yr\u0131larak g\u00fcnl\u00fck rutininize benzersiz bir hava katar.<\/p>\n<h3><strong>Kalite Tutkunlar\u0131 \u0130\u00e7in Vazge\u00e7ilmez Bir Aksesuar<\/strong><\/h3>\n<p>\u0130nce i\u015f\u00e7ili\u011fi takdir edenler i\u00e7in Ki\u015fiselle\u015ftirilebilir Deri Not Defteri Kapa\u011f\u0131 ideal bir se\u00e7imdir. Bu \u00fcr\u00fcn, zarafet, pratiklik ve dayan\u0131kl\u0131l\u0131\u011f\u0131 bir araya getirirken, d\u00fczenli kalman\u0131za yard\u0131mc\u0131 olur ve \u00e7ok y\u00f6nl\u00fc not defteri kapa\u011f\u0131 ile kal\u0131c\u0131 bir izlenim b\u0131rak\u0131r.<\/p>","protected":false},"excerpt":{"rendered":"<p>Ki\u015fiselle\u015ftirilmi\u015f Kalem Halkal\u0131 ve Telefon Cepli Deri D\u00fczenleyici, U-Heft ve Gebelik Karnesi Tutucu<\/p>","protected":false},"featured_media":10790,"comment_status":"open","ping_status":"closed","template":"","meta":[],"product_cat":[123,21,69,73],"product_tag":[],"class_list":{"0":"post-10782","1":"product","2":"type-product","3":"status-publish","4":"has-post-thumbnail","6":"product_cat-notepad-holder-bags","7":"product_cat-all-products","8":"product_cat-bags","9":"product_cat-mini-purse","10":"tm-has-options","12":"first","13":"instock","14":"shipping-taxable","15":"purchasable","16":"product-type-simple"},"yoast_head":"<!-- This site is optimized with the Yoast SEO plugin v23.3 - https:\/\/yoast.com\/wordpress\/plugins\/seo\/ -->\n<title>Personalized Leather Notepad Holder | A5 with Pen Loop<\/title>\n<meta name=\"description\" content=\"Personalized A5 leather notepad holder with pen loop and phone pocket. Perfect for work, school, or as a U-Heft holder. Personalize with initials\" \/>\n<meta name=\"robots\" content=\"index, follow, max-snippet:-1, max-image-preview:large, max-video-preview:-1\" \/>\n<link rel=\"canonical\" href=\"https:\/\/secnaturfrankfurt.com\/tr\/shop\/bags\/mini-purse\/personalized-a5-leather-notepad-holder-organizer-2\/\" \/>\n<meta property=\"og:locale\" content=\"tr_TR\" \/>\n<meta property=\"og:type\" content=\"article\" \/>\n<meta property=\"og:title\" content=\"Personalized Leather Notepad Holder | A5 with Pen Loop\" \/>\n<meta property=\"og:description\" content=\"Personalized A5 leather notepad holder with pen loop and phone pocket. Perfect for work, school, or as a U-Heft holder. Personalize with initials\" \/>\n<meta property=\"og:url\" content=\"https:\/\/secnaturfrankfurt.com\/tr\/shop\/bags\/mini-purse\/personalized-a5-leather-notepad-holder-organizer-2\/\" \/>\n<meta property=\"og:site_name\" content=\"Secnatur Frankfurt\" \/>\n<meta property=\"article:modified_time\" content=\"2025-08-27T11:21:37+00:00\" \/>\n<meta property=\"og:image\" content=\"https:\/\/secnaturfrankfurt.com\/wp-content\/uploads\/2024\/09\/6-640x800.png\" \/>\n\t<meta property=\"og:image:width\" content=\"640\" \/>\n\t<meta property=\"og:image:height\" content=\"800\" \/>\n\t<meta property=\"og:image:type\" content=\"image\/png\" \/>\n<meta name=\"twitter:card\" content=\"summary_large_image\" \/>\n<meta name=\"twitter:label1\" content=\"Tahmini okuma s\u00fcresi\" \/>\n\t<meta name=\"twitter:data1\" content=\"2 dakika\" \/>\n<script type=\"application\/ld+json\" class=\"yoast-schema-graph\">{\"@context\":\"https:\/\/schema.org\",\"@graph\":[{\"@type\":\"WebPage\",\"@id\":\"https:\/\/secnaturfrankfurt.com\/shop\/bags\/mini-purse\/personalized-a5-leather-notepad-holder-organizer-2\/\",\"url\":\"https:\/\/secnaturfrankfurt.com\/shop\/bags\/mini-purse\/personalized-a5-leather-notepad-holder-organizer-2\/\",\"name\":\"Personalized Leather Notepad Holder | A5 with Pen Loop\",\"isPartOf\":{\"@id\":\"https:\/\/secnaturfrankfurt.com\/#website\"},\"primaryImageOfPage\":{\"@id\":\"https:\/\/secnaturfrankfurt.com\/shop\/bags\/mini-purse\/personalized-a5-leather-notepad-holder-organizer-2\/#primaryimage\"},\"image\":{\"@id\":\"https:\/\/secnaturfrankfurt.com\/shop\/bags\/mini-purse\/personalized-a5-leather-notepad-holder-organizer-2\/#primaryimage\"},\"thumbnailUrl\":\"https:\/\/secnaturfrankfurt.com\/wp-content\/uploads\/2024\/09\/6.png\",\"datePublished\":\"2024-09-16T11:16:44+00:00\",\"dateModified\":\"2025-08-27T11:21:37+00:00\",\"description\":\"Personalized A5 leather notepad holder with pen loop and phone pocket. Perfect for work, school, or as a U-Heft holder. Personalize with initials\",\"breadcrumb\":{\"@id\":\"https:\/\/secnaturfrankfurt.com\/shop\/bags\/mini-purse\/personalized-a5-leather-notepad-holder-organizer-2\/#breadcrumb\"},\"inLanguage\":\"tr\",\"potentialAction\":[{\"@type\":\"ReadAction\",\"target\":[\"https:\/\/secnaturfrankfurt.com\/shop\/bags\/mini-purse\/personalized-a5-leather-notepad-holder-organizer-2\/\"]}]},{\"@type\":\"ImageObject\",\"inLanguage\":\"tr\",\"@id\":\"https:\/\/secnaturfrankfurt.com\/shop\/bags\/mini-purse\/personalized-a5-leather-notepad-holder-organizer-2\/#primaryimage\",\"url\":\"https:\/\/secnaturfrankfurt.com\/wp-content\/uploads\/2024\/09\/6.png\",\"contentUrl\":\"https:\/\/secnaturfrankfurt.com\/wp-content\/uploads\/2024\/09\/6.png\",\"width\":1600,\"height\":2000},{\"@type\":\"BreadcrumbList\",\"@id\":\"https:\/\/secnaturfrankfurt.com\/shop\/bags\/mini-purse\/personalized-a5-leather-notepad-holder-organizer-2\/#breadcrumb\",\"itemListElement\":[{\"@type\":\"ListItem\",\"position\":1,\"name\":\"Home\",\"item\":\"https:\/\/secnaturfrankfurt.com\/\"},{\"@type\":\"ListItem\",\"position\":2,\"name\":\"Shop\",\"item\":\"https:\/\/secnaturfrankfurt.com\/shop\/\"},{\"@type\":\"ListItem\",\"position\":3,\"name\":\"Personalized A5 Leather Notepad Holder with Pen Loop and Phone Pocket\"}]},{\"@type\":\"WebSite\",\"@id\":\"https:\/\/secnaturfrankfurt.com\/#website\",\"url\":\"https:\/\/secnaturfrankfurt.com\/\",\"name\":\"Secnatur Frankfurt\",\"description\":\"Discover Pure Nature Leather\",\"potentialAction\":[{\"@type\":\"SearchAction\",\"target\":{\"@type\":\"EntryPoint\",\"urlTemplate\":\"https:\/\/secnaturfrankfurt.com\/?s={search_term_string}\"},\"query-input\":\"required name=search_term_string\"}],\"inLanguage\":\"tr\"}]}<\/script>\n<!-- \/ Yoast SEO plugin. -->","yoast_head_json":{"title":"Personalized Leather Notepad Holder | A5 with Pen Loop","description":"Personalized A5 leather notepad holder with pen loop and phone pocket. Perfect for work, school, or as a U-Heft holder. Personalize with initials","robots":{"index":"index","follow":"follow","max-snippet":"max-snippet:-1","max-image-preview":"max-image-preview:large","max-video-preview":"max-video-preview:-1"},"canonical":"https:\/\/secnaturfrankfurt.com\/tr\/shop\/bags\/mini-purse\/personalized-a5-leather-notepad-holder-organizer-2\/","og_locale":"tr_TR","og_type":"article","og_title":"Personalized Leather Notepad Holder | A5 with Pen Loop","og_description":"Personalized A5 leather notepad holder with pen loop and phone pocket. Perfect for work, school, or as a U-Heft holder. Personalize with initials","og_url":"https:\/\/secnaturfrankfurt.com\/tr\/shop\/bags\/mini-purse\/personalized-a5-leather-notepad-holder-organizer-2\/","og_site_name":"Secnatur Frankfurt","article_modified_time":"2025-08-27T11:21:37+00:00","og_image":[{"width":640,"height":800,"url":"https:\/\/secnaturfrankfurt.com\/wp-content\/uploads\/2024\/09\/6-640x800.png","type":"image\/png"}],"twitter_card":"summary_large_image","twitter_misc":{"Tahmini okuma s\u00fcresi":"2 dakika"},"schema":{"@context":"https:\/\/schema.org","@graph":[{"@type":"WebPage","@id":"https:\/\/secnaturfrankfurt.com\/shop\/bags\/mini-purse\/personalized-a5-leather-notepad-holder-organizer-2\/","url":"https:\/\/secnaturfrankfurt.com\/shop\/bags\/mini-purse\/personalized-a5-leather-notepad-holder-organizer-2\/","name":"Personalized Leather Notepad Holder | A5 with Pen Loop","isPartOf":{"@id":"https:\/\/secnaturfrankfurt.com\/#website"},"primaryImageOfPage":{"@id":"https:\/\/secnaturfrankfurt.com\/shop\/bags\/mini-purse\/personalized-a5-leather-notepad-holder-organizer-2\/#primaryimage"},"image":{"@id":"https:\/\/secnaturfrankfurt.com\/shop\/bags\/mini-purse\/personalized-a5-leather-notepad-holder-organizer-2\/#primaryimage"},"thumbnailUrl":"https:\/\/secnaturfrankfurt.com\/wp-content\/uploads\/2024\/09\/6.png","datePublished":"2024-09-16T11:16:44+00:00","dateModified":"2025-08-27T11:21:37+00:00","description":"Personalized A5 leather notepad holder with pen loop and phone pocket. Perfect for work, school, or as a U-Heft holder. Personalize with initials","breadcrumb":{"@id":"https:\/\/secnaturfrankfurt.com\/shop\/bags\/mini-purse\/personalized-a5-leather-notepad-holder-organizer-2\/#breadcrumb"},"inLanguage":"tr","potentialAction":[{"@type":"ReadAction","target":["https:\/\/secnaturfrankfurt.com\/shop\/bags\/mini-purse\/personalized-a5-leather-notepad-holder-organizer-2\/"]}]},{"@type":"ImageObject","inLanguage":"tr","@id":"https:\/\/secnaturfrankfurt.com\/shop\/bags\/mini-purse\/personalized-a5-leather-notepad-holder-organizer-2\/#primaryimage","url":"https:\/\/secnaturfrankfurt.com\/wp-content\/uploads\/2024\/09\/6.png","contentUrl":"https:\/\/secnaturfrankfurt.com\/wp-content\/uploads\/2024\/09\/6.png","width":1600,"height":2000},{"@type":"BreadcrumbList","@id":"https:\/\/secnaturfrankfurt.com\/shop\/bags\/mini-purse\/personalized-a5-leather-notepad-holder-organizer-2\/#breadcrumb","itemListElement":[{"@type":"ListItem","position":1,"name":"Home","item":"https:\/\/secnaturfrankfurt.com\/"},{"@type":"ListItem","position":2,"name":"Shop","item":"https:\/\/secnaturfrankfurt.com\/shop\/"},{"@type":"ListItem","position":3,"name":"Personalized A5 Leather Notepad Holder with Pen Loop and Phone Pocket"}]},{"@type":"WebSite","@id":"https:\/\/secnaturfrankfurt.com\/#website","url":"https:\/\/secnaturfrankfurt.com\/","name":"Secnatur Frankfurt","description":"Discover Pure Nature Leather","potentialAction":[{"@type":"SearchAction","target":{"@type":"EntryPoint","urlTemplate":"https:\/\/secnaturfrankfurt.com\/?s={search_term_string}"},"query-input":"required name=search_term_string"}],"inLanguage":"tr"}]}},"jetpack_sharing_enabled":true,"_links":{"self":[{"href":"https:\/\/secnaturfrankfurt.com\/tr\/wp-json\/wp\/v2\/product\/10782","targetHints":{"allow":["GET"]}}],"collection":[{"href":"https:\/\/secnaturfrankfurt.com\/tr\/wp-json\/wp\/v2\/product"}],"about":[{"href":"https:\/\/secnaturfrankfurt.com\/tr\/wp-json\/wp\/v2\/types\/product"}],"replies":[{"embeddable":true,"href":"https:\/\/secnaturfrankfurt.com\/tr\/wp-json\/wp\/v2\/comments?post=10782"}],"wp:featuredmedia":[{"embeddable":true,"href":"https:\/\/secnaturfrankfurt.com\/tr\/wp-json\/wp\/v2\/media\/10790"}],"wp:attachment":[{"href":"https:\/\/secnaturfrankfurt.com\/tr\/wp-json\/wp\/v2\/media?parent=10782"}],"wp:term":[{"taxonomy":"product_cat","embeddable":true,"href":"https:\/\/secnaturfrankfurt.com\/tr\/wp-json\/wp\/v2\/product_cat?post=10782"},{"taxonomy":"product_tag","embeddable":true,"href":"https:\/\/secnaturfrankfurt.com\/tr\/wp-json\/wp\/v2\/product_tag?post=10782"}],"curies":[{"name":"wp","href":"https:\/\/api.w.org\/{rel}","templated":true}]}}