{"id":10264,"date":"2023-10-05T20:26:01","date_gmt":"2023-10-05T20:26:01","guid":{"rendered":"https:\/\/secnaturfrankfurt.com\/?post_type=product&#038;p=10264"},"modified":"2025-08-30T16:46:23","modified_gmt":"2025-08-30T14:46:23","slug":"handcrafted-leather-toiletry-bag","status":"publish","type":"product","link":"https:\/\/secnaturfrankfurt.com\/tr\/shop\/bags\/mini-purse\/handcrafted-leather-toiletry-bag\/","title":{"rendered":"L\u00fcks El Yap\u0131m\u0131 Deri Kozmetik \u00c7antas\u0131 \u2013 Dayan\u0131kl\u0131, \u00c7evre Dostu &amp; Ki\u015fiselle\u015ftirilebilir"},"content":{"rendered":"<p><strong>Vejetal Tabaklanm\u0131\u015f Dana Derisinden Yap\u0131lan \u00d6zel El Yap\u0131m\u0131 Kozmetik \u00c7antam\u0131z\u0131 Ke\u015ffedin<\/strong><\/p>\n<p><strong>Premium Malzemeler ve Tasar\u0131m<\/strong><br \/>\nSeyahat ekipman\u0131n\u0131z\u0131 ekolojik ve \u00e7evre dostu vejetal tabaklanm\u0131\u015f dana derisinden yap\u0131lan el yap\u0131m\u0131 deri kozmetik \u00e7antam\u0131z ile y\u00fckseltin. Bu zorunlu seyahat \u00e7antas\u0131 \u00fc\u00e7 kullan\u0131\u015fl\u0131 boyutta sunulmaktad\u0131r. Her \u00e7anta, sa\u00e7 spreyi ve deodoranttan t\u0131ra\u015f k\u00f6p\u00fc\u011f\u00fcne, kremlere, makyaj ve cilt bak\u0131m \u00fcr\u00fcnlerine kadar t\u00fcm bak\u0131m malzemelerinizi rahatl\u0131kla ta\u015f\u0131r. Her \u015feyi d\u00fczenli tutar ve kolayca eri\u015filebilir hale getirir, bu da onu hem stil hem de verimlilik \u00f6ncelikli seyahat edenler i\u00e7in m\u00fckemmel k\u0131lar.<\/p>\n<p><strong>Ak\u0131ll\u0131 Depolama \u00c7\u00f6z\u00fcmleri<\/strong><br \/>\n\u00c7antalar\u0131m\u0131z\u0131n i\u00e7i, paketlemeyi kolayla\u015ft\u0131ran ak\u0131ll\u0131 depolama se\u00e7enekleri ile birlikte yumu\u015fak bir pamuk astar ile tasarlanm\u0131\u015ft\u0131r. \u00d6rne\u011fin, iki a\u00e7\u0131k b\u00f6lme k\u00fc\u00e7\u00fck e\u015fyalar\u0131 g\u00fcvenle tutar. Ayr\u0131ca, ekstra koruma i\u00e7in bir fermuarl\u0131 cep bir a\u00e7\u0131k b\u00f6lmenin yan\u0131nda yer al\u0131r. Bu d\u00fczen, hem erkekler hem de kad\u0131nlar i\u00e7in bak\u0131m \u00fcr\u00fcnlerini kolayca d\u00fczenlemenizi sa\u011flar, b\u00f6ylece yolda ihtiyac\u0131n\u0131z olan\u0131 tam olarak bulman\u0131z\u0131 kolayla\u015ft\u0131r\u0131r.<\/p>\n<p><strong>El Sanatlar\u0131 Ustal\u0131\u011f\u0131<\/strong><br \/>\nHer bir el yap\u0131m\u0131 deri kozmetik \u00e7antas\u0131, dayan\u0131kl\u0131l\u0131\u011f\u0131 ve benzersiz tasar\u0131m\u0131 vurgulayan yetenekli zanaatkarlar taraf\u0131ndan titizlikle \u00fcretilmektedir. Do\u011fal deri dokusunu \u00f6ne \u00e7\u0131kar\u0131rlar, bu da her \u00e7antay\u0131 \u015f\u0131k bir aksesuar olarak \u00f6ne \u00e7\u0131kar\u0131r. Sonu\u00e7 olarak, bu \u00e7anta, kalite ve tasar\u0131m\u0131 \u00f6nemseyen se\u00e7ici seyahatseverler i\u00e7in m\u00fckemmel bir se\u00e7im haline gelir.<\/p>\n<p><strong>\u00c7ok Y\u00f6nl\u00fc Kullan\u0131m ve Stil<\/strong><br \/>\nYurt d\u0131\u015f\u0131na seyahat ediyor, evde d\u00fczenleme yap\u0131yor veya bir hafta sonu ka\u00e7ama\u011f\u0131na haz\u0131rlan\u0131yor olun, bu kozmetik \u00e7antas\u0131 \u00e7ok y\u00f6nl\u00fc bir \u00e7\u00f6z\u00fcm sunar. Zamans\u0131z g\u00f6r\u00fcn\u00fcm\u00fc her ortama kolayca uyum sa\u011flar, bu da onu \u00e7e\u015fitli durumlar i\u00e7in uygun k\u0131lar.<\/p>\n<p><strong>\u00d6zel Hediyeler<\/strong><br \/>\nBu kozmetik \u00e7antay\u0131, \u00fczerine kaz\u0131ma ba\u015f harfler ekleyerek veya \u00f6zel bir renk se\u00e7erek ger\u00e7ekten benzersiz bir hale getirebilirsiniz. Do\u011fum g\u00fcnleri, y\u0131ld\u00f6n\u00fcmleri veya di\u011fer \u00f6zel g\u00fcnler i\u00e7in m\u00fckemmel olan bu \u00f6zelle\u015ftirme, \u00e7antay\u0131 d\u00fc\u015f\u00fcnceli bir hediye haline getirir.<\/p>\n<p><strong>S\u00fcrd\u00fcr\u00fclebilirlik Taahh\u00fcd\u00fc<\/strong><br \/>\nVejetal tabaklanm\u0131\u015f deri kullanarak \u00e7evre dostu uygulamalara olan ba\u011fl\u0131l\u0131\u011f\u0131m\u0131z\u0131 s\u00fcrd\u00fcr\u00fcyoruz. Bu geleneksel y\u00f6ntem, zararl\u0131 kimyasallar\u0131 en aza indirir, daha sa\u011fl\u0131kl\u0131 bir ekosistem desteklerken size s\u00fcrd\u00fcr\u00fclebilir \u015fekilde \u00fcretilmi\u015f bir \u00fcr\u00fcn sunar.<\/p>\n<p><strong>Her Yolculu\u011fu Geli\u015ftirin<\/strong><br \/>\nSizin kadar benzersiz bir \u00e7anta ile stil sahibi bir \u015fekilde seyahat edin. Dayan\u0131kl\u0131 yap\u0131s\u0131 ve klasik tasar\u0131m\u0131 ile bu \u00e7anta, y\u0131llar boyunca g\u00fcvenilir bir seyahat arkada\u015f\u0131n\u0131z olacak, her maceraya hem zarafet hem de konfor katacak.<\/p>","protected":false},"excerpt":{"rendered":"<p>Kahve<\/p>\n<p>L: 25x12x13 cm<\/p>","protected":false},"featured_media":10996,"comment_status":"open","ping_status":"closed","template":"","meta":[],"product_cat":[121,21,69,73],"product_tag":[],"class_list":{"0":"post-10264","1":"product","2":"type-product","3":"status-publish","4":"has-post-thumbnail","6":"product_cat-cosmetic-bag","7":"product_cat-all-products","8":"product_cat-bags","9":"product_cat-mini-purse","10":"tm-has-options","12":"first","13":"instock","14":"shipping-taxable","15":"purchasable","16":"product-type-variable","17":"has-default-attributes"},"yoast_head":"<!-- This site is optimized with the Yoast SEO plugin v23.3 - https:\/\/yoast.com\/wordpress\/plugins\/seo\/ -->\n<title>Handcrafted Leather Toiletry Bag | Eco-Friendly Essentials<\/title>\n<meta name=\"description\" content=\"Explore our Handcrafted Leather Toiletry Bag made from sustainable vegetable-tanned leather. Ideal for travel, keeps essentials organized.\" \/>\n<meta name=\"robots\" content=\"index, follow, max-snippet:-1, max-image-preview:large, max-video-preview:-1\" \/>\n<link rel=\"canonical\" href=\"https:\/\/secnaturfrankfurt.com\/tr\/shop\/bags\/mini-purse\/handcrafted-leather-toiletry-bag\/\" \/>\n<meta property=\"og:locale\" content=\"tr_TR\" \/>\n<meta property=\"og:type\" content=\"article\" \/>\n<meta property=\"og:title\" content=\"Handcrafted Leather Toiletry Bag | Eco-Friendly Essentials\" \/>\n<meta property=\"og:description\" content=\"Explore our Handcrafted Leather Toiletry Bag made from sustainable vegetable-tanned leather. Ideal for travel, keeps essentials organized.\" \/>\n<meta property=\"og:url\" content=\"https:\/\/secnaturfrankfurt.com\/tr\/shop\/bags\/mini-purse\/handcrafted-leather-toiletry-bag\/\" \/>\n<meta property=\"og:site_name\" content=\"Secnatur Frankfurt\" \/>\n<meta property=\"article:modified_time\" content=\"2025-08-30T14:46:23+00:00\" \/>\n<meta property=\"og:image\" content=\"https:\/\/secnaturfrankfurt.com\/wp-content\/uploads\/2023\/10\/doppkit-cognac.jpg\" \/>\n\t<meta property=\"og:image:width\" content=\"1600\" \/>\n\t<meta property=\"og:image:height\" content=\"2000\" \/>\n\t<meta property=\"og:image:type\" content=\"image\/jpeg\" \/>\n<meta name=\"twitter:card\" content=\"summary_large_image\" \/>\n<meta name=\"twitter:label1\" content=\"Tahmini okuma s\u00fcresi\" \/>\n\t<meta name=\"twitter:data1\" content=\"2 dakika\" \/>\n<script type=\"application\/ld+json\" class=\"yoast-schema-graph\">{\"@context\":\"https:\/\/schema.org\",\"@graph\":[{\"@type\":\"WebPage\",\"@id\":\"https:\/\/secnaturfrankfurt.com\/shop\/bags\/mini-purse\/handcrafted-leather-toiletry-bag\/\",\"url\":\"https:\/\/secnaturfrankfurt.com\/shop\/bags\/mini-purse\/handcrafted-leather-toiletry-bag\/\",\"name\":\"Handcrafted Leather Toiletry Bag | Eco-Friendly Essentials\",\"isPartOf\":{\"@id\":\"https:\/\/secnaturfrankfurt.com\/#website\"},\"primaryImageOfPage\":{\"@id\":\"https:\/\/secnaturfrankfurt.com\/shop\/bags\/mini-purse\/handcrafted-leather-toiletry-bag\/#primaryimage\"},\"image\":{\"@id\":\"https:\/\/secnaturfrankfurt.com\/shop\/bags\/mini-purse\/handcrafted-leather-toiletry-bag\/#primaryimage\"},\"thumbnailUrl\":\"https:\/\/secnaturfrankfurt.com\/wp-content\/uploads\/2023\/10\/doppkit-cognac.jpg\",\"datePublished\":\"2023-10-05T20:26:01+00:00\",\"dateModified\":\"2025-08-30T14:46:23+00:00\",\"description\":\"Explore our Handcrafted Leather Toiletry Bag made from sustainable vegetable-tanned leather. Ideal for travel, keeps essentials organized.\",\"breadcrumb\":{\"@id\":\"https:\/\/secnaturfrankfurt.com\/shop\/bags\/mini-purse\/handcrafted-leather-toiletry-bag\/#breadcrumb\"},\"inLanguage\":\"tr\",\"potentialAction\":[{\"@type\":\"ReadAction\",\"target\":[\"https:\/\/secnaturfrankfurt.com\/shop\/bags\/mini-purse\/handcrafted-leather-toiletry-bag\/\"]}]},{\"@type\":\"ImageObject\",\"inLanguage\":\"tr\",\"@id\":\"https:\/\/secnaturfrankfurt.com\/shop\/bags\/mini-purse\/handcrafted-leather-toiletry-bag\/#primaryimage\",\"url\":\"https:\/\/secnaturfrankfurt.com\/wp-content\/uploads\/2023\/10\/doppkit-cognac.jpg\",\"contentUrl\":\"https:\/\/secnaturfrankfurt.com\/wp-content\/uploads\/2023\/10\/doppkit-cognac.jpg\",\"width\":1600,\"height\":2000},{\"@type\":\"BreadcrumbList\",\"@id\":\"https:\/\/secnaturfrankfurt.com\/shop\/bags\/mini-purse\/handcrafted-leather-toiletry-bag\/#breadcrumb\",\"itemListElement\":[{\"@type\":\"ListItem\",\"position\":1,\"name\":\"Home\",\"item\":\"https:\/\/secnaturfrankfurt.com\/\"},{\"@type\":\"ListItem\",\"position\":2,\"name\":\"Shop\",\"item\":\"https:\/\/secnaturfrankfurt.com\/shop\/\"},{\"@type\":\"ListItem\",\"position\":3,\"name\":\"Luxury Handcrafted Leather Toiletry Bag \u2013 Durable, Eco-Friendly &#038; Customizable\"}]},{\"@type\":\"WebSite\",\"@id\":\"https:\/\/secnaturfrankfurt.com\/#website\",\"url\":\"https:\/\/secnaturfrankfurt.com\/\",\"name\":\"Secnatur Frankfurt\",\"description\":\"Discover Pure Nature Leather\",\"potentialAction\":[{\"@type\":\"SearchAction\",\"target\":{\"@type\":\"EntryPoint\",\"urlTemplate\":\"https:\/\/secnaturfrankfurt.com\/?s={search_term_string}\"},\"query-input\":\"required name=search_term_string\"}],\"inLanguage\":\"tr\"}]}<\/script>\n<!-- \/ Yoast SEO plugin. -->","yoast_head_json":{"title":"Handcrafted Leather Toiletry Bag | Eco-Friendly Essentials","description":"Explore our Handcrafted Leather Toiletry Bag made from sustainable vegetable-tanned leather. Ideal for travel, keeps essentials organized.","robots":{"index":"index","follow":"follow","max-snippet":"max-snippet:-1","max-image-preview":"max-image-preview:large","max-video-preview":"max-video-preview:-1"},"canonical":"https:\/\/secnaturfrankfurt.com\/tr\/shop\/bags\/mini-purse\/handcrafted-leather-toiletry-bag\/","og_locale":"tr_TR","og_type":"article","og_title":"Handcrafted Leather Toiletry Bag | Eco-Friendly Essentials","og_description":"Explore our Handcrafted Leather Toiletry Bag made from sustainable vegetable-tanned leather. Ideal for travel, keeps essentials organized.","og_url":"https:\/\/secnaturfrankfurt.com\/tr\/shop\/bags\/mini-purse\/handcrafted-leather-toiletry-bag\/","og_site_name":"Secnatur Frankfurt","article_modified_time":"2025-08-30T14:46:23+00:00","og_image":[{"width":1600,"height":2000,"url":"https:\/\/secnaturfrankfurt.com\/wp-content\/uploads\/2023\/10\/doppkit-cognac.jpg","type":"image\/jpeg"}],"twitter_card":"summary_large_image","twitter_misc":{"Tahmini okuma s\u00fcresi":"2 dakika"},"schema":{"@context":"https:\/\/schema.org","@graph":[{"@type":"WebPage","@id":"https:\/\/secnaturfrankfurt.com\/shop\/bags\/mini-purse\/handcrafted-leather-toiletry-bag\/","url":"https:\/\/secnaturfrankfurt.com\/shop\/bags\/mini-purse\/handcrafted-leather-toiletry-bag\/","name":"Handcrafted Leather Toiletry Bag | Eco-Friendly Essentials","isPartOf":{"@id":"https:\/\/secnaturfrankfurt.com\/#website"},"primaryImageOfPage":{"@id":"https:\/\/secnaturfrankfurt.com\/shop\/bags\/mini-purse\/handcrafted-leather-toiletry-bag\/#primaryimage"},"image":{"@id":"https:\/\/secnaturfrankfurt.com\/shop\/bags\/mini-purse\/handcrafted-leather-toiletry-bag\/#primaryimage"},"thumbnailUrl":"https:\/\/secnaturfrankfurt.com\/wp-content\/uploads\/2023\/10\/doppkit-cognac.jpg","datePublished":"2023-10-05T20:26:01+00:00","dateModified":"2025-08-30T14:46:23+00:00","description":"Explore our Handcrafted Leather Toiletry Bag made from sustainable vegetable-tanned leather. Ideal for travel, keeps essentials organized.","breadcrumb":{"@id":"https:\/\/secnaturfrankfurt.com\/shop\/bags\/mini-purse\/handcrafted-leather-toiletry-bag\/#breadcrumb"},"inLanguage":"tr","potentialAction":[{"@type":"ReadAction","target":["https:\/\/secnaturfrankfurt.com\/shop\/bags\/mini-purse\/handcrafted-leather-toiletry-bag\/"]}]},{"@type":"ImageObject","inLanguage":"tr","@id":"https:\/\/secnaturfrankfurt.com\/shop\/bags\/mini-purse\/handcrafted-leather-toiletry-bag\/#primaryimage","url":"https:\/\/secnaturfrankfurt.com\/wp-content\/uploads\/2023\/10\/doppkit-cognac.jpg","contentUrl":"https:\/\/secnaturfrankfurt.com\/wp-content\/uploads\/2023\/10\/doppkit-cognac.jpg","width":1600,"height":2000},{"@type":"BreadcrumbList","@id":"https:\/\/secnaturfrankfurt.com\/shop\/bags\/mini-purse\/handcrafted-leather-toiletry-bag\/#breadcrumb","itemListElement":[{"@type":"ListItem","position":1,"name":"Home","item":"https:\/\/secnaturfrankfurt.com\/"},{"@type":"ListItem","position":2,"name":"Shop","item":"https:\/\/secnaturfrankfurt.com\/shop\/"},{"@type":"ListItem","position":3,"name":"Luxury Handcrafted Leather Toiletry Bag \u2013 Durable, Eco-Friendly &#038; Customizable"}]},{"@type":"WebSite","@id":"https:\/\/secnaturfrankfurt.com\/#website","url":"https:\/\/secnaturfrankfurt.com\/","name":"Secnatur Frankfurt","description":"Discover Pure Nature Leather","potentialAction":[{"@type":"SearchAction","target":{"@type":"EntryPoint","urlTemplate":"https:\/\/secnaturfrankfurt.com\/?s={search_term_string}"},"query-input":"required name=search_term_string"}],"inLanguage":"tr"}]}},"jetpack_sharing_enabled":true,"_links":{"self":[{"href":"https:\/\/secnaturfrankfurt.com\/tr\/wp-json\/wp\/v2\/product\/10264","targetHints":{"allow":["GET"]}}],"collection":[{"href":"https:\/\/secnaturfrankfurt.com\/tr\/wp-json\/wp\/v2\/product"}],"about":[{"href":"https:\/\/secnaturfrankfurt.com\/tr\/wp-json\/wp\/v2\/types\/product"}],"replies":[{"embeddable":true,"href":"https:\/\/secnaturfrankfurt.com\/tr\/wp-json\/wp\/v2\/comments?post=10264"}],"wp:featuredmedia":[{"embeddable":true,"href":"https:\/\/secnaturfrankfurt.com\/tr\/wp-json\/wp\/v2\/media\/10996"}],"wp:attachment":[{"href":"https:\/\/secnaturfrankfurt.com\/tr\/wp-json\/wp\/v2\/media?parent=10264"}],"wp:term":[{"taxonomy":"product_cat","embeddable":true,"href":"https:\/\/secnaturfrankfurt.com\/tr\/wp-json\/wp\/v2\/product_cat?post=10264"},{"taxonomy":"product_tag","embeddable":true,"href":"https:\/\/secnaturfrankfurt.com\/tr\/wp-json\/wp\/v2\/product_tag?post=10264"}],"curies":[{"name":"wp","href":"https:\/\/api.w.org\/{rel}","templated":true}]}}