{"id":10260,"date":"2023-10-05T20:24:55","date_gmt":"2023-10-05T20:24:55","guid":{"rendered":"https:\/\/secnaturfrankfurt.com\/?post_type=product&#038;p=10260"},"modified":"2025-06-21T01:38:07","modified_gmt":"2025-06-20T23:38:07","slug":"handcrafted-leather-toiletry-bag-2","status":"publish","type":"product","link":"https:\/\/secnaturfrankfurt.com\/tr\/shop\/bags\/mini-purse\/handcrafted-leather-toiletry-bag-2\/","title":{"rendered":"L\u00fcks El Yap\u0131m\u0131 Deri Kozmetik \u00c7antas\u0131 \u2013 Dayan\u0131kl\u0131, \u00c7evre Dostu &amp; Ki\u015fiselle\u015ftirilebilir"},"content":{"rendered":"<p><strong>Vejetal Tabaklanm\u0131\u015f Dana Derisinden Yap\u0131lan \u00d6zel El Yap\u0131m\u0131 Kozmetik \u00c7antam\u0131z\u0131 Ke\u015ffedin<\/strong><\/p>\n<p><strong>\u00dcst\u00fcn \u0130\u015f\u00e7ilik ve Malzemeler<\/strong><br \/>\nElevate your travel routine with our <strong>handcrafted leather toiletry bag<\/strong>, made from eco-friendly, vegetable-tanned cowhide leather. Available in three sizes, this durable bag easily fits all your essentials\u2014hairspray, deodorant, shaving foam, creams, makeup, and skincare products. It keeps everything organized and within easy reach, making it a must-have for frequent travelers.<\/p>\n<p><strong>Verimli Depolama \u00c7\u00f6z\u00fcmleri<\/strong><br \/>\n\u0130\u00e7 k\u0131sm\u0131nda, paketlemeyi kolayla\u015ft\u0131ran yumu\u015fak bir pamuk astar ve pratik depolama se\u00e7enekleri bulunur. \u0130ki a\u00e7\u0131k b\u00f6lme k\u00fc\u00e7\u00fck e\u015fyalar\u0131 g\u00fcvenle saklar, bir fermuarl\u0131 cep ise de\u011ferli e\u015fyalar i\u00e7in ek koruma sa\u011flar. Bu ak\u0131ll\u0131 d\u00fczenleme ile hem erkeklerin hem de kad\u0131nlar\u0131n ki\u015fisel bak\u0131m \u00fcr\u00fcnlerini h\u0131zl\u0131ca d\u00fczenleyebilir, ihtiyac\u0131n\u0131z olan her \u015feye kolayca eri\u015fim sa\u011flayabilirsiniz.<\/p>\n<p><strong>Dedicated Artisan Craftsmanship<\/strong><br \/>\nOur skilled artisans carefully handcraft each <strong>handcrafted leather toiletry bag<\/strong> with a strong focus on durability and design. Not only do they highlight the leather\u2019s natural texture, but they also give each bag a unique look. As a result, every piece becomes a stylish accessory for those who appreciate both quality and function.<\/p>\n<p><strong>Versatile and Stylish<\/strong><br \/>\nThis toiletry bag is designed to work well for a variety of uses, from extended trips abroad to quick weekend getaways. Its elegant design effortlessly complements any lifestyle, making it an essential travel accessory. Moreover, it is ideal for keeping organized on the go.<\/p>\n<p><strong>Perfect for Customizable Gifts<\/strong><br \/>\nYou can make your <strong>handcrafted leather toiletry bag<\/strong> even more special by personalizing it. Choose from options like engraved initials or custom colors. This personalization transforms each bag into a thoughtful gift, perfect for birthdays, anniversaries, or as a unique token of appreciation.<\/p>\n<p><strong>Our Sustainability Promise<\/strong><br \/>\nIn choosing our product, you also support eco-friendly practices. We use vegetable-tanned leather, a method that minimizes harmful chemicals. This sustainable approach supports a healthier environment, while also adding lasting value to your purchase.<\/p>\n<p><strong>Her Yolculu\u011fu Geli\u015ftirin<\/strong><br \/>\nWith our robust and beautifully designed <strong>handcrafted leather toiletry bag<\/strong>, you can travel in style. Its classic look and dependable construction ensure it remains your reliable companion, bringing both elegance and convenience to all your adventures.<\/p>","protected":false},"excerpt":{"rendered":"<p>Koyu Kahve<\/p>\n<p>L: 25x12x13 cm<br \/>\nM: 21x10x11 cm<br \/>\nS: 17x11x8 cm<\/p>","protected":false},"featured_media":10290,"comment_status":"open","ping_status":"closed","template":"","meta":[],"product_cat":[121,21,69,73],"product_tag":[],"class_list":{"0":"post-10260","1":"product","2":"type-product","3":"status-publish","4":"has-post-thumbnail","6":"product_cat-cosmetic-bag","7":"product_cat-all-products","8":"product_cat-bags","9":"product_cat-mini-purse","10":"tm-has-styled-variations","11":"tm-has-options","13":"first","14":"instock","15":"shipping-taxable","16":"purchasable","17":"product-type-simple"},"yoast_head":"<!-- This site is optimized with the Yoast SEO plugin v23.3 - https:\/\/yoast.com\/wordpress\/plugins\/seo\/ -->\n<title>Handcrafted Leather Toiletry Bag | Eco-Friendly Essentials<\/title>\n<meta name=\"description\" content=\"Explore our Handcrafted Leather Toiletry Bag made from sustainable vegetable-tanned leather. Ideal for travel, keeps essentials organized.\" \/>\n<meta name=\"robots\" content=\"index, follow, max-snippet:-1, max-image-preview:large, max-video-preview:-1\" \/>\n<link rel=\"canonical\" href=\"https:\/\/secnaturfrankfurt.com\/tr\/shop\/bags\/mini-purse\/handcrafted-leather-toiletry-bag-2\/\" \/>\n<meta property=\"og:locale\" content=\"tr_TR\" \/>\n<meta property=\"og:type\" content=\"article\" \/>\n<meta property=\"og:title\" content=\"Handcrafted Leather Toiletry Bag | Eco-Friendly Essentials\" \/>\n<meta property=\"og:description\" content=\"Explore our Handcrafted Leather Toiletry Bag made from sustainable vegetable-tanned leather. Ideal for travel, keeps essentials organized.\" \/>\n<meta property=\"og:url\" content=\"https:\/\/secnaturfrankfurt.com\/tr\/shop\/bags\/mini-purse\/handcrafted-leather-toiletry-bag-2\/\" \/>\n<meta property=\"og:site_name\" content=\"Secnatur Frankfurt\" \/>\n<meta property=\"article:modified_time\" content=\"2025-06-20T23:38:07+00:00\" \/>\n<meta property=\"og:image\" content=\"https:\/\/secnaturfrankfurt.com\/wp-content\/uploads\/2023\/10\/k8-4.jpg\" \/>\n\t<meta property=\"og:image:width\" content=\"1600\" \/>\n\t<meta property=\"og:image:height\" content=\"2000\" \/>\n\t<meta property=\"og:image:type\" content=\"image\/jpeg\" \/>\n<meta name=\"twitter:card\" content=\"summary_large_image\" \/>\n<meta name=\"twitter:label1\" content=\"Tahmini okuma s\u00fcresi\" \/>\n\t<meta name=\"twitter:data1\" content=\"2 dakika\" \/>\n<script type=\"application\/ld+json\" class=\"yoast-schema-graph\">{\"@context\":\"https:\/\/schema.org\",\"@graph\":[{\"@type\":\"WebPage\",\"@id\":\"https:\/\/secnaturfrankfurt.com\/shop\/bags\/mini-purse\/handcrafted-leather-toiletry-bag-2\/\",\"url\":\"https:\/\/secnaturfrankfurt.com\/shop\/bags\/mini-purse\/handcrafted-leather-toiletry-bag-2\/\",\"name\":\"Handcrafted Leather Toiletry Bag | Eco-Friendly Essentials\",\"isPartOf\":{\"@id\":\"https:\/\/secnaturfrankfurt.com\/#website\"},\"primaryImageOfPage\":{\"@id\":\"https:\/\/secnaturfrankfurt.com\/shop\/bags\/mini-purse\/handcrafted-leather-toiletry-bag-2\/#primaryimage\"},\"image\":{\"@id\":\"https:\/\/secnaturfrankfurt.com\/shop\/bags\/mini-purse\/handcrafted-leather-toiletry-bag-2\/#primaryimage\"},\"thumbnailUrl\":\"https:\/\/secnaturfrankfurt.com\/wp-content\/uploads\/2023\/10\/k8-4.jpg\",\"datePublished\":\"2023-10-05T20:24:55+00:00\",\"dateModified\":\"2025-06-20T23:38:07+00:00\",\"description\":\"Explore our Handcrafted Leather Toiletry Bag made from sustainable vegetable-tanned leather. Ideal for travel, keeps essentials organized.\",\"breadcrumb\":{\"@id\":\"https:\/\/secnaturfrankfurt.com\/shop\/bags\/mini-purse\/handcrafted-leather-toiletry-bag-2\/#breadcrumb\"},\"inLanguage\":\"tr\",\"potentialAction\":[{\"@type\":\"ReadAction\",\"target\":[\"https:\/\/secnaturfrankfurt.com\/shop\/bags\/mini-purse\/handcrafted-leather-toiletry-bag-2\/\"]}]},{\"@type\":\"ImageObject\",\"inLanguage\":\"tr\",\"@id\":\"https:\/\/secnaturfrankfurt.com\/shop\/bags\/mini-purse\/handcrafted-leather-toiletry-bag-2\/#primaryimage\",\"url\":\"https:\/\/secnaturfrankfurt.com\/wp-content\/uploads\/2023\/10\/k8-4.jpg\",\"contentUrl\":\"https:\/\/secnaturfrankfurt.com\/wp-content\/uploads\/2023\/10\/k8-4.jpg\",\"width\":1600,\"height\":2000,\"caption\":\"Handcrafted Toiletry Bag from Cowhide Leather\"},{\"@type\":\"BreadcrumbList\",\"@id\":\"https:\/\/secnaturfrankfurt.com\/shop\/bags\/mini-purse\/handcrafted-leather-toiletry-bag-2\/#breadcrumb\",\"itemListElement\":[{\"@type\":\"ListItem\",\"position\":1,\"name\":\"Home\",\"item\":\"https:\/\/secnaturfrankfurt.com\/\"},{\"@type\":\"ListItem\",\"position\":2,\"name\":\"Shop\",\"item\":\"https:\/\/secnaturfrankfurt.com\/shop\/\"},{\"@type\":\"ListItem\",\"position\":3,\"name\":\"Luxury Handcrafted Leather Toiletry Bag \u2013 Durable, Eco-Friendly &#038; Customizable\"}]},{\"@type\":\"WebSite\",\"@id\":\"https:\/\/secnaturfrankfurt.com\/#website\",\"url\":\"https:\/\/secnaturfrankfurt.com\/\",\"name\":\"Secnatur Frankfurt\",\"description\":\"Discover Pure Nature Leather\",\"potentialAction\":[{\"@type\":\"SearchAction\",\"target\":{\"@type\":\"EntryPoint\",\"urlTemplate\":\"https:\/\/secnaturfrankfurt.com\/?s={search_term_string}\"},\"query-input\":\"required name=search_term_string\"}],\"inLanguage\":\"tr\"}]}<\/script>\n<!-- \/ Yoast SEO plugin. -->","yoast_head_json":{"title":"Handcrafted Leather Toiletry Bag | Eco-Friendly Essentials","description":"Explore our Handcrafted Leather Toiletry Bag made from sustainable vegetable-tanned leather. Ideal for travel, keeps essentials organized.","robots":{"index":"index","follow":"follow","max-snippet":"max-snippet:-1","max-image-preview":"max-image-preview:large","max-video-preview":"max-video-preview:-1"},"canonical":"https:\/\/secnaturfrankfurt.com\/tr\/shop\/bags\/mini-purse\/handcrafted-leather-toiletry-bag-2\/","og_locale":"tr_TR","og_type":"article","og_title":"Handcrafted Leather Toiletry Bag | Eco-Friendly Essentials","og_description":"Explore our Handcrafted Leather Toiletry Bag made from sustainable vegetable-tanned leather. Ideal for travel, keeps essentials organized.","og_url":"https:\/\/secnaturfrankfurt.com\/tr\/shop\/bags\/mini-purse\/handcrafted-leather-toiletry-bag-2\/","og_site_name":"Secnatur Frankfurt","article_modified_time":"2025-06-20T23:38:07+00:00","og_image":[{"width":1600,"height":2000,"url":"https:\/\/secnaturfrankfurt.com\/wp-content\/uploads\/2023\/10\/k8-4.jpg","type":"image\/jpeg"}],"twitter_card":"summary_large_image","twitter_misc":{"Tahmini okuma s\u00fcresi":"2 dakika"},"schema":{"@context":"https:\/\/schema.org","@graph":[{"@type":"WebPage","@id":"https:\/\/secnaturfrankfurt.com\/shop\/bags\/mini-purse\/handcrafted-leather-toiletry-bag-2\/","url":"https:\/\/secnaturfrankfurt.com\/shop\/bags\/mini-purse\/handcrafted-leather-toiletry-bag-2\/","name":"Handcrafted Leather Toiletry Bag | Eco-Friendly Essentials","isPartOf":{"@id":"https:\/\/secnaturfrankfurt.com\/#website"},"primaryImageOfPage":{"@id":"https:\/\/secnaturfrankfurt.com\/shop\/bags\/mini-purse\/handcrafted-leather-toiletry-bag-2\/#primaryimage"},"image":{"@id":"https:\/\/secnaturfrankfurt.com\/shop\/bags\/mini-purse\/handcrafted-leather-toiletry-bag-2\/#primaryimage"},"thumbnailUrl":"https:\/\/secnaturfrankfurt.com\/wp-content\/uploads\/2023\/10\/k8-4.jpg","datePublished":"2023-10-05T20:24:55+00:00","dateModified":"2025-06-20T23:38:07+00:00","description":"Explore our Handcrafted Leather Toiletry Bag made from sustainable vegetable-tanned leather. Ideal for travel, keeps essentials organized.","breadcrumb":{"@id":"https:\/\/secnaturfrankfurt.com\/shop\/bags\/mini-purse\/handcrafted-leather-toiletry-bag-2\/#breadcrumb"},"inLanguage":"tr","potentialAction":[{"@type":"ReadAction","target":["https:\/\/secnaturfrankfurt.com\/shop\/bags\/mini-purse\/handcrafted-leather-toiletry-bag-2\/"]}]},{"@type":"ImageObject","inLanguage":"tr","@id":"https:\/\/secnaturfrankfurt.com\/shop\/bags\/mini-purse\/handcrafted-leather-toiletry-bag-2\/#primaryimage","url":"https:\/\/secnaturfrankfurt.com\/wp-content\/uploads\/2023\/10\/k8-4.jpg","contentUrl":"https:\/\/secnaturfrankfurt.com\/wp-content\/uploads\/2023\/10\/k8-4.jpg","width":1600,"height":2000,"caption":"Handcrafted Toiletry Bag from Cowhide Leather"},{"@type":"BreadcrumbList","@id":"https:\/\/secnaturfrankfurt.com\/shop\/bags\/mini-purse\/handcrafted-leather-toiletry-bag-2\/#breadcrumb","itemListElement":[{"@type":"ListItem","position":1,"name":"Home","item":"https:\/\/secnaturfrankfurt.com\/"},{"@type":"ListItem","position":2,"name":"Shop","item":"https:\/\/secnaturfrankfurt.com\/shop\/"},{"@type":"ListItem","position":3,"name":"Luxury Handcrafted Leather Toiletry Bag \u2013 Durable, Eco-Friendly &#038; Customizable"}]},{"@type":"WebSite","@id":"https:\/\/secnaturfrankfurt.com\/#website","url":"https:\/\/secnaturfrankfurt.com\/","name":"Secnatur Frankfurt","description":"Discover Pure Nature Leather","potentialAction":[{"@type":"SearchAction","target":{"@type":"EntryPoint","urlTemplate":"https:\/\/secnaturfrankfurt.com\/?s={search_term_string}"},"query-input":"required name=search_term_string"}],"inLanguage":"tr"}]}},"jetpack_sharing_enabled":true,"_links":{"self":[{"href":"https:\/\/secnaturfrankfurt.com\/tr\/wp-json\/wp\/v2\/product\/10260","targetHints":{"allow":["GET"]}}],"collection":[{"href":"https:\/\/secnaturfrankfurt.com\/tr\/wp-json\/wp\/v2\/product"}],"about":[{"href":"https:\/\/secnaturfrankfurt.com\/tr\/wp-json\/wp\/v2\/types\/product"}],"replies":[{"embeddable":true,"href":"https:\/\/secnaturfrankfurt.com\/tr\/wp-json\/wp\/v2\/comments?post=10260"}],"wp:featuredmedia":[{"embeddable":true,"href":"https:\/\/secnaturfrankfurt.com\/tr\/wp-json\/wp\/v2\/media\/10290"}],"wp:attachment":[{"href":"https:\/\/secnaturfrankfurt.com\/tr\/wp-json\/wp\/v2\/media?parent=10260"}],"wp:term":[{"taxonomy":"product_cat","embeddable":true,"href":"https:\/\/secnaturfrankfurt.com\/tr\/wp-json\/wp\/v2\/product_cat?post=10260"},{"taxonomy":"product_tag","embeddable":true,"href":"https:\/\/secnaturfrankfurt.com\/tr\/wp-json\/wp\/v2\/product_tag?post=10260"}],"curies":[{"name":"wp","href":"https:\/\/api.w.org\/{rel}","templated":true}]}}