{"id":10073,"date":"2023-10-02T19:17:46","date_gmt":"2023-10-02T17:17:46","guid":{"rendered":"https:\/\/secnaturfrankfurt.com\/?post_type=product&#038;p=10073"},"modified":"2024-09-14T06:59:29","modified_gmt":"2024-09-14T04:59:29","slug":"tobacco-pouch-green-rainbow","status":"publish","type":"product","link":"https:\/\/secnaturfrankfurt.com\/tr\/shop\/bags\/tobacco-pouch\/tobacco-pouch-green-rainbow\/","title":{"rendered":"T\u00fct\u00fcn C\u00fczdan\u0131 - Ye\u015fil - Renkli Diki\u015fli"},"content":{"rendered":"<p>Carefully handcrafted green-rainbow tobacco pouch made from genuine leather, refined through vegetable tanning. The pouch securely closes with an encompassing leather strap and features a bronze snap button. It offers a compartment for tobacco, a slot for cigarette papers or a credit card, and a section for filters or a lighter. Notably, the tobacco pouch can be used as a versatile wallet. Each of our products is a unique masterpiece, as no leather texture resembles another. With attention to detail, every tobacco pouch is hand-sewn.<\/p>","protected":false},"excerpt":{"rendered":"<p>Carefully handcrafted green-rainbow tobacco pouch made from genuine leather, refined through vegetable tanning. The pouch securely closes with an encompassing<\/p>","protected":false},"featured_media":10077,"comment_status":"open","ping_status":"closed","template":"","meta":[],"product_cat":[21,69,75],"product_tag":[],"class_list":{"0":"post-10073","1":"product","2":"type-product","3":"status-publish","4":"has-post-thumbnail","6":"product_cat-all-products","7":"product_cat-bags","8":"product_cat-tobacco-pouch","9":"tm-has-styled-variations","10":"tm-has-options","12":"first","13":"instock","14":"shipping-taxable","15":"purchasable","16":"product-type-simple"},"yoast_head":"<!-- This site is optimized with the Yoast SEO plugin v23.3 - https:\/\/yoast.com\/wordpress\/plugins\/seo\/ -->\n<title>green-rainbow tobacco pouch<\/title>\n<meta name=\"description\" content=\"Handcrafted, leather, vegetable tanning green-rainbow tobacco pouch securely closes with a leather strap and features a bronze snap button. Click to buy\" \/>\n<meta name=\"robots\" content=\"index, follow, max-snippet:-1, max-image-preview:large, max-video-preview:-1\" \/>\n<link rel=\"canonical\" href=\"https:\/\/secnaturfrankfurt.com\/tr\/shop\/bags\/tobacco-pouch\/tobacco-pouch-green-rainbow\/\" \/>\n<meta property=\"og:locale\" content=\"tr_TR\" \/>\n<meta property=\"og:type\" content=\"article\" \/>\n<meta property=\"og:title\" content=\"green-rainbow tobacco pouch\" \/>\n<meta property=\"og:description\" content=\"Handcrafted, leather, vegetable tanning green-rainbow tobacco pouch securely closes with a leather strap and features a bronze snap button. Click to buy\" \/>\n<meta property=\"og:url\" content=\"https:\/\/secnaturfrankfurt.com\/tr\/shop\/bags\/tobacco-pouch\/tobacco-pouch-green-rainbow\/\" \/>\n<meta property=\"og:site_name\" content=\"Secnatur Frankfurt\" \/>\n<meta property=\"article:modified_time\" content=\"2024-09-14T04:59:29+00:00\" \/>\n<meta property=\"og:image\" content=\"https:\/\/secnaturfrankfurt.com\/wp-content\/uploads\/2023\/10\/tutunluk8.jpg\" \/>\n\t<meta property=\"og:image:width\" content=\"1600\" \/>\n\t<meta property=\"og:image:height\" content=\"2000\" \/>\n\t<meta property=\"og:image:type\" content=\"image\/jpeg\" \/>\n<meta name=\"twitter:card\" content=\"summary_large_image\" \/>\n<meta name=\"twitter:label1\" content=\"Tahmini okuma s\u00fcresi\" \/>\n\t<meta name=\"twitter:data1\" content=\"1 dakika\" \/>\n<script type=\"application\/ld+json\" class=\"yoast-schema-graph\">{\"@context\":\"https:\/\/schema.org\",\"@graph\":[{\"@type\":\"WebPage\",\"@id\":\"https:\/\/secnaturfrankfurt.com\/shop\/bags\/tobacco-pouch\/tobacco-pouch-green-rainbow\/\",\"url\":\"https:\/\/secnaturfrankfurt.com\/shop\/bags\/tobacco-pouch\/tobacco-pouch-green-rainbow\/\",\"name\":\"green-rainbow tobacco pouch\",\"isPartOf\":{\"@id\":\"https:\/\/secnaturfrankfurt.com\/#website\"},\"primaryImageOfPage\":{\"@id\":\"https:\/\/secnaturfrankfurt.com\/shop\/bags\/tobacco-pouch\/tobacco-pouch-green-rainbow\/#primaryimage\"},\"image\":{\"@id\":\"https:\/\/secnaturfrankfurt.com\/shop\/bags\/tobacco-pouch\/tobacco-pouch-green-rainbow\/#primaryimage\"},\"thumbnailUrl\":\"https:\/\/secnaturfrankfurt.com\/wp-content\/uploads\/2023\/10\/tutunluk8.jpg\",\"datePublished\":\"2023-10-02T17:17:46+00:00\",\"dateModified\":\"2024-09-14T04:59:29+00:00\",\"description\":\"Handcrafted, leather, vegetable tanning green-rainbow tobacco pouch securely closes with a leather strap and features a bronze snap button. Click to buy\",\"breadcrumb\":{\"@id\":\"https:\/\/secnaturfrankfurt.com\/shop\/bags\/tobacco-pouch\/tobacco-pouch-green-rainbow\/#breadcrumb\"},\"inLanguage\":\"tr\",\"potentialAction\":[{\"@type\":\"ReadAction\",\"target\":[\"https:\/\/secnaturfrankfurt.com\/shop\/bags\/tobacco-pouch\/tobacco-pouch-green-rainbow\/\"]}]},{\"@type\":\"ImageObject\",\"inLanguage\":\"tr\",\"@id\":\"https:\/\/secnaturfrankfurt.com\/shop\/bags\/tobacco-pouch\/tobacco-pouch-green-rainbow\/#primaryimage\",\"url\":\"https:\/\/secnaturfrankfurt.com\/wp-content\/uploads\/2023\/10\/tutunluk8.jpg\",\"contentUrl\":\"https:\/\/secnaturfrankfurt.com\/wp-content\/uploads\/2023\/10\/tutunluk8.jpg\",\"width\":1600,\"height\":2000,\"caption\":\"green-rainbow tobacco pouch\"},{\"@type\":\"BreadcrumbList\",\"@id\":\"https:\/\/secnaturfrankfurt.com\/shop\/bags\/tobacco-pouch\/tobacco-pouch-green-rainbow\/#breadcrumb\",\"itemListElement\":[{\"@type\":\"ListItem\",\"position\":1,\"name\":\"Home\",\"item\":\"https:\/\/secnaturfrankfurt.com\/\"},{\"@type\":\"ListItem\",\"position\":2,\"name\":\"Shop\",\"item\":\"https:\/\/secnaturfrankfurt.com\/shop\/\"},{\"@type\":\"ListItem\",\"position\":3,\"name\":\"Tobacco Pouch &#8211; Green &#8211; Rainbow\"}]},{\"@type\":\"WebSite\",\"@id\":\"https:\/\/secnaturfrankfurt.com\/#website\",\"url\":\"https:\/\/secnaturfrankfurt.com\/\",\"name\":\"Secnatur Frankfurt\",\"description\":\"Discover Pure Nature Leather\",\"potentialAction\":[{\"@type\":\"SearchAction\",\"target\":{\"@type\":\"EntryPoint\",\"urlTemplate\":\"https:\/\/secnaturfrankfurt.com\/?s={search_term_string}\"},\"query-input\":\"required name=search_term_string\"}],\"inLanguage\":\"tr\"}]}<\/script>\n<!-- \/ Yoast SEO plugin. -->","yoast_head_json":{"title":"green-rainbow tobacco pouch","description":"Handcrafted, leather, vegetable tanning green-rainbow tobacco pouch securely closes with a leather strap and features a bronze snap button. Click to buy","robots":{"index":"index","follow":"follow","max-snippet":"max-snippet:-1","max-image-preview":"max-image-preview:large","max-video-preview":"max-video-preview:-1"},"canonical":"https:\/\/secnaturfrankfurt.com\/tr\/shop\/bags\/tobacco-pouch\/tobacco-pouch-green-rainbow\/","og_locale":"tr_TR","og_type":"article","og_title":"green-rainbow tobacco pouch","og_description":"Handcrafted, leather, vegetable tanning green-rainbow tobacco pouch securely closes with a leather strap and features a bronze snap button. Click to buy","og_url":"https:\/\/secnaturfrankfurt.com\/tr\/shop\/bags\/tobacco-pouch\/tobacco-pouch-green-rainbow\/","og_site_name":"Secnatur Frankfurt","article_modified_time":"2024-09-14T04:59:29+00:00","og_image":[{"width":1600,"height":2000,"url":"https:\/\/secnaturfrankfurt.com\/wp-content\/uploads\/2023\/10\/tutunluk8.jpg","type":"image\/jpeg"}],"twitter_card":"summary_large_image","twitter_misc":{"Tahmini okuma s\u00fcresi":"1 dakika"},"schema":{"@context":"https:\/\/schema.org","@graph":[{"@type":"WebPage","@id":"https:\/\/secnaturfrankfurt.com\/shop\/bags\/tobacco-pouch\/tobacco-pouch-green-rainbow\/","url":"https:\/\/secnaturfrankfurt.com\/shop\/bags\/tobacco-pouch\/tobacco-pouch-green-rainbow\/","name":"green-rainbow tobacco pouch","isPartOf":{"@id":"https:\/\/secnaturfrankfurt.com\/#website"},"primaryImageOfPage":{"@id":"https:\/\/secnaturfrankfurt.com\/shop\/bags\/tobacco-pouch\/tobacco-pouch-green-rainbow\/#primaryimage"},"image":{"@id":"https:\/\/secnaturfrankfurt.com\/shop\/bags\/tobacco-pouch\/tobacco-pouch-green-rainbow\/#primaryimage"},"thumbnailUrl":"https:\/\/secnaturfrankfurt.com\/wp-content\/uploads\/2023\/10\/tutunluk8.jpg","datePublished":"2023-10-02T17:17:46+00:00","dateModified":"2024-09-14T04:59:29+00:00","description":"Handcrafted, leather, vegetable tanning green-rainbow tobacco pouch securely closes with a leather strap and features a bronze snap button. Click to buy","breadcrumb":{"@id":"https:\/\/secnaturfrankfurt.com\/shop\/bags\/tobacco-pouch\/tobacco-pouch-green-rainbow\/#breadcrumb"},"inLanguage":"tr","potentialAction":[{"@type":"ReadAction","target":["https:\/\/secnaturfrankfurt.com\/shop\/bags\/tobacco-pouch\/tobacco-pouch-green-rainbow\/"]}]},{"@type":"ImageObject","inLanguage":"tr","@id":"https:\/\/secnaturfrankfurt.com\/shop\/bags\/tobacco-pouch\/tobacco-pouch-green-rainbow\/#primaryimage","url":"https:\/\/secnaturfrankfurt.com\/wp-content\/uploads\/2023\/10\/tutunluk8.jpg","contentUrl":"https:\/\/secnaturfrankfurt.com\/wp-content\/uploads\/2023\/10\/tutunluk8.jpg","width":1600,"height":2000,"caption":"green-rainbow tobacco pouch"},{"@type":"BreadcrumbList","@id":"https:\/\/secnaturfrankfurt.com\/shop\/bags\/tobacco-pouch\/tobacco-pouch-green-rainbow\/#breadcrumb","itemListElement":[{"@type":"ListItem","position":1,"name":"Home","item":"https:\/\/secnaturfrankfurt.com\/"},{"@type":"ListItem","position":2,"name":"Shop","item":"https:\/\/secnaturfrankfurt.com\/shop\/"},{"@type":"ListItem","position":3,"name":"Tobacco Pouch &#8211; Green &#8211; Rainbow"}]},{"@type":"WebSite","@id":"https:\/\/secnaturfrankfurt.com\/#website","url":"https:\/\/secnaturfrankfurt.com\/","name":"Secnatur Frankfurt","description":"Discover Pure Nature Leather","potentialAction":[{"@type":"SearchAction","target":{"@type":"EntryPoint","urlTemplate":"https:\/\/secnaturfrankfurt.com\/?s={search_term_string}"},"query-input":"required name=search_term_string"}],"inLanguage":"tr"}]}},"jetpack_sharing_enabled":true,"_links":{"self":[{"href":"https:\/\/secnaturfrankfurt.com\/tr\/wp-json\/wp\/v2\/product\/10073","targetHints":{"allow":["GET"]}}],"collection":[{"href":"https:\/\/secnaturfrankfurt.com\/tr\/wp-json\/wp\/v2\/product"}],"about":[{"href":"https:\/\/secnaturfrankfurt.com\/tr\/wp-json\/wp\/v2\/types\/product"}],"replies":[{"embeddable":true,"href":"https:\/\/secnaturfrankfurt.com\/tr\/wp-json\/wp\/v2\/comments?post=10073"}],"wp:featuredmedia":[{"embeddable":true,"href":"https:\/\/secnaturfrankfurt.com\/tr\/wp-json\/wp\/v2\/media\/10077"}],"wp:attachment":[{"href":"https:\/\/secnaturfrankfurt.com\/tr\/wp-json\/wp\/v2\/media?parent=10073"}],"wp:term":[{"taxonomy":"product_cat","embeddable":true,"href":"https:\/\/secnaturfrankfurt.com\/tr\/wp-json\/wp\/v2\/product_cat?post=10073"},{"taxonomy":"product_tag","embeddable":true,"href":"https:\/\/secnaturfrankfurt.com\/tr\/wp-json\/wp\/v2\/product_tag?post=10073"}],"curies":[{"name":"wp","href":"https:\/\/api.w.org\/{rel}","templated":true}]}}