{"id":9911,"date":"2023-10-02T06:25:48","date_gmt":"2023-10-02T06:25:48","guid":{"rendered":"https:\/\/secnaturfrankfurt.com\/?post_type=product&#038;p=9911"},"modified":"2025-04-24T22:55:17","modified_gmt":"2025-04-24T20:55:17","slug":"hessen-crossbody-bag-grey","status":"publish","type":"product","link":"https:\/\/secnaturfrankfurt.com\/fr\/shop\/bags\/belt-bag\/hessen-crossbody-bag-grey\/","title":{"rendered":"Hessen Crossbody Bag &#8211; Grey"},"content":{"rendered":"<p><strong>Sac bandouli\u00e8re Hessen gris fait main en cuir de vachette tann\u00e9 v\u00e9g\u00e9tal de haute qualit\u00e9\n\nD\u00e9couvrez le sac bandouli\u00e8re Hessen gris fait main, fabriqu\u00e9 en cuir de vachette tann\u00e9 v\u00e9g\u00e9tal de haute qualit\u00e9. Ce sac bandouli\u00e8re \u00e9l\u00e9gant dispose de deux compartiments spacieux \u00e0 fermeture \u00e9clair, id\u00e9aux pour accueillir facilement votre smartphone, votre portefeuille, vos produits de soin des l\u00e8vres et d'autres essentiels.\n\nPour une polyvalence accrue, le sac Hessen gris peut \u00e9galement \u00eatre port\u00e9 comme sac banane. Des trous peuvent \u00eatre ajout\u00e9s au besoin pour s'adapter \u00e0 votre style et \u00e0 votre confort personnels. Chacun de nos produits est une pi\u00e8ce unique, car aucun cuir ne se ressemble, garantissant des articles authentiques de la plus haute qualit\u00e9.\n\nNos sacs en cuir sont fabriqu\u00e9s avec soin pour assurer durabilit\u00e9 et style. D\u00e9couvrez l'artisanat exceptionnel et les mat\u00e9riaux sup\u00e9rieurs de chaque sac bandouli\u00e8re Hessen.<\/strong><\/p>\n<p>Discover the handcrafted Grey Hessen Crossbody Bag, made from high-quality, vegetable-tanned cowhide leather. This elegant crossbody bag features two spacious zippered compartments, perfect for easily accommodating your smartphone, wallet, lip care, and other essentials.<\/p>\n<p>For added versatility, the Grey Hessen Bag can also be worn as a waist bag. Holes can be added as needed to fit your personal style and comfort. Each of our products is a unique piece, as no leather is alike, guaranteeing you authentic, individual items of the utmost quality.<\/p>\n<p>Our leather bags are crafted with care, ensuring durability and style. Embrace the exceptional craftsmanship and superior materials in every Hessen Crossbody Bag.<\/p>","protected":false},"excerpt":{"rendered":"<p>Handcrafted Grey Hessen Crossbody Bag made from High-Quality, Vegetable-Tanned Cowhide Leather Discover the handcrafted Grey Hessen Crossbody Bag, made from<\/p>","protected":false},"featured_media":9919,"comment_status":"open","ping_status":"closed","template":"","meta":[],"product_cat":[21,69,74],"product_tag":[],"class_list":{"0":"post-9911","1":"product","2":"type-product","3":"status-publish","4":"has-post-thumbnail","6":"product_cat-all-products","7":"product_cat-bags","8":"product_cat-belt-bag","9":"tm-has-options","11":"first","12":"instock","13":"shipping-taxable","14":"purchasable","15":"product-type-simple"},"yoast_head":"<!-- This site is optimized with the Yoast SEO plugin v23.3 - https:\/\/yoast.com\/wordpress\/plugins\/seo\/ -->\n<title>Grey Hessen Crossbody Bag<\/title>\n<meta name=\"description\" content=\"Grey Hessen Crossbody Bag is handcrafted and high-quality. The belly bag was made from vegetable-tanned cowhide leather. Click to buy\" \/>\n<meta name=\"robots\" content=\"index, follow, max-snippet:-1, max-image-preview:large, max-video-preview:-1\" \/>\n<link rel=\"canonical\" href=\"https:\/\/secnaturfrankfurt.com\/fr\/shop\/bags\/belt-bag\/hessen-crossbody-bag-grey\/\" \/>\n<meta property=\"og:locale\" content=\"fr_FR\" \/>\n<meta property=\"og:type\" content=\"article\" \/>\n<meta property=\"og:title\" content=\"Grey Hessen Crossbody Bag\" \/>\n<meta property=\"og:description\" content=\"Grey Hessen Crossbody Bag is handcrafted and high-quality. The belly bag was made from vegetable-tanned cowhide leather. Click to buy\" \/>\n<meta property=\"og:url\" content=\"https:\/\/secnaturfrankfurt.com\/fr\/shop\/bags\/belt-bag\/hessen-crossbody-bag-grey\/\" \/>\n<meta property=\"og:site_name\" content=\"Secnatur Frankfurt\" \/>\n<meta property=\"article:modified_time\" content=\"2025-04-24T20:55:17+00:00\" \/>\n<meta property=\"og:image\" content=\"https:\/\/secnaturfrankfurt.com\/wp-content\/uploads\/2023\/10\/1-3-1.jpg\" \/>\n\t<meta property=\"og:image:width\" content=\"1600\" \/>\n\t<meta property=\"og:image:height\" content=\"2000\" \/>\n\t<meta property=\"og:image:type\" content=\"image\/jpeg\" \/>\n<meta name=\"twitter:card\" content=\"summary_large_image\" \/>\n<meta name=\"twitter:label1\" content=\"Dur\u00e9e de lecture estim\u00e9e\" \/>\n\t<meta name=\"twitter:data1\" content=\"1 minute\" \/>\n<script type=\"application\/ld+json\" class=\"yoast-schema-graph\">{\"@context\":\"https:\/\/schema.org\",\"@graph\":[{\"@type\":\"WebPage\",\"@id\":\"https:\/\/secnaturfrankfurt.com\/shop\/bags\/belt-bag\/hessen-crossbody-bag-grey\/\",\"url\":\"https:\/\/secnaturfrankfurt.com\/shop\/bags\/belt-bag\/hessen-crossbody-bag-grey\/\",\"name\":\"Grey Hessen Crossbody Bag\",\"isPartOf\":{\"@id\":\"https:\/\/secnaturfrankfurt.com\/#website\"},\"primaryImageOfPage\":{\"@id\":\"https:\/\/secnaturfrankfurt.com\/shop\/bags\/belt-bag\/hessen-crossbody-bag-grey\/#primaryimage\"},\"image\":{\"@id\":\"https:\/\/secnaturfrankfurt.com\/shop\/bags\/belt-bag\/hessen-crossbody-bag-grey\/#primaryimage\"},\"thumbnailUrl\":\"https:\/\/secnaturfrankfurt.com\/wp-content\/uploads\/2023\/10\/1-3-1.jpg\",\"datePublished\":\"2023-10-02T06:25:48+00:00\",\"dateModified\":\"2025-04-24T20:55:17+00:00\",\"description\":\"Grey Hessen Crossbody Bag is handcrafted and high-quality. The belly bag was made from vegetable-tanned cowhide leather. Click to buy\",\"breadcrumb\":{\"@id\":\"https:\/\/secnaturfrankfurt.com\/shop\/bags\/belt-bag\/hessen-crossbody-bag-grey\/#breadcrumb\"},\"inLanguage\":\"fr-FR\",\"potentialAction\":[{\"@type\":\"ReadAction\",\"target\":[\"https:\/\/secnaturfrankfurt.com\/shop\/bags\/belt-bag\/hessen-crossbody-bag-grey\/\"]}]},{\"@type\":\"ImageObject\",\"inLanguage\":\"fr-FR\",\"@id\":\"https:\/\/secnaturfrankfurt.com\/shop\/bags\/belt-bag\/hessen-crossbody-bag-grey\/#primaryimage\",\"url\":\"https:\/\/secnaturfrankfurt.com\/wp-content\/uploads\/2023\/10\/1-3-1.jpg\",\"contentUrl\":\"https:\/\/secnaturfrankfurt.com\/wp-content\/uploads\/2023\/10\/1-3-1.jpg\",\"width\":1600,\"height\":2000,\"caption\":\"Grey Hessen Crossbody Bag\"},{\"@type\":\"BreadcrumbList\",\"@id\":\"https:\/\/secnaturfrankfurt.com\/shop\/bags\/belt-bag\/hessen-crossbody-bag-grey\/#breadcrumb\",\"itemListElement\":[{\"@type\":\"ListItem\",\"position\":1,\"name\":\"Home\",\"item\":\"https:\/\/secnaturfrankfurt.com\/\"},{\"@type\":\"ListItem\",\"position\":2,\"name\":\"Shop\",\"item\":\"https:\/\/secnaturfrankfurt.com\/shop\/\"},{\"@type\":\"ListItem\",\"position\":3,\"name\":\"Hessen Crossbody Bag &#8211; Grey\"}]},{\"@type\":\"WebSite\",\"@id\":\"https:\/\/secnaturfrankfurt.com\/#website\",\"url\":\"https:\/\/secnaturfrankfurt.com\/\",\"name\":\"Secnatur Frankfurt\",\"description\":\"Discover Pure Nature Leather\",\"potentialAction\":[{\"@type\":\"SearchAction\",\"target\":{\"@type\":\"EntryPoint\",\"urlTemplate\":\"https:\/\/secnaturfrankfurt.com\/?s={search_term_string}\"},\"query-input\":\"required name=search_term_string\"}],\"inLanguage\":\"fr-FR\"}]}<\/script>\n<!-- \/ Yoast SEO plugin. -->","yoast_head_json":{"title":"Grey Hessen Crossbody Bag","description":"Grey Hessen Crossbody Bag is handcrafted and high-quality. The belly bag was made from vegetable-tanned cowhide leather. Click to buy","robots":{"index":"index","follow":"follow","max-snippet":"max-snippet:-1","max-image-preview":"max-image-preview:large","max-video-preview":"max-video-preview:-1"},"canonical":"https:\/\/secnaturfrankfurt.com\/fr\/shop\/bags\/belt-bag\/hessen-crossbody-bag-grey\/","og_locale":"fr_FR","og_type":"article","og_title":"Grey Hessen Crossbody Bag","og_description":"Grey Hessen Crossbody Bag is handcrafted and high-quality. The belly bag was made from vegetable-tanned cowhide leather. Click to buy","og_url":"https:\/\/secnaturfrankfurt.com\/fr\/shop\/bags\/belt-bag\/hessen-crossbody-bag-grey\/","og_site_name":"Secnatur Frankfurt","article_modified_time":"2025-04-24T20:55:17+00:00","og_image":[{"width":1600,"height":2000,"url":"https:\/\/secnaturfrankfurt.com\/wp-content\/uploads\/2023\/10\/1-3-1.jpg","type":"image\/jpeg"}],"twitter_card":"summary_large_image","twitter_misc":{"Dur\u00e9e de lecture estim\u00e9e":"1 minute"},"schema":{"@context":"https:\/\/schema.org","@graph":[{"@type":"WebPage","@id":"https:\/\/secnaturfrankfurt.com\/shop\/bags\/belt-bag\/hessen-crossbody-bag-grey\/","url":"https:\/\/secnaturfrankfurt.com\/shop\/bags\/belt-bag\/hessen-crossbody-bag-grey\/","name":"Grey Hessen Crossbody Bag","isPartOf":{"@id":"https:\/\/secnaturfrankfurt.com\/#website"},"primaryImageOfPage":{"@id":"https:\/\/secnaturfrankfurt.com\/shop\/bags\/belt-bag\/hessen-crossbody-bag-grey\/#primaryimage"},"image":{"@id":"https:\/\/secnaturfrankfurt.com\/shop\/bags\/belt-bag\/hessen-crossbody-bag-grey\/#primaryimage"},"thumbnailUrl":"https:\/\/secnaturfrankfurt.com\/wp-content\/uploads\/2023\/10\/1-3-1.jpg","datePublished":"2023-10-02T06:25:48+00:00","dateModified":"2025-04-24T20:55:17+00:00","description":"Grey Hessen Crossbody Bag is handcrafted and high-quality. The belly bag was made from vegetable-tanned cowhide leather. Click to buy","breadcrumb":{"@id":"https:\/\/secnaturfrankfurt.com\/shop\/bags\/belt-bag\/hessen-crossbody-bag-grey\/#breadcrumb"},"inLanguage":"fr-FR","potentialAction":[{"@type":"ReadAction","target":["https:\/\/secnaturfrankfurt.com\/shop\/bags\/belt-bag\/hessen-crossbody-bag-grey\/"]}]},{"@type":"ImageObject","inLanguage":"fr-FR","@id":"https:\/\/secnaturfrankfurt.com\/shop\/bags\/belt-bag\/hessen-crossbody-bag-grey\/#primaryimage","url":"https:\/\/secnaturfrankfurt.com\/wp-content\/uploads\/2023\/10\/1-3-1.jpg","contentUrl":"https:\/\/secnaturfrankfurt.com\/wp-content\/uploads\/2023\/10\/1-3-1.jpg","width":1600,"height":2000,"caption":"Grey Hessen Crossbody Bag"},{"@type":"BreadcrumbList","@id":"https:\/\/secnaturfrankfurt.com\/shop\/bags\/belt-bag\/hessen-crossbody-bag-grey\/#breadcrumb","itemListElement":[{"@type":"ListItem","position":1,"name":"Home","item":"https:\/\/secnaturfrankfurt.com\/"},{"@type":"ListItem","position":2,"name":"Shop","item":"https:\/\/secnaturfrankfurt.com\/shop\/"},{"@type":"ListItem","position":3,"name":"Hessen Crossbody Bag &#8211; Grey"}]},{"@type":"WebSite","@id":"https:\/\/secnaturfrankfurt.com\/#website","url":"https:\/\/secnaturfrankfurt.com\/","name":"Secnatur Frankfurt","description":"Discover Pure Nature Leather","potentialAction":[{"@type":"SearchAction","target":{"@type":"EntryPoint","urlTemplate":"https:\/\/secnaturfrankfurt.com\/?s={search_term_string}"},"query-input":"required name=search_term_string"}],"inLanguage":"fr-FR"}]}},"jetpack_sharing_enabled":true,"_links":{"self":[{"href":"https:\/\/secnaturfrankfurt.com\/fr\/wp-json\/wp\/v2\/product\/9911","targetHints":{"allow":["GET"]}}],"collection":[{"href":"https:\/\/secnaturfrankfurt.com\/fr\/wp-json\/wp\/v2\/product"}],"about":[{"href":"https:\/\/secnaturfrankfurt.com\/fr\/wp-json\/wp\/v2\/types\/product"}],"replies":[{"embeddable":true,"href":"https:\/\/secnaturfrankfurt.com\/fr\/wp-json\/wp\/v2\/comments?post=9911"}],"wp:featuredmedia":[{"embeddable":true,"href":"https:\/\/secnaturfrankfurt.com\/fr\/wp-json\/wp\/v2\/media\/9919"}],"wp:attachment":[{"href":"https:\/\/secnaturfrankfurt.com\/fr\/wp-json\/wp\/v2\/media?parent=9911"}],"wp:term":[{"taxonomy":"product_cat","embeddable":true,"href":"https:\/\/secnaturfrankfurt.com\/fr\/wp-json\/wp\/v2\/product_cat?post=9911"},{"taxonomy":"product_tag","embeddable":true,"href":"https:\/\/secnaturfrankfurt.com\/fr\/wp-json\/wp\/v2\/product_tag?post=9911"}],"curies":[{"name":"wp","href":"https:\/\/api.w.org\/{rel}","templated":true}]}}