{"id":9890,"date":"2023-10-02T06:13:54","date_gmt":"2023-10-02T04:13:54","guid":{"rendered":"https:\/\/secnaturfrankfurt.com\/?post_type=product&#038;p=9890"},"modified":"2024-09-30T12:17:29","modified_gmt":"2024-09-30T10:17:29","slug":"handcrafted-pera-crossbody-bag","status":"publish","type":"product","link":"https:\/\/secnaturfrankfurt.com\/fr\/shop\/bags\/belt-bag\/handcrafted-pera-crossbody-bag\/","title":{"rendered":"Sac Bandouli\u00e8re Pera Artisanal en Cuir Tann\u00e9 V\u00e9g\u00e9tal"},"content":{"rendered":"<p>Le sac bandouli\u00e8re Pera artisanal met en avant un savoir-faire expert avec du cuir de vachette tann\u00e9 v\u00e9g\u00e9tal de haute qualit\u00e9. Con\u00e7u pour ceux qui valorisent \u00e0 la fois le style et la praticit\u00e9, ce sac combine \u00e9l\u00e9gamment l'\u00e9l\u00e9gance avec la fonctionnalit\u00e9, ce qui en fait un accessoire indispensable pour toute garde-robe.<\/p>\n<p>Le sac bandouli\u00e8re Pera dispose de deux compartiments spacieux \u00e0 fermeture \u00e9clair qui offrent amplement d'espace pour vos essentiels, tels que votre smartphone, portefeuille, cl\u00e9s et produits de soin des l\u00e8vres. Ces compartiments vous permettent de garder tout organis\u00e9 et facilement accessible tout en maintenant un profil \u00e9l\u00e9gant et l\u00e9ger. Le sac bandouli\u00e8re Pera artisanal vous aide \u00e0 rester organis\u00e9 sans ajouter de volume \u00e0 votre look global, assurant confort et commodit\u00e9 o\u00f9 que vous alliez.<\/p>\n<p>L'un des principaux atouts du sac bandouli\u00e8re Pera artisanal est sa polyvalence. Il est livr\u00e9 avec deux sangles d\u00e9tachables, vous permettant de passer d'une sangle en cuir raffin\u00e9e pour un look \u00e9l\u00e9gant \u00e0 une sangle en coton durable pour une sensation plus d\u00e9contract\u00e9e et d\u00e9contract\u00e9e. Cette flexibilit\u00e9 rend le sac parfait pour diverses occasions, que vous vous rendiez au travail, sortiez pour des sorties d\u00e9contract\u00e9es ou profitiez d'une nuit en ville. Vous pouvez \u00e9galement ajuster les sangles pour le porter en bandouli\u00e8re pour une commodit\u00e9 mains libres ou en tant que sac \u00e0 \u00e9paule, selon votre pr\u00e9f\u00e9rence.<\/p>\n<p>Every Pera Crossbody Bag is unique, thanks to the natural variations in the vegetable-tanned leather. No two bags are exactly alike, and the leather will develop a rich patina over time, adding even more character and individuality. This makes your purchase an investment in a special, one-of-a-kind piece that will only become more beautiful with use.<\/p>\n<p>Enhance your wardrobe with the timeless style, elegance, and practicality of the Handcrafted Pera Crossbody Bag. It is the perfect blend of sophistication and everyday functionality, making it an ideal companion for any occasion.<\/p>","protected":false},"excerpt":{"rendered":"<p>Dark brown<\/p>","protected":false},"featured_media":9894,"comment_status":"open","ping_status":"closed","template":"","meta":[],"product_cat":[21,69,74],"product_tag":[],"class_list":{"0":"post-9890","1":"product","2":"type-product","3":"status-publish","4":"has-post-thumbnail","6":"product_cat-all-products","7":"product_cat-bags","8":"product_cat-belt-bag","9":"tm-has-styled-variations","10":"tm-has-options","12":"first","13":"instock","14":"shipping-taxable","15":"purchasable","16":"product-type-simple"},"yoast_head":"<!-- This site is optimized with the Yoast SEO plugin v23.3 - https:\/\/yoast.com\/wordpress\/plugins\/seo\/ -->\n<title>Handcrafted Pera Crossbody Bag \u2013 Elegance and Functionality<\/title>\n<meta name=\"description\" content=\"The handcrafted Pera Crossbody Bag combines elegance and functionality with two compartments and detachable straps for versatile use.\" \/>\n<meta name=\"robots\" content=\"index, follow, max-snippet:-1, max-image-preview:large, max-video-preview:-1\" \/>\n<link rel=\"canonical\" href=\"https:\/\/secnaturfrankfurt.com\/fr\/shop\/bags\/belt-bag\/handcrafted-pera-crossbody-bag\/\" \/>\n<meta property=\"og:locale\" content=\"fr_FR\" \/>\n<meta property=\"og:type\" content=\"article\" \/>\n<meta property=\"og:title\" content=\"Handcrafted Pera Crossbody Bag \u2013 Elegance and Functionality\" \/>\n<meta property=\"og:description\" content=\"The handcrafted Pera Crossbody Bag combines elegance and functionality with two compartments and detachable straps for versatile use.\" \/>\n<meta property=\"og:url\" content=\"https:\/\/secnaturfrankfurt.com\/fr\/shop\/bags\/belt-bag\/handcrafted-pera-crossbody-bag\/\" \/>\n<meta property=\"og:site_name\" content=\"Secnatur Frankfurt\" \/>\n<meta property=\"article:modified_time\" content=\"2024-09-30T10:17:29+00:00\" \/>\n<meta property=\"og:image\" content=\"https:\/\/secnaturfrankfurt.com\/wp-content\/uploads\/2023\/10\/1-2.jpg\" \/>\n\t<meta property=\"og:image:width\" content=\"1600\" \/>\n\t<meta property=\"og:image:height\" content=\"2000\" \/>\n\t<meta property=\"og:image:type\" content=\"image\/jpeg\" \/>\n<meta name=\"twitter:card\" content=\"summary_large_image\" \/>\n<meta name=\"twitter:label1\" content=\"Dur\u00e9e de lecture estim\u00e9e\" \/>\n\t<meta name=\"twitter:data1\" content=\"2 minutes\" \/>\n<script type=\"application\/ld+json\" class=\"yoast-schema-graph\">{\"@context\":\"https:\/\/schema.org\",\"@graph\":[{\"@type\":\"WebPage\",\"@id\":\"https:\/\/secnaturfrankfurt.com\/shop\/bags\/belt-bag\/handcrafted-pera-crossbody-bag\/\",\"url\":\"https:\/\/secnaturfrankfurt.com\/shop\/bags\/belt-bag\/handcrafted-pera-crossbody-bag\/\",\"name\":\"Handcrafted Pera Crossbody Bag \u2013 Elegance and Functionality\",\"isPartOf\":{\"@id\":\"https:\/\/secnaturfrankfurt.com\/#website\"},\"primaryImageOfPage\":{\"@id\":\"https:\/\/secnaturfrankfurt.com\/shop\/bags\/belt-bag\/handcrafted-pera-crossbody-bag\/#primaryimage\"},\"image\":{\"@id\":\"https:\/\/secnaturfrankfurt.com\/shop\/bags\/belt-bag\/handcrafted-pera-crossbody-bag\/#primaryimage\"},\"thumbnailUrl\":\"https:\/\/secnaturfrankfurt.com\/wp-content\/uploads\/2023\/10\/1-2.jpg\",\"datePublished\":\"2023-10-02T04:13:54+00:00\",\"dateModified\":\"2024-09-30T10:17:29+00:00\",\"description\":\"The handcrafted Pera Crossbody Bag combines elegance and functionality with two compartments and detachable straps for versatile use.\",\"breadcrumb\":{\"@id\":\"https:\/\/secnaturfrankfurt.com\/shop\/bags\/belt-bag\/handcrafted-pera-crossbody-bag\/#breadcrumb\"},\"inLanguage\":\"fr-FR\",\"potentialAction\":[{\"@type\":\"ReadAction\",\"target\":[\"https:\/\/secnaturfrankfurt.com\/shop\/bags\/belt-bag\/handcrafted-pera-crossbody-bag\/\"]}]},{\"@type\":\"ImageObject\",\"inLanguage\":\"fr-FR\",\"@id\":\"https:\/\/secnaturfrankfurt.com\/shop\/bags\/belt-bag\/handcrafted-pera-crossbody-bag\/#primaryimage\",\"url\":\"https:\/\/secnaturfrankfurt.com\/wp-content\/uploads\/2023\/10\/1-2.jpg\",\"contentUrl\":\"https:\/\/secnaturfrankfurt.com\/wp-content\/uploads\/2023\/10\/1-2.jpg\",\"width\":1600,\"height\":2000,\"caption\":\"Dark Brown Pera Crossbody Bag\"},{\"@type\":\"BreadcrumbList\",\"@id\":\"https:\/\/secnaturfrankfurt.com\/shop\/bags\/belt-bag\/handcrafted-pera-crossbody-bag\/#breadcrumb\",\"itemListElement\":[{\"@type\":\"ListItem\",\"position\":1,\"name\":\"Home\",\"item\":\"https:\/\/secnaturfrankfurt.com\/\"},{\"@type\":\"ListItem\",\"position\":2,\"name\":\"Shop\",\"item\":\"https:\/\/secnaturfrankfurt.com\/shop\/\"},{\"@type\":\"ListItem\",\"position\":3,\"name\":\"Handcrafted Pera Crossbody Bag in Vegetable-Tanned Leather\"}]},{\"@type\":\"WebSite\",\"@id\":\"https:\/\/secnaturfrankfurt.com\/#website\",\"url\":\"https:\/\/secnaturfrankfurt.com\/\",\"name\":\"Secnatur Frankfurt\",\"description\":\"Discover Pure Nature Leather\",\"potentialAction\":[{\"@type\":\"SearchAction\",\"target\":{\"@type\":\"EntryPoint\",\"urlTemplate\":\"https:\/\/secnaturfrankfurt.com\/?s={search_term_string}\"},\"query-input\":\"required name=search_term_string\"}],\"inLanguage\":\"fr-FR\"}]}<\/script>\n<!-- \/ Yoast SEO plugin. -->","yoast_head_json":{"title":"Handcrafted Pera Crossbody Bag \u2013 Elegance and Functionality","description":"The handcrafted Pera Crossbody Bag combines elegance and functionality with two compartments and detachable straps for versatile use.","robots":{"index":"index","follow":"follow","max-snippet":"max-snippet:-1","max-image-preview":"max-image-preview:large","max-video-preview":"max-video-preview:-1"},"canonical":"https:\/\/secnaturfrankfurt.com\/fr\/shop\/bags\/belt-bag\/handcrafted-pera-crossbody-bag\/","og_locale":"fr_FR","og_type":"article","og_title":"Handcrafted Pera Crossbody Bag \u2013 Elegance and Functionality","og_description":"The handcrafted Pera Crossbody Bag combines elegance and functionality with two compartments and detachable straps for versatile use.","og_url":"https:\/\/secnaturfrankfurt.com\/fr\/shop\/bags\/belt-bag\/handcrafted-pera-crossbody-bag\/","og_site_name":"Secnatur Frankfurt","article_modified_time":"2024-09-30T10:17:29+00:00","og_image":[{"width":1600,"height":2000,"url":"https:\/\/secnaturfrankfurt.com\/wp-content\/uploads\/2023\/10\/1-2.jpg","type":"image\/jpeg"}],"twitter_card":"summary_large_image","twitter_misc":{"Dur\u00e9e de lecture estim\u00e9e":"2 minutes"},"schema":{"@context":"https:\/\/schema.org","@graph":[{"@type":"WebPage","@id":"https:\/\/secnaturfrankfurt.com\/shop\/bags\/belt-bag\/handcrafted-pera-crossbody-bag\/","url":"https:\/\/secnaturfrankfurt.com\/shop\/bags\/belt-bag\/handcrafted-pera-crossbody-bag\/","name":"Handcrafted Pera Crossbody Bag \u2013 Elegance and Functionality","isPartOf":{"@id":"https:\/\/secnaturfrankfurt.com\/#website"},"primaryImageOfPage":{"@id":"https:\/\/secnaturfrankfurt.com\/shop\/bags\/belt-bag\/handcrafted-pera-crossbody-bag\/#primaryimage"},"image":{"@id":"https:\/\/secnaturfrankfurt.com\/shop\/bags\/belt-bag\/handcrafted-pera-crossbody-bag\/#primaryimage"},"thumbnailUrl":"https:\/\/secnaturfrankfurt.com\/wp-content\/uploads\/2023\/10\/1-2.jpg","datePublished":"2023-10-02T04:13:54+00:00","dateModified":"2024-09-30T10:17:29+00:00","description":"The handcrafted Pera Crossbody Bag combines elegance and functionality with two compartments and detachable straps for versatile use.","breadcrumb":{"@id":"https:\/\/secnaturfrankfurt.com\/shop\/bags\/belt-bag\/handcrafted-pera-crossbody-bag\/#breadcrumb"},"inLanguage":"fr-FR","potentialAction":[{"@type":"ReadAction","target":["https:\/\/secnaturfrankfurt.com\/shop\/bags\/belt-bag\/handcrafted-pera-crossbody-bag\/"]}]},{"@type":"ImageObject","inLanguage":"fr-FR","@id":"https:\/\/secnaturfrankfurt.com\/shop\/bags\/belt-bag\/handcrafted-pera-crossbody-bag\/#primaryimage","url":"https:\/\/secnaturfrankfurt.com\/wp-content\/uploads\/2023\/10\/1-2.jpg","contentUrl":"https:\/\/secnaturfrankfurt.com\/wp-content\/uploads\/2023\/10\/1-2.jpg","width":1600,"height":2000,"caption":"Dark Brown Pera Crossbody Bag"},{"@type":"BreadcrumbList","@id":"https:\/\/secnaturfrankfurt.com\/shop\/bags\/belt-bag\/handcrafted-pera-crossbody-bag\/#breadcrumb","itemListElement":[{"@type":"ListItem","position":1,"name":"Home","item":"https:\/\/secnaturfrankfurt.com\/"},{"@type":"ListItem","position":2,"name":"Shop","item":"https:\/\/secnaturfrankfurt.com\/shop\/"},{"@type":"ListItem","position":3,"name":"Handcrafted Pera Crossbody Bag in Vegetable-Tanned Leather"}]},{"@type":"WebSite","@id":"https:\/\/secnaturfrankfurt.com\/#website","url":"https:\/\/secnaturfrankfurt.com\/","name":"Secnatur Frankfurt","description":"Discover Pure Nature Leather","potentialAction":[{"@type":"SearchAction","target":{"@type":"EntryPoint","urlTemplate":"https:\/\/secnaturfrankfurt.com\/?s={search_term_string}"},"query-input":"required name=search_term_string"}],"inLanguage":"fr-FR"}]}},"jetpack_sharing_enabled":true,"_links":{"self":[{"href":"https:\/\/secnaturfrankfurt.com\/fr\/wp-json\/wp\/v2\/product\/9890","targetHints":{"allow":["GET"]}}],"collection":[{"href":"https:\/\/secnaturfrankfurt.com\/fr\/wp-json\/wp\/v2\/product"}],"about":[{"href":"https:\/\/secnaturfrankfurt.com\/fr\/wp-json\/wp\/v2\/types\/product"}],"replies":[{"embeddable":true,"href":"https:\/\/secnaturfrankfurt.com\/fr\/wp-json\/wp\/v2\/comments?post=9890"}],"wp:featuredmedia":[{"embeddable":true,"href":"https:\/\/secnaturfrankfurt.com\/fr\/wp-json\/wp\/v2\/media\/9894"}],"wp:attachment":[{"href":"https:\/\/secnaturfrankfurt.com\/fr\/wp-json\/wp\/v2\/media?parent=9890"}],"wp:term":[{"taxonomy":"product_cat","embeddable":true,"href":"https:\/\/secnaturfrankfurt.com\/fr\/wp-json\/wp\/v2\/product_cat?post=9890"},{"taxonomy":"product_tag","embeddable":true,"href":"https:\/\/secnaturfrankfurt.com\/fr\/wp-json\/wp\/v2\/product_tag?post=9890"}],"curies":[{"name":"wp","href":"https:\/\/api.w.org\/{rel}","templated":true}]}}