{"id":9636,"date":"2023-09-05T07:03:54","date_gmt":"2023-09-05T07:03:54","guid":{"rendered":"https:\/\/secnaturfrankfurt.com\/?post_type=product&#038;p=9636"},"modified":"2025-10-07T17:49:59","modified_gmt":"2025-10-07T15:49:59","slug":"handcrafted-leather-backpack-durable-stylish-functional","status":"publish","type":"product","link":"https:\/\/secnaturfrankfurt.com\/fr\/shop\/bags\/backpack\/handcrafted-leather-backpack-durable-stylish-functional\/","title":{"rendered":"Sac \u00e0 dos en cuir tann\u00e9 v\u00e9g\u00e9tal marron fonc\u00e9 - Id\u00e9al pour le travail et les loisirs"},"content":{"rendered":"<p>D\u00e9couvrez la beaut\u00e9 d'un sac \u00e0 dos artisanal fabriqu\u00e9 \u00e0 partir de cuir de vache tann\u00e9 v\u00e9g\u00e9tal, alliant style, fonctionnalit\u00e9 et durabilit\u00e9. Ce sac \u00e0 dos en cuir comporte un compartiment int\u00e9rieur zipp\u00e9 et un rabat avant avec deux fermetures \u00e0 pression magn\u00e9tiques pour une s\u00e9curit\u00e9 accrue. De plus, il dispose d'une poche avant avec des fermetures magn\u00e9tiques pour un espace de rangement suppl\u00e9mentaire. \u00c0 l'arri\u00e8re, vous trouverez une autre poche zipp\u00e9e, parfaite pour un acc\u00e8s rapide aux objets essentiels. Les bretelles r\u00e9glables assurent un ajustement parfait, faisant de ce sac \u00e0 dos en cuir un choix id\u00e9al pour le travail, les loisirs ou la randonn\u00e9e. Il offre amplement d'espace pour une bouteille d'eau, une bo\u00eete \u00e0 lunch et un bloc-notes A4. Chacun de nos produits est une pi\u00e8ce unique, car aucun morceau de cuir n'est identique. Nos sacs \u00e0 dos artisanaux sont m\u00e9ticuleusement fabriqu\u00e9s avec une grande attention aux d\u00e9tails. Sur demande, nous pouvons graver des initiales, des noms ou un logo, ajoutant une touche personnelle \u00e0 votre sac \u00e0 dos en cuir.<\/p>","protected":false},"excerpt":{"rendered":"<p>Sac \u00e0 dos en cuir fait \u00e0 la main en cuir de vachette tann\u00e9 v\u00e9g\u00e9tal, avec des bretelles ajustables, plusieurs poches et des fermetures magn\u00e9tiques. Parfait pour le travail, les loisirs ou la randonn\u00e9e. Personnalisable avec des initiales, des noms ou des logos grav\u00e9s<\/p>","protected":false},"featured_media":9734,"comment_status":"open","ping_status":"closed","template":"","meta":[],"product_cat":[21,69,71],"product_tag":[],"class_list":{"0":"post-9636","1":"product","2":"type-product","3":"status-publish","4":"has-post-thumbnail","6":"product_cat-all-products","7":"product_cat-bags","8":"product_cat-backpack","9":"tm-has-styled-variations","10":"tm-has-options","12":"first","13":"instock","14":"shipping-taxable","15":"purchasable","16":"product-type-simple"},"yoast_head":"<!-- This site is optimized with the Yoast SEO plugin v23.3 - https:\/\/yoast.com\/wordpress\/plugins\/seo\/ -->\n<title>Handcrafted Leather Backpack - Durable, Stylish, and Functional<\/title>\n<meta name=\"description\" content=\"Explore our handcrafted leather backpack made from vegetable-tanned cowhide. With adjustable straps, multiple pockets, and custom engraving\" \/>\n<meta name=\"robots\" content=\"index, follow, max-snippet:-1, max-image-preview:large, max-video-preview:-1\" \/>\n<link rel=\"canonical\" href=\"https:\/\/secnaturfrankfurt.com\/fr\/shop\/bags\/backpack\/handcrafted-leather-backpack-durable-stylish-functional\/\" \/>\n<meta property=\"og:locale\" content=\"fr_FR\" \/>\n<meta property=\"og:type\" content=\"article\" \/>\n<meta property=\"og:title\" content=\"Handcrafted Leather Backpack - Durable, Stylish, and Functional\" \/>\n<meta property=\"og:description\" content=\"Explore our handcrafted leather backpack made from vegetable-tanned cowhide. With adjustable straps, multiple pockets, and custom engraving\" \/>\n<meta property=\"og:url\" content=\"https:\/\/secnaturfrankfurt.com\/fr\/shop\/bags\/backpack\/handcrafted-leather-backpack-durable-stylish-functional\/\" \/>\n<meta property=\"og:site_name\" content=\"Secnatur Frankfurt\" \/>\n<meta property=\"article:modified_time\" content=\"2025-10-07T15:49:59+00:00\" \/>\n<meta property=\"og:image\" content=\"https:\/\/secnaturfrankfurt.com\/wp-content\/uploads\/2023\/09\/Backpack-dark-1.jpg\" \/>\n\t<meta property=\"og:image:width\" content=\"1600\" \/>\n\t<meta property=\"og:image:height\" content=\"2000\" \/>\n\t<meta property=\"og:image:type\" content=\"image\/jpeg\" \/>\n<meta name=\"twitter:card\" content=\"summary_large_image\" \/>\n<meta name=\"twitter:label1\" content=\"Dur\u00e9e de lecture estim\u00e9e\" \/>\n\t<meta name=\"twitter:data1\" content=\"1 minute\" \/>\n<script type=\"application\/ld+json\" class=\"yoast-schema-graph\">{\"@context\":\"https:\/\/schema.org\",\"@graph\":[{\"@type\":\"WebPage\",\"@id\":\"https:\/\/secnaturfrankfurt.com\/shop\/bags\/backpack\/handcrafted-leather-backpack-durable-stylish-functional\/\",\"url\":\"https:\/\/secnaturfrankfurt.com\/shop\/bags\/backpack\/handcrafted-leather-backpack-durable-stylish-functional\/\",\"name\":\"Handcrafted Leather Backpack - Durable, Stylish, and Functional\",\"isPartOf\":{\"@id\":\"https:\/\/secnaturfrankfurt.com\/#website\"},\"primaryImageOfPage\":{\"@id\":\"https:\/\/secnaturfrankfurt.com\/shop\/bags\/backpack\/handcrafted-leather-backpack-durable-stylish-functional\/#primaryimage\"},\"image\":{\"@id\":\"https:\/\/secnaturfrankfurt.com\/shop\/bags\/backpack\/handcrafted-leather-backpack-durable-stylish-functional\/#primaryimage\"},\"thumbnailUrl\":\"https:\/\/secnaturfrankfurt.com\/wp-content\/uploads\/2023\/09\/Backpack-dark-1.jpg\",\"datePublished\":\"2023-09-05T07:03:54+00:00\",\"dateModified\":\"2025-10-07T15:49:59+00:00\",\"description\":\"Explore our handcrafted leather backpack made from vegetable-tanned cowhide. With adjustable straps, multiple pockets, and custom engraving\",\"breadcrumb\":{\"@id\":\"https:\/\/secnaturfrankfurt.com\/shop\/bags\/backpack\/handcrafted-leather-backpack-durable-stylish-functional\/#breadcrumb\"},\"inLanguage\":\"fr-FR\",\"potentialAction\":[{\"@type\":\"ReadAction\",\"target\":[\"https:\/\/secnaturfrankfurt.com\/shop\/bags\/backpack\/handcrafted-leather-backpack-durable-stylish-functional\/\"]}]},{\"@type\":\"ImageObject\",\"inLanguage\":\"fr-FR\",\"@id\":\"https:\/\/secnaturfrankfurt.com\/shop\/bags\/backpack\/handcrafted-leather-backpack-durable-stylish-functional\/#primaryimage\",\"url\":\"https:\/\/secnaturfrankfurt.com\/wp-content\/uploads\/2023\/09\/Backpack-dark-1.jpg\",\"contentUrl\":\"https:\/\/secnaturfrankfurt.com\/wp-content\/uploads\/2023\/09\/Backpack-dark-1.jpg\",\"width\":1600,\"height\":2000},{\"@type\":\"BreadcrumbList\",\"@id\":\"https:\/\/secnaturfrankfurt.com\/shop\/bags\/backpack\/handcrafted-leather-backpack-durable-stylish-functional\/#breadcrumb\",\"itemListElement\":[{\"@type\":\"ListItem\",\"position\":1,\"name\":\"Home\",\"item\":\"https:\/\/secnaturfrankfurt.com\/\"},{\"@type\":\"ListItem\",\"position\":2,\"name\":\"Shop\",\"item\":\"https:\/\/secnaturfrankfurt.com\/shop\/\"},{\"@type\":\"ListItem\",\"position\":3,\"name\":\"Dark Brown Vegetable-Tanned Leather Backpack &#8211; Ideal for Work and Leisure\"}]},{\"@type\":\"WebSite\",\"@id\":\"https:\/\/secnaturfrankfurt.com\/#website\",\"url\":\"https:\/\/secnaturfrankfurt.com\/\",\"name\":\"Secnatur Frankfurt\",\"description\":\"Discover Pure Nature Leather\",\"potentialAction\":[{\"@type\":\"SearchAction\",\"target\":{\"@type\":\"EntryPoint\",\"urlTemplate\":\"https:\/\/secnaturfrankfurt.com\/?s={search_term_string}\"},\"query-input\":\"required name=search_term_string\"}],\"inLanguage\":\"fr-FR\"}]}<\/script>\n<!-- \/ Yoast SEO plugin. -->","yoast_head_json":{"title":"Handcrafted Leather Backpack - Durable, Stylish, and Functional","description":"Explore our handcrafted leather backpack made from vegetable-tanned cowhide. With adjustable straps, multiple pockets, and custom engraving","robots":{"index":"index","follow":"follow","max-snippet":"max-snippet:-1","max-image-preview":"max-image-preview:large","max-video-preview":"max-video-preview:-1"},"canonical":"https:\/\/secnaturfrankfurt.com\/fr\/shop\/bags\/backpack\/handcrafted-leather-backpack-durable-stylish-functional\/","og_locale":"fr_FR","og_type":"article","og_title":"Handcrafted Leather Backpack - Durable, Stylish, and Functional","og_description":"Explore our handcrafted leather backpack made from vegetable-tanned cowhide. With adjustable straps, multiple pockets, and custom engraving","og_url":"https:\/\/secnaturfrankfurt.com\/fr\/shop\/bags\/backpack\/handcrafted-leather-backpack-durable-stylish-functional\/","og_site_name":"Secnatur Frankfurt","article_modified_time":"2025-10-07T15:49:59+00:00","og_image":[{"width":1600,"height":2000,"url":"https:\/\/secnaturfrankfurt.com\/wp-content\/uploads\/2023\/09\/Backpack-dark-1.jpg","type":"image\/jpeg"}],"twitter_card":"summary_large_image","twitter_misc":{"Dur\u00e9e de lecture estim\u00e9e":"1 minute"},"schema":{"@context":"https:\/\/schema.org","@graph":[{"@type":"WebPage","@id":"https:\/\/secnaturfrankfurt.com\/shop\/bags\/backpack\/handcrafted-leather-backpack-durable-stylish-functional\/","url":"https:\/\/secnaturfrankfurt.com\/shop\/bags\/backpack\/handcrafted-leather-backpack-durable-stylish-functional\/","name":"Handcrafted Leather Backpack - Durable, Stylish, and Functional","isPartOf":{"@id":"https:\/\/secnaturfrankfurt.com\/#website"},"primaryImageOfPage":{"@id":"https:\/\/secnaturfrankfurt.com\/shop\/bags\/backpack\/handcrafted-leather-backpack-durable-stylish-functional\/#primaryimage"},"image":{"@id":"https:\/\/secnaturfrankfurt.com\/shop\/bags\/backpack\/handcrafted-leather-backpack-durable-stylish-functional\/#primaryimage"},"thumbnailUrl":"https:\/\/secnaturfrankfurt.com\/wp-content\/uploads\/2023\/09\/Backpack-dark-1.jpg","datePublished":"2023-09-05T07:03:54+00:00","dateModified":"2025-10-07T15:49:59+00:00","description":"Explore our handcrafted leather backpack made from vegetable-tanned cowhide. With adjustable straps, multiple pockets, and custom engraving","breadcrumb":{"@id":"https:\/\/secnaturfrankfurt.com\/shop\/bags\/backpack\/handcrafted-leather-backpack-durable-stylish-functional\/#breadcrumb"},"inLanguage":"fr-FR","potentialAction":[{"@type":"ReadAction","target":["https:\/\/secnaturfrankfurt.com\/shop\/bags\/backpack\/handcrafted-leather-backpack-durable-stylish-functional\/"]}]},{"@type":"ImageObject","inLanguage":"fr-FR","@id":"https:\/\/secnaturfrankfurt.com\/shop\/bags\/backpack\/handcrafted-leather-backpack-durable-stylish-functional\/#primaryimage","url":"https:\/\/secnaturfrankfurt.com\/wp-content\/uploads\/2023\/09\/Backpack-dark-1.jpg","contentUrl":"https:\/\/secnaturfrankfurt.com\/wp-content\/uploads\/2023\/09\/Backpack-dark-1.jpg","width":1600,"height":2000},{"@type":"BreadcrumbList","@id":"https:\/\/secnaturfrankfurt.com\/shop\/bags\/backpack\/handcrafted-leather-backpack-durable-stylish-functional\/#breadcrumb","itemListElement":[{"@type":"ListItem","position":1,"name":"Home","item":"https:\/\/secnaturfrankfurt.com\/"},{"@type":"ListItem","position":2,"name":"Shop","item":"https:\/\/secnaturfrankfurt.com\/shop\/"},{"@type":"ListItem","position":3,"name":"Dark Brown Vegetable-Tanned Leather Backpack &#8211; Ideal for Work and Leisure"}]},{"@type":"WebSite","@id":"https:\/\/secnaturfrankfurt.com\/#website","url":"https:\/\/secnaturfrankfurt.com\/","name":"Secnatur Frankfurt","description":"Discover Pure Nature Leather","potentialAction":[{"@type":"SearchAction","target":{"@type":"EntryPoint","urlTemplate":"https:\/\/secnaturfrankfurt.com\/?s={search_term_string}"},"query-input":"required name=search_term_string"}],"inLanguage":"fr-FR"}]}},"jetpack_sharing_enabled":true,"_links":{"self":[{"href":"https:\/\/secnaturfrankfurt.com\/fr\/wp-json\/wp\/v2\/product\/9636","targetHints":{"allow":["GET"]}}],"collection":[{"href":"https:\/\/secnaturfrankfurt.com\/fr\/wp-json\/wp\/v2\/product"}],"about":[{"href":"https:\/\/secnaturfrankfurt.com\/fr\/wp-json\/wp\/v2\/types\/product"}],"replies":[{"embeddable":true,"href":"https:\/\/secnaturfrankfurt.com\/fr\/wp-json\/wp\/v2\/comments?post=9636"}],"wp:featuredmedia":[{"embeddable":true,"href":"https:\/\/secnaturfrankfurt.com\/fr\/wp-json\/wp\/v2\/media\/9734"}],"wp:attachment":[{"href":"https:\/\/secnaturfrankfurt.com\/fr\/wp-json\/wp\/v2\/media?parent=9636"}],"wp:term":[{"taxonomy":"product_cat","embeddable":true,"href":"https:\/\/secnaturfrankfurt.com\/fr\/wp-json\/wp\/v2\/product_cat?post=9636"},{"taxonomy":"product_tag","embeddable":true,"href":"https:\/\/secnaturfrankfurt.com\/fr\/wp-json\/wp\/v2\/product_tag?post=9636"}],"curies":[{"name":"wp","href":"https:\/\/api.w.org\/{rel}","templated":true}]}}