{"id":9594,"date":"2023-08-31T16:00:52","date_gmt":"2023-08-31T16:00:52","guid":{"rendered":"https:\/\/secnaturfrankfurt.com\/?post_type=product&#038;p=9594"},"modified":"2025-03-04T18:40:54","modified_gmt":"2025-03-04T16:40:54","slug":"grey-pera-crossbody-bag","status":"publish","type":"product","link":"https:\/\/secnaturfrankfurt.com\/fr\/shop\/bags\/belt-bag\/grey-pera-crossbody-bag\/","title":{"rendered":"Pera Crossbody Bag &#8211; Grey"},"content":{"rendered":"<p>Sac bandouli\u00e8re Pera gris fait main, fabriqu\u00e9 \u00e0 partir de cuir de vache de haute qualit\u00e9, tann\u00e9 v\u00e9g\u00e9tal. Ce sac \u00e9l\u00e9gant dispose de deux compartiments spacieux \u00e0 fermeture \u00e9clair, parfaits pour ranger facilement votre smartphone, portefeuille, produits de soin pour les l\u00e8vres et autres accessoires. Il est accompagn\u00e9 de deux sangles diff\u00e9rentes \u2013 l'une en cuir et l'autre en coton \u2013 toutes deux d\u00e9tachables. Cela offre des options de personnalisation suppl\u00e9mentaires et vous permet d'adapter parfaitement le sac \u00e0 vos besoins personnels et \u00e0 vos pr\u00e9f\u00e9rences de style. Chacun de nos produits est unique, car chaque pi\u00e8ce de cuir a ses propres caract\u00e9ristiques distinctives \u2013 nous garantissons ainsi des articles individuels authentiques de la plus haute qualit\u00e9.<\/p>","protected":false},"excerpt":{"rendered":"<p>Handcrafted grey Pera crossbody bag made from high-quality, vegetable-tanned cowhide leather. This elegant bag features two spacious zippered compartments that<\/p>","protected":false},"featured_media":9610,"comment_status":"open","ping_status":"closed","template":"","meta":[],"product_cat":[21,69,74],"product_tag":[],"class_list":{"0":"post-9594","1":"product","2":"type-product","3":"status-publish","4":"has-post-thumbnail","6":"product_cat-all-products","7":"product_cat-bags","8":"product_cat-belt-bag","9":"tm-has-options","11":"first","12":"instock","13":"shipping-taxable","14":"purchasable","15":"product-type-simple"},"yoast_head":"<!-- This site is optimized with the Yoast SEO plugin v23.3 - https:\/\/yoast.com\/wordpress\/plugins\/seo\/ -->\n<title>Grey Pera Crossbody Bag<\/title>\n<meta name=\"description\" content=\"Grey Pera Crossbody Bag is handcrafted and high-quality. The belly bag was made from vegetable-tanned cowhide leather. Click to buy\" \/>\n<meta name=\"robots\" content=\"index, follow, max-snippet:-1, max-image-preview:large, max-video-preview:-1\" \/>\n<link rel=\"canonical\" href=\"https:\/\/secnaturfrankfurt.com\/fr\/shop\/bags\/belt-bag\/grey-pera-crossbody-bag\/\" \/>\n<meta property=\"og:locale\" content=\"fr_FR\" \/>\n<meta property=\"og:type\" content=\"article\" \/>\n<meta property=\"og:title\" content=\"Grey Pera Crossbody Bag\" \/>\n<meta property=\"og:description\" content=\"Grey Pera Crossbody Bag is handcrafted and high-quality. The belly bag was made from vegetable-tanned cowhide leather. Click to buy\" \/>\n<meta property=\"og:url\" content=\"https:\/\/secnaturfrankfurt.com\/fr\/shop\/bags\/belt-bag\/grey-pera-crossbody-bag\/\" \/>\n<meta property=\"og:site_name\" content=\"Secnatur Frankfurt\" \/>\n<meta property=\"article:modified_time\" content=\"2025-03-04T16:40:54+00:00\" \/>\n<meta property=\"og:image\" content=\"https:\/\/secnaturfrankfurt.com\/wp-content\/uploads\/2023\/08\/F2-3.jpg\" \/>\n\t<meta property=\"og:image:width\" content=\"1600\" \/>\n\t<meta property=\"og:image:height\" content=\"2000\" \/>\n\t<meta property=\"og:image:type\" content=\"image\/jpeg\" \/>\n<meta name=\"twitter:card\" content=\"summary_large_image\" \/>\n<meta name=\"twitter:label1\" content=\"Dur\u00e9e de lecture estim\u00e9e\" \/>\n\t<meta name=\"twitter:data1\" content=\"1 minute\" \/>\n<script type=\"application\/ld+json\" class=\"yoast-schema-graph\">{\"@context\":\"https:\/\/schema.org\",\"@graph\":[{\"@type\":\"WebPage\",\"@id\":\"https:\/\/secnaturfrankfurt.com\/shop\/bags\/belt-bag\/grey-pera-crossbody-bag\/\",\"url\":\"https:\/\/secnaturfrankfurt.com\/shop\/bags\/belt-bag\/grey-pera-crossbody-bag\/\",\"name\":\"Grey Pera Crossbody Bag\",\"isPartOf\":{\"@id\":\"https:\/\/secnaturfrankfurt.com\/#website\"},\"primaryImageOfPage\":{\"@id\":\"https:\/\/secnaturfrankfurt.com\/shop\/bags\/belt-bag\/grey-pera-crossbody-bag\/#primaryimage\"},\"image\":{\"@id\":\"https:\/\/secnaturfrankfurt.com\/shop\/bags\/belt-bag\/grey-pera-crossbody-bag\/#primaryimage\"},\"thumbnailUrl\":\"https:\/\/secnaturfrankfurt.com\/wp-content\/uploads\/2023\/08\/F2-3.jpg\",\"datePublished\":\"2023-08-31T16:00:52+00:00\",\"dateModified\":\"2025-03-04T16:40:54+00:00\",\"description\":\"Grey Pera Crossbody Bag is handcrafted and high-quality. The belly bag was made from vegetable-tanned cowhide leather. Click to buy\",\"breadcrumb\":{\"@id\":\"https:\/\/secnaturfrankfurt.com\/shop\/bags\/belt-bag\/grey-pera-crossbody-bag\/#breadcrumb\"},\"inLanguage\":\"fr-FR\",\"potentialAction\":[{\"@type\":\"ReadAction\",\"target\":[\"https:\/\/secnaturfrankfurt.com\/shop\/bags\/belt-bag\/grey-pera-crossbody-bag\/\"]}]},{\"@type\":\"ImageObject\",\"inLanguage\":\"fr-FR\",\"@id\":\"https:\/\/secnaturfrankfurt.com\/shop\/bags\/belt-bag\/grey-pera-crossbody-bag\/#primaryimage\",\"url\":\"https:\/\/secnaturfrankfurt.com\/wp-content\/uploads\/2023\/08\/F2-3.jpg\",\"contentUrl\":\"https:\/\/secnaturfrankfurt.com\/wp-content\/uploads\/2023\/08\/F2-3.jpg\",\"width\":1600,\"height\":2000,\"caption\":\"Grey Pera Crossbody Bag\"},{\"@type\":\"BreadcrumbList\",\"@id\":\"https:\/\/secnaturfrankfurt.com\/shop\/bags\/belt-bag\/grey-pera-crossbody-bag\/#breadcrumb\",\"itemListElement\":[{\"@type\":\"ListItem\",\"position\":1,\"name\":\"Home\",\"item\":\"https:\/\/secnaturfrankfurt.com\/\"},{\"@type\":\"ListItem\",\"position\":2,\"name\":\"Shop\",\"item\":\"https:\/\/secnaturfrankfurt.com\/shop\/\"},{\"@type\":\"ListItem\",\"position\":3,\"name\":\"Pera Crossbody Bag &#8211; Grey\"}]},{\"@type\":\"WebSite\",\"@id\":\"https:\/\/secnaturfrankfurt.com\/#website\",\"url\":\"https:\/\/secnaturfrankfurt.com\/\",\"name\":\"Secnatur Frankfurt\",\"description\":\"Discover Pure Nature Leather\",\"potentialAction\":[{\"@type\":\"SearchAction\",\"target\":{\"@type\":\"EntryPoint\",\"urlTemplate\":\"https:\/\/secnaturfrankfurt.com\/?s={search_term_string}\"},\"query-input\":\"required name=search_term_string\"}],\"inLanguage\":\"fr-FR\"}]}<\/script>\n<!-- \/ Yoast SEO plugin. -->","yoast_head_json":{"title":"Grey Pera Crossbody Bag","description":"Grey Pera Crossbody Bag is handcrafted and high-quality. The belly bag was made from vegetable-tanned cowhide leather. Click to buy","robots":{"index":"index","follow":"follow","max-snippet":"max-snippet:-1","max-image-preview":"max-image-preview:large","max-video-preview":"max-video-preview:-1"},"canonical":"https:\/\/secnaturfrankfurt.com\/fr\/shop\/bags\/belt-bag\/grey-pera-crossbody-bag\/","og_locale":"fr_FR","og_type":"article","og_title":"Grey Pera Crossbody Bag","og_description":"Grey Pera Crossbody Bag is handcrafted and high-quality. The belly bag was made from vegetable-tanned cowhide leather. Click to buy","og_url":"https:\/\/secnaturfrankfurt.com\/fr\/shop\/bags\/belt-bag\/grey-pera-crossbody-bag\/","og_site_name":"Secnatur Frankfurt","article_modified_time":"2025-03-04T16:40:54+00:00","og_image":[{"width":1600,"height":2000,"url":"https:\/\/secnaturfrankfurt.com\/wp-content\/uploads\/2023\/08\/F2-3.jpg","type":"image\/jpeg"}],"twitter_card":"summary_large_image","twitter_misc":{"Dur\u00e9e de lecture estim\u00e9e":"1 minute"},"schema":{"@context":"https:\/\/schema.org","@graph":[{"@type":"WebPage","@id":"https:\/\/secnaturfrankfurt.com\/shop\/bags\/belt-bag\/grey-pera-crossbody-bag\/","url":"https:\/\/secnaturfrankfurt.com\/shop\/bags\/belt-bag\/grey-pera-crossbody-bag\/","name":"Grey Pera Crossbody Bag","isPartOf":{"@id":"https:\/\/secnaturfrankfurt.com\/#website"},"primaryImageOfPage":{"@id":"https:\/\/secnaturfrankfurt.com\/shop\/bags\/belt-bag\/grey-pera-crossbody-bag\/#primaryimage"},"image":{"@id":"https:\/\/secnaturfrankfurt.com\/shop\/bags\/belt-bag\/grey-pera-crossbody-bag\/#primaryimage"},"thumbnailUrl":"https:\/\/secnaturfrankfurt.com\/wp-content\/uploads\/2023\/08\/F2-3.jpg","datePublished":"2023-08-31T16:00:52+00:00","dateModified":"2025-03-04T16:40:54+00:00","description":"Grey Pera Crossbody Bag is handcrafted and high-quality. The belly bag was made from vegetable-tanned cowhide leather. Click to buy","breadcrumb":{"@id":"https:\/\/secnaturfrankfurt.com\/shop\/bags\/belt-bag\/grey-pera-crossbody-bag\/#breadcrumb"},"inLanguage":"fr-FR","potentialAction":[{"@type":"ReadAction","target":["https:\/\/secnaturfrankfurt.com\/shop\/bags\/belt-bag\/grey-pera-crossbody-bag\/"]}]},{"@type":"ImageObject","inLanguage":"fr-FR","@id":"https:\/\/secnaturfrankfurt.com\/shop\/bags\/belt-bag\/grey-pera-crossbody-bag\/#primaryimage","url":"https:\/\/secnaturfrankfurt.com\/wp-content\/uploads\/2023\/08\/F2-3.jpg","contentUrl":"https:\/\/secnaturfrankfurt.com\/wp-content\/uploads\/2023\/08\/F2-3.jpg","width":1600,"height":2000,"caption":"Grey Pera Crossbody Bag"},{"@type":"BreadcrumbList","@id":"https:\/\/secnaturfrankfurt.com\/shop\/bags\/belt-bag\/grey-pera-crossbody-bag\/#breadcrumb","itemListElement":[{"@type":"ListItem","position":1,"name":"Home","item":"https:\/\/secnaturfrankfurt.com\/"},{"@type":"ListItem","position":2,"name":"Shop","item":"https:\/\/secnaturfrankfurt.com\/shop\/"},{"@type":"ListItem","position":3,"name":"Pera Crossbody Bag &#8211; Grey"}]},{"@type":"WebSite","@id":"https:\/\/secnaturfrankfurt.com\/#website","url":"https:\/\/secnaturfrankfurt.com\/","name":"Secnatur Frankfurt","description":"Discover Pure Nature Leather","potentialAction":[{"@type":"SearchAction","target":{"@type":"EntryPoint","urlTemplate":"https:\/\/secnaturfrankfurt.com\/?s={search_term_string}"},"query-input":"required name=search_term_string"}],"inLanguage":"fr-FR"}]}},"jetpack_sharing_enabled":true,"_links":{"self":[{"href":"https:\/\/secnaturfrankfurt.com\/fr\/wp-json\/wp\/v2\/product\/9594","targetHints":{"allow":["GET"]}}],"collection":[{"href":"https:\/\/secnaturfrankfurt.com\/fr\/wp-json\/wp\/v2\/product"}],"about":[{"href":"https:\/\/secnaturfrankfurt.com\/fr\/wp-json\/wp\/v2\/types\/product"}],"replies":[{"embeddable":true,"href":"https:\/\/secnaturfrankfurt.com\/fr\/wp-json\/wp\/v2\/comments?post=9594"}],"wp:featuredmedia":[{"embeddable":true,"href":"https:\/\/secnaturfrankfurt.com\/fr\/wp-json\/wp\/v2\/media\/9610"}],"wp:attachment":[{"href":"https:\/\/secnaturfrankfurt.com\/fr\/wp-json\/wp\/v2\/media?parent=9594"}],"wp:term":[{"taxonomy":"product_cat","embeddable":true,"href":"https:\/\/secnaturfrankfurt.com\/fr\/wp-json\/wp\/v2\/product_cat?post=9594"},{"taxonomy":"product_tag","embeddable":true,"href":"https:\/\/secnaturfrankfurt.com\/fr\/wp-json\/wp\/v2\/product_tag?post=9594"}],"curies":[{"name":"wp","href":"https:\/\/api.w.org\/{rel}","templated":true}]}}