{"id":9898,"date":"2023-10-02T06:19:44","date_gmt":"2023-10-02T06:19:44","guid":{"rendered":"https:\/\/secnaturfrankfurt.com\/?post_type=product&#038;p=9898"},"modified":"2025-04-24T22:56:59","modified_gmt":"2025-04-24T20:56:59","slug":"hessen-crossbody-bag-black","status":"publish","type":"product","link":"https:\/\/secnaturfrankfurt.com\/de\/shop\/bags\/belt-bag\/hessen-crossbody-bag-black\/","title":{"rendered":"Hessen Crossbody Tasche - Schwarz"},"content":{"rendered":"<p>Handgefertigte Bauch- und Schwarze Hessen-Umh\u00e4ngetasche aus hochwertigem, pflanzlich gegerbtem Rindsleder. Die Tasche zeichnet sich durch ihre zwei ger\u00e4umigen Rei\u00dfverschlussf\u00e4cher aus, in denen problemlos Ihr Smartphone, Geldb\u00f6rse, Lippenpflege und vieles mehr Platz finden. Wenn Sie die Tasche als Bauchtasche tragen m\u00f6chten, k\u00f6nnen nach Bedarf L\u00f6cher hinzugef\u00fcgt werden. Jedes unserer Produkte ist ein Unikat, da kein Leder dem anderen gleicht \u2013 authentische Einzelst\u00fccke h\u00f6chster Qualit\u00e4t.<\/p>","protected":false},"excerpt":{"rendered":"<p>Handcrafted belly and Black Hessen Crossbody Bag made from high-quality, vegetable-tanned cowhide leather. The bag stands out with its two<\/p>","protected":false},"featured_media":9910,"comment_status":"open","ping_status":"closed","template":"","meta":[],"product_cat":[21,69,74],"product_tag":[],"class_list":{"0":"post-9898","1":"product","2":"type-product","3":"status-publish","4":"has-post-thumbnail","6":"product_cat-all-products","7":"product_cat-bags","8":"product_cat-belt-bag","9":"tm-has-styled-variations","10":"tm-has-options","12":"first","13":"instock","14":"shipping-taxable","15":"purchasable","16":"product-type-simple"},"yoast_head":"<!-- This site is optimized with the Yoast SEO plugin v23.3 - https:\/\/yoast.com\/wordpress\/plugins\/seo\/ -->\n<title>Black Hessen Crossbody Bag<\/title>\n<meta name=\"description\" content=\"Black Hessen Crossbody Bag is handcrafted and high-quality. The belly bag was made from vegetable-tanned cowhide leather. Click to buy\" \/>\n<meta name=\"robots\" content=\"index, follow, max-snippet:-1, max-image-preview:large, max-video-preview:-1\" \/>\n<link rel=\"canonical\" href=\"https:\/\/secnaturfrankfurt.com\/de\/shop\/bags\/belt-bag\/hessen-crossbody-bag-black\/\" \/>\n<meta property=\"og:locale\" content=\"de_DE\" \/>\n<meta property=\"og:type\" content=\"article\" \/>\n<meta property=\"og:title\" content=\"Black Hessen Crossbody Bag\" \/>\n<meta property=\"og:description\" content=\"Black Hessen Crossbody Bag is handcrafted and high-quality. The belly bag was made from vegetable-tanned cowhide leather. Click to buy\" \/>\n<meta property=\"og:url\" content=\"https:\/\/secnaturfrankfurt.com\/de\/shop\/bags\/belt-bag\/hessen-crossbody-bag-black\/\" \/>\n<meta property=\"og:site_name\" content=\"Secnatur Frankfurt\" \/>\n<meta property=\"article:modified_time\" content=\"2025-04-24T20:56:59+00:00\" \/>\n<meta property=\"og:image\" content=\"https:\/\/secnaturfrankfurt.com\/wp-content\/uploads\/2023\/10\/1-3.jpg\" \/>\n\t<meta property=\"og:image:width\" content=\"1600\" \/>\n\t<meta property=\"og:image:height\" content=\"2000\" \/>\n\t<meta property=\"og:image:type\" content=\"image\/jpeg\" \/>\n<meta name=\"twitter:card\" content=\"summary_large_image\" \/>\n<meta name=\"twitter:label1\" content=\"Gesch\u00e4tzte Lesezeit\" \/>\n\t<meta name=\"twitter:data1\" content=\"1\u00a0Minute\" \/>\n<script type=\"application\/ld+json\" class=\"yoast-schema-graph\">{\"@context\":\"https:\/\/schema.org\",\"@graph\":[{\"@type\":\"WebPage\",\"@id\":\"https:\/\/secnaturfrankfurt.com\/shop\/bags\/belt-bag\/hessen-crossbody-bag-black\/\",\"url\":\"https:\/\/secnaturfrankfurt.com\/shop\/bags\/belt-bag\/hessen-crossbody-bag-black\/\",\"name\":\"Black Hessen Crossbody Bag\",\"isPartOf\":{\"@id\":\"https:\/\/secnaturfrankfurt.com\/#website\"},\"primaryImageOfPage\":{\"@id\":\"https:\/\/secnaturfrankfurt.com\/shop\/bags\/belt-bag\/hessen-crossbody-bag-black\/#primaryimage\"},\"image\":{\"@id\":\"https:\/\/secnaturfrankfurt.com\/shop\/bags\/belt-bag\/hessen-crossbody-bag-black\/#primaryimage\"},\"thumbnailUrl\":\"https:\/\/secnaturfrankfurt.com\/wp-content\/uploads\/2023\/10\/1-3.jpg\",\"datePublished\":\"2023-10-02T06:19:44+00:00\",\"dateModified\":\"2025-04-24T20:56:59+00:00\",\"description\":\"Black Hessen Crossbody Bag is handcrafted and high-quality. The belly bag was made from vegetable-tanned cowhide leather. Click to buy\",\"breadcrumb\":{\"@id\":\"https:\/\/secnaturfrankfurt.com\/shop\/bags\/belt-bag\/hessen-crossbody-bag-black\/#breadcrumb\"},\"inLanguage\":\"de\",\"potentialAction\":[{\"@type\":\"ReadAction\",\"target\":[\"https:\/\/secnaturfrankfurt.com\/shop\/bags\/belt-bag\/hessen-crossbody-bag-black\/\"]}]},{\"@type\":\"ImageObject\",\"inLanguage\":\"de\",\"@id\":\"https:\/\/secnaturfrankfurt.com\/shop\/bags\/belt-bag\/hessen-crossbody-bag-black\/#primaryimage\",\"url\":\"https:\/\/secnaturfrankfurt.com\/wp-content\/uploads\/2023\/10\/1-3.jpg\",\"contentUrl\":\"https:\/\/secnaturfrankfurt.com\/wp-content\/uploads\/2023\/10\/1-3.jpg\",\"width\":1600,\"height\":2000,\"caption\":\"Black Hessen Crossbody Bag\"},{\"@type\":\"BreadcrumbList\",\"@id\":\"https:\/\/secnaturfrankfurt.com\/shop\/bags\/belt-bag\/hessen-crossbody-bag-black\/#breadcrumb\",\"itemListElement\":[{\"@type\":\"ListItem\",\"position\":1,\"name\":\"Home\",\"item\":\"https:\/\/secnaturfrankfurt.com\/\"},{\"@type\":\"ListItem\",\"position\":2,\"name\":\"Shop\",\"item\":\"https:\/\/secnaturfrankfurt.com\/shop\/\"},{\"@type\":\"ListItem\",\"position\":3,\"name\":\"Hessen Crossbody Bag &#8211; Black\"}]},{\"@type\":\"WebSite\",\"@id\":\"https:\/\/secnaturfrankfurt.com\/#website\",\"url\":\"https:\/\/secnaturfrankfurt.com\/\",\"name\":\"Secnatur Frankfurt\",\"description\":\"Discover Pure Nature Leather\",\"potentialAction\":[{\"@type\":\"SearchAction\",\"target\":{\"@type\":\"EntryPoint\",\"urlTemplate\":\"https:\/\/secnaturfrankfurt.com\/?s={search_term_string}\"},\"query-input\":\"required name=search_term_string\"}],\"inLanguage\":\"de\"}]}<\/script>\n<!-- \/ Yoast SEO plugin. -->","yoast_head_json":{"title":"Black Hessen Crossbody Bag","description":"Black Hessen Crossbody Bag is handcrafted and high-quality. The belly bag was made from vegetable-tanned cowhide leather. Click to buy","robots":{"index":"index","follow":"follow","max-snippet":"max-snippet:-1","max-image-preview":"max-image-preview:large","max-video-preview":"max-video-preview:-1"},"canonical":"https:\/\/secnaturfrankfurt.com\/de\/shop\/bags\/belt-bag\/hessen-crossbody-bag-black\/","og_locale":"de_DE","og_type":"article","og_title":"Black Hessen Crossbody Bag","og_description":"Black Hessen Crossbody Bag is handcrafted and high-quality. The belly bag was made from vegetable-tanned cowhide leather. Click to buy","og_url":"https:\/\/secnaturfrankfurt.com\/de\/shop\/bags\/belt-bag\/hessen-crossbody-bag-black\/","og_site_name":"Secnatur Frankfurt","article_modified_time":"2025-04-24T20:56:59+00:00","og_image":[{"width":1600,"height":2000,"url":"https:\/\/secnaturfrankfurt.com\/wp-content\/uploads\/2023\/10\/1-3.jpg","type":"image\/jpeg"}],"twitter_card":"summary_large_image","twitter_misc":{"Gesch\u00e4tzte Lesezeit":"1\u00a0Minute"},"schema":{"@context":"https:\/\/schema.org","@graph":[{"@type":"WebPage","@id":"https:\/\/secnaturfrankfurt.com\/shop\/bags\/belt-bag\/hessen-crossbody-bag-black\/","url":"https:\/\/secnaturfrankfurt.com\/shop\/bags\/belt-bag\/hessen-crossbody-bag-black\/","name":"Black Hessen Crossbody Bag","isPartOf":{"@id":"https:\/\/secnaturfrankfurt.com\/#website"},"primaryImageOfPage":{"@id":"https:\/\/secnaturfrankfurt.com\/shop\/bags\/belt-bag\/hessen-crossbody-bag-black\/#primaryimage"},"image":{"@id":"https:\/\/secnaturfrankfurt.com\/shop\/bags\/belt-bag\/hessen-crossbody-bag-black\/#primaryimage"},"thumbnailUrl":"https:\/\/secnaturfrankfurt.com\/wp-content\/uploads\/2023\/10\/1-3.jpg","datePublished":"2023-10-02T06:19:44+00:00","dateModified":"2025-04-24T20:56:59+00:00","description":"Black Hessen Crossbody Bag is handcrafted and high-quality. The belly bag was made from vegetable-tanned cowhide leather. Click to buy","breadcrumb":{"@id":"https:\/\/secnaturfrankfurt.com\/shop\/bags\/belt-bag\/hessen-crossbody-bag-black\/#breadcrumb"},"inLanguage":"de","potentialAction":[{"@type":"ReadAction","target":["https:\/\/secnaturfrankfurt.com\/shop\/bags\/belt-bag\/hessen-crossbody-bag-black\/"]}]},{"@type":"ImageObject","inLanguage":"de","@id":"https:\/\/secnaturfrankfurt.com\/shop\/bags\/belt-bag\/hessen-crossbody-bag-black\/#primaryimage","url":"https:\/\/secnaturfrankfurt.com\/wp-content\/uploads\/2023\/10\/1-3.jpg","contentUrl":"https:\/\/secnaturfrankfurt.com\/wp-content\/uploads\/2023\/10\/1-3.jpg","width":1600,"height":2000,"caption":"Black Hessen Crossbody Bag"},{"@type":"BreadcrumbList","@id":"https:\/\/secnaturfrankfurt.com\/shop\/bags\/belt-bag\/hessen-crossbody-bag-black\/#breadcrumb","itemListElement":[{"@type":"ListItem","position":1,"name":"Home","item":"https:\/\/secnaturfrankfurt.com\/"},{"@type":"ListItem","position":2,"name":"Shop","item":"https:\/\/secnaturfrankfurt.com\/shop\/"},{"@type":"ListItem","position":3,"name":"Hessen Crossbody Bag &#8211; Black"}]},{"@type":"WebSite","@id":"https:\/\/secnaturfrankfurt.com\/#website","url":"https:\/\/secnaturfrankfurt.com\/","name":"Secnatur Frankfurt","description":"Discover Pure Nature Leather","potentialAction":[{"@type":"SearchAction","target":{"@type":"EntryPoint","urlTemplate":"https:\/\/secnaturfrankfurt.com\/?s={search_term_string}"},"query-input":"required name=search_term_string"}],"inLanguage":"de"}]}},"jetpack_sharing_enabled":true,"_links":{"self":[{"href":"https:\/\/secnaturfrankfurt.com\/de\/wp-json\/wp\/v2\/product\/9898","targetHints":{"allow":["GET"]}}],"collection":[{"href":"https:\/\/secnaturfrankfurt.com\/de\/wp-json\/wp\/v2\/product"}],"about":[{"href":"https:\/\/secnaturfrankfurt.com\/de\/wp-json\/wp\/v2\/types\/product"}],"replies":[{"embeddable":true,"href":"https:\/\/secnaturfrankfurt.com\/de\/wp-json\/wp\/v2\/comments?post=9898"}],"wp:featuredmedia":[{"embeddable":true,"href":"https:\/\/secnaturfrankfurt.com\/de\/wp-json\/wp\/v2\/media\/9910"}],"wp:attachment":[{"href":"https:\/\/secnaturfrankfurt.com\/de\/wp-json\/wp\/v2\/media?parent=9898"}],"wp:term":[{"taxonomy":"product_cat","embeddable":true,"href":"https:\/\/secnaturfrankfurt.com\/de\/wp-json\/wp\/v2\/product_cat?post=9898"},{"taxonomy":"product_tag","embeddable":true,"href":"https:\/\/secnaturfrankfurt.com\/de\/wp-json\/wp\/v2\/product_tag?post=9898"}],"curies":[{"name":"wp","href":"https:\/\/api.w.org\/{rel}","templated":true}]}}