{"id":9882,"date":"2023-10-02T06:08:20","date_gmt":"2023-10-02T04:08:20","guid":{"rendered":"https:\/\/secnaturfrankfurt.com\/?post_type=product&#038;p=9882"},"modified":"2025-01-15T22:44:36","modified_gmt":"2025-01-15T20:44:36","slug":"handcrafted-pera-crossbody-bag-2","status":"publish","type":"product","link":"https:\/\/secnaturfrankfurt.com\/de\/shop\/bags\/belt-bag\/handcrafted-pera-crossbody-bag-2\/","title":{"rendered":"Handgefertigte Pera Crossbody-Tasche aus pflanzlich gegerbtem Leder"},"content":{"rendered":"<p>Die handgefertigte Pera Crossbody-Tasche zeigt meisterhaftes Handwerk mit hochwertigem, pflanzlich gegerbtem Rindsleder. Entworfen f\u00fcr diejenigen, die sowohl Stil als auch Praktikabilit\u00e4t sch\u00e4tzen, kombiniert diese Tasche Eleganz mit Funktionalit\u00e4t und macht sie zu einem unverzichtbaren Accessoire f\u00fcr jede Garderobe.<\/p>\n<p>Die Pera Crossbody-Tasche verf\u00fcgt \u00fcber zwei ger\u00e4umige Rei\u00dfverschlussf\u00e4cher, die ausreichend Platz f\u00fcr Ihre Essentials wie Smartphone, Geldb\u00f6rse, Schl\u00fcssel und Lippenpflegeprodukte bieten. Diese F\u00e4cher erm\u00f6glichen es Ihnen, alles organisiert und leicht zug\u00e4nglich zu halten, w\u00e4hrend sie ein schlankes, leichtes Profil beibehalten. Die handgefertigte Pera Crossbody-Tasche hilft Ihnen, organisiert zu bleiben, ohne Ihrer Gesamterscheinung Volumen hinzuzuf\u00fcgen, und gew\u00e4hrleistet Komfort und Bequemlichkeit, wohin Sie auch gehen.<\/p>\n<p>Eines der Hauptmerkmale der handgefertigten Pera Crossbody-Tasche ist ihre Vielseitigkeit. Sie kommt mit zwei abnehmbaren Tr\u00e4gern, sodass Sie zwischen einem raffinierten Ledergurt f\u00fcr ein poliertes Aussehen und einem strapazierf\u00e4higen Baumwollgurt f\u00fcr ein eher l\u00e4ssiges, entspanntes Gef\u00fchl wechseln k\u00f6nnen. Diese Flexibilit\u00e4t macht die Tasche perfekt f\u00fcr verschiedene Anl\u00e4sse, egal ob Sie zur Arbeit gehen, f\u00fcr l\u00e4ssige Ausfl\u00fcge unterwegs sind oder einen Abend in der Stadt genie\u00dfen. Sie k\u00f6nnen auch die Tr\u00e4ger anpassen, um sie quer \u00fcber den K\u00f6rper f\u00fcr bequemes Tragen ohne H\u00e4nde oder als Schultertasche, je nach Vorliebe, zu tragen.<\/p>\n<p>Every Pera Crossbody Bag is unique, thanks to the natural variations in the vegetable-tanned leather. No two bags are exactly alike, and the leather will develop a rich patina over time, adding even more character and individuality. This makes your purchase an investment in a special, one-of-a-kind piece that will only become more beautiful with use.<\/p>\n<p>Enhance your wardrobe with the timeless style, elegance, and practicality of the Handcrafted Pera Crossbody Bag. It is the perfect blend of sophistication and everyday functionality, making it an ideal companion for any occasion.<\/p>","protected":false},"excerpt":{"rendered":"<p>Schwarz<\/p>","protected":false},"featured_media":9886,"comment_status":"open","ping_status":"closed","template":"","meta":[],"product_cat":[21,69,74],"product_tag":[],"class_list":{"0":"post-9882","1":"product","2":"type-product","3":"status-publish","4":"has-post-thumbnail","6":"product_cat-all-products","7":"product_cat-bags","8":"product_cat-belt-bag","9":"tm-has-styled-variations","10":"tm-has-options","12":"first","13":"instock","14":"shipping-taxable","15":"purchasable","16":"product-type-simple"},"yoast_head":"<!-- This site is optimized with the Yoast SEO plugin v23.3 - https:\/\/yoast.com\/wordpress\/plugins\/seo\/ -->\n<title>Handcrafted Pera Crossbody Bag \u2013 Elegance and Functionality<\/title>\n<meta name=\"description\" content=\"The handcrafted Pera Crossbody Bag combines elegance and functionality with two compartments and detachable straps for versatile use.\" \/>\n<meta name=\"robots\" content=\"index, follow, max-snippet:-1, max-image-preview:large, max-video-preview:-1\" \/>\n<link rel=\"canonical\" href=\"https:\/\/secnaturfrankfurt.com\/de\/shop\/bags\/belt-bag\/handcrafted-pera-crossbody-bag-2\/\" \/>\n<meta property=\"og:locale\" content=\"de_DE\" \/>\n<meta property=\"og:type\" content=\"article\" \/>\n<meta property=\"og:title\" content=\"Handcrafted Pera Crossbody Bag \u2013 Elegance and Functionality\" \/>\n<meta property=\"og:description\" content=\"The handcrafted Pera Crossbody Bag combines elegance and functionality with two compartments and detachable straps for versatile use.\" \/>\n<meta property=\"og:url\" content=\"https:\/\/secnaturfrankfurt.com\/de\/shop\/bags\/belt-bag\/handcrafted-pera-crossbody-bag-2\/\" \/>\n<meta property=\"og:site_name\" content=\"Secnatur Frankfurt\" \/>\n<meta property=\"article:modified_time\" content=\"2025-01-15T20:44:36+00:00\" \/>\n<meta property=\"og:image\" content=\"https:\/\/secnaturfrankfurt.com\/wp-content\/uploads\/2023\/10\/1.jpg\" \/>\n\t<meta property=\"og:image:width\" content=\"1600\" \/>\n\t<meta property=\"og:image:height\" content=\"2000\" \/>\n\t<meta property=\"og:image:type\" content=\"image\/jpeg\" \/>\n<meta name=\"twitter:card\" content=\"summary_large_image\" \/>\n<meta name=\"twitter:label1\" content=\"Gesch\u00e4tzte Lesezeit\" \/>\n\t<meta name=\"twitter:data1\" content=\"2\u00a0Minuten\" \/>\n<script type=\"application\/ld+json\" class=\"yoast-schema-graph\">{\"@context\":\"https:\/\/schema.org\",\"@graph\":[{\"@type\":\"WebPage\",\"@id\":\"https:\/\/secnaturfrankfurt.com\/shop\/bags\/belt-bag\/handcrafted-pera-crossbody-bag-2\/\",\"url\":\"https:\/\/secnaturfrankfurt.com\/shop\/bags\/belt-bag\/handcrafted-pera-crossbody-bag-2\/\",\"name\":\"Handcrafted Pera Crossbody Bag \u2013 Elegance and Functionality\",\"isPartOf\":{\"@id\":\"https:\/\/secnaturfrankfurt.com\/#website\"},\"primaryImageOfPage\":{\"@id\":\"https:\/\/secnaturfrankfurt.com\/shop\/bags\/belt-bag\/handcrafted-pera-crossbody-bag-2\/#primaryimage\"},\"image\":{\"@id\":\"https:\/\/secnaturfrankfurt.com\/shop\/bags\/belt-bag\/handcrafted-pera-crossbody-bag-2\/#primaryimage\"},\"thumbnailUrl\":\"https:\/\/secnaturfrankfurt.com\/wp-content\/uploads\/2023\/10\/1.jpg\",\"datePublished\":\"2023-10-02T04:08:20+00:00\",\"dateModified\":\"2025-01-15T20:44:36+00:00\",\"description\":\"The handcrafted Pera Crossbody Bag combines elegance and functionality with two compartments and detachable straps for versatile use.\",\"breadcrumb\":{\"@id\":\"https:\/\/secnaturfrankfurt.com\/shop\/bags\/belt-bag\/handcrafted-pera-crossbody-bag-2\/#breadcrumb\"},\"inLanguage\":\"de\",\"potentialAction\":[{\"@type\":\"ReadAction\",\"target\":[\"https:\/\/secnaturfrankfurt.com\/shop\/bags\/belt-bag\/handcrafted-pera-crossbody-bag-2\/\"]}]},{\"@type\":\"ImageObject\",\"inLanguage\":\"de\",\"@id\":\"https:\/\/secnaturfrankfurt.com\/shop\/bags\/belt-bag\/handcrafted-pera-crossbody-bag-2\/#primaryimage\",\"url\":\"https:\/\/secnaturfrankfurt.com\/wp-content\/uploads\/2023\/10\/1.jpg\",\"contentUrl\":\"https:\/\/secnaturfrankfurt.com\/wp-content\/uploads\/2023\/10\/1.jpg\",\"width\":1600,\"height\":2000,\"caption\":\"Black Pera Crossbody Bag\"},{\"@type\":\"BreadcrumbList\",\"@id\":\"https:\/\/secnaturfrankfurt.com\/shop\/bags\/belt-bag\/handcrafted-pera-crossbody-bag-2\/#breadcrumb\",\"itemListElement\":[{\"@type\":\"ListItem\",\"position\":1,\"name\":\"Home\",\"item\":\"https:\/\/secnaturfrankfurt.com\/\"},{\"@type\":\"ListItem\",\"position\":2,\"name\":\"Shop\",\"item\":\"https:\/\/secnaturfrankfurt.com\/shop\/\"},{\"@type\":\"ListItem\",\"position\":3,\"name\":\"Handcrafted Pera Crossbody Bag in Vegetable-Tanned Leather\"}]},{\"@type\":\"WebSite\",\"@id\":\"https:\/\/secnaturfrankfurt.com\/#website\",\"url\":\"https:\/\/secnaturfrankfurt.com\/\",\"name\":\"Secnatur Frankfurt\",\"description\":\"Discover Pure Nature Leather\",\"potentialAction\":[{\"@type\":\"SearchAction\",\"target\":{\"@type\":\"EntryPoint\",\"urlTemplate\":\"https:\/\/secnaturfrankfurt.com\/?s={search_term_string}\"},\"query-input\":\"required name=search_term_string\"}],\"inLanguage\":\"de\"}]}<\/script>\n<!-- \/ Yoast SEO plugin. -->","yoast_head_json":{"title":"Handcrafted Pera Crossbody Bag \u2013 Elegance and Functionality","description":"The handcrafted Pera Crossbody Bag combines elegance and functionality with two compartments and detachable straps for versatile use.","robots":{"index":"index","follow":"follow","max-snippet":"max-snippet:-1","max-image-preview":"max-image-preview:large","max-video-preview":"max-video-preview:-1"},"canonical":"https:\/\/secnaturfrankfurt.com\/de\/shop\/bags\/belt-bag\/handcrafted-pera-crossbody-bag-2\/","og_locale":"de_DE","og_type":"article","og_title":"Handcrafted Pera Crossbody Bag \u2013 Elegance and Functionality","og_description":"The handcrafted Pera Crossbody Bag combines elegance and functionality with two compartments and detachable straps for versatile use.","og_url":"https:\/\/secnaturfrankfurt.com\/de\/shop\/bags\/belt-bag\/handcrafted-pera-crossbody-bag-2\/","og_site_name":"Secnatur Frankfurt","article_modified_time":"2025-01-15T20:44:36+00:00","og_image":[{"width":1600,"height":2000,"url":"https:\/\/secnaturfrankfurt.com\/wp-content\/uploads\/2023\/10\/1.jpg","type":"image\/jpeg"}],"twitter_card":"summary_large_image","twitter_misc":{"Gesch\u00e4tzte Lesezeit":"2\u00a0Minuten"},"schema":{"@context":"https:\/\/schema.org","@graph":[{"@type":"WebPage","@id":"https:\/\/secnaturfrankfurt.com\/shop\/bags\/belt-bag\/handcrafted-pera-crossbody-bag-2\/","url":"https:\/\/secnaturfrankfurt.com\/shop\/bags\/belt-bag\/handcrafted-pera-crossbody-bag-2\/","name":"Handcrafted Pera Crossbody Bag \u2013 Elegance and Functionality","isPartOf":{"@id":"https:\/\/secnaturfrankfurt.com\/#website"},"primaryImageOfPage":{"@id":"https:\/\/secnaturfrankfurt.com\/shop\/bags\/belt-bag\/handcrafted-pera-crossbody-bag-2\/#primaryimage"},"image":{"@id":"https:\/\/secnaturfrankfurt.com\/shop\/bags\/belt-bag\/handcrafted-pera-crossbody-bag-2\/#primaryimage"},"thumbnailUrl":"https:\/\/secnaturfrankfurt.com\/wp-content\/uploads\/2023\/10\/1.jpg","datePublished":"2023-10-02T04:08:20+00:00","dateModified":"2025-01-15T20:44:36+00:00","description":"The handcrafted Pera Crossbody Bag combines elegance and functionality with two compartments and detachable straps for versatile use.","breadcrumb":{"@id":"https:\/\/secnaturfrankfurt.com\/shop\/bags\/belt-bag\/handcrafted-pera-crossbody-bag-2\/#breadcrumb"},"inLanguage":"de","potentialAction":[{"@type":"ReadAction","target":["https:\/\/secnaturfrankfurt.com\/shop\/bags\/belt-bag\/handcrafted-pera-crossbody-bag-2\/"]}]},{"@type":"ImageObject","inLanguage":"de","@id":"https:\/\/secnaturfrankfurt.com\/shop\/bags\/belt-bag\/handcrafted-pera-crossbody-bag-2\/#primaryimage","url":"https:\/\/secnaturfrankfurt.com\/wp-content\/uploads\/2023\/10\/1.jpg","contentUrl":"https:\/\/secnaturfrankfurt.com\/wp-content\/uploads\/2023\/10\/1.jpg","width":1600,"height":2000,"caption":"Black Pera Crossbody Bag"},{"@type":"BreadcrumbList","@id":"https:\/\/secnaturfrankfurt.com\/shop\/bags\/belt-bag\/handcrafted-pera-crossbody-bag-2\/#breadcrumb","itemListElement":[{"@type":"ListItem","position":1,"name":"Home","item":"https:\/\/secnaturfrankfurt.com\/"},{"@type":"ListItem","position":2,"name":"Shop","item":"https:\/\/secnaturfrankfurt.com\/shop\/"},{"@type":"ListItem","position":3,"name":"Handcrafted Pera Crossbody Bag in Vegetable-Tanned Leather"}]},{"@type":"WebSite","@id":"https:\/\/secnaturfrankfurt.com\/#website","url":"https:\/\/secnaturfrankfurt.com\/","name":"Secnatur Frankfurt","description":"Discover Pure Nature Leather","potentialAction":[{"@type":"SearchAction","target":{"@type":"EntryPoint","urlTemplate":"https:\/\/secnaturfrankfurt.com\/?s={search_term_string}"},"query-input":"required name=search_term_string"}],"inLanguage":"de"}]}},"jetpack_sharing_enabled":true,"_links":{"self":[{"href":"https:\/\/secnaturfrankfurt.com\/de\/wp-json\/wp\/v2\/product\/9882","targetHints":{"allow":["GET"]}}],"collection":[{"href":"https:\/\/secnaturfrankfurt.com\/de\/wp-json\/wp\/v2\/product"}],"about":[{"href":"https:\/\/secnaturfrankfurt.com\/de\/wp-json\/wp\/v2\/types\/product"}],"replies":[{"embeddable":true,"href":"https:\/\/secnaturfrankfurt.com\/de\/wp-json\/wp\/v2\/comments?post=9882"}],"wp:featuredmedia":[{"embeddable":true,"href":"https:\/\/secnaturfrankfurt.com\/de\/wp-json\/wp\/v2\/media\/9886"}],"wp:attachment":[{"href":"https:\/\/secnaturfrankfurt.com\/de\/wp-json\/wp\/v2\/media?parent=9882"}],"wp:term":[{"taxonomy":"product_cat","embeddable":true,"href":"https:\/\/secnaturfrankfurt.com\/de\/wp-json\/wp\/v2\/product_cat?post=9882"},{"taxonomy":"product_tag","embeddable":true,"href":"https:\/\/secnaturfrankfurt.com\/de\/wp-json\/wp\/v2\/product_tag?post=9882"}],"curies":[{"name":"wp","href":"https:\/\/api.w.org\/{rel}","templated":true}]}}