{"id":9636,"date":"2023-09-05T07:03:54","date_gmt":"2023-09-05T07:03:54","guid":{"rendered":"https:\/\/secnaturfrankfurt.com\/?post_type=product&#038;p=9636"},"modified":"2025-10-07T17:49:59","modified_gmt":"2025-10-07T15:49:59","slug":"handcrafted-leather-backpack-durable-stylish-functional","status":"publish","type":"product","link":"https:\/\/secnaturfrankfurt.com\/de\/shop\/bags\/backpack\/handcrafted-leather-backpack-durable-stylish-functional\/","title":{"rendered":"Dunkelbrauner Rucksack aus pflanzlich gegerbtem Leder - Ideal f\u00fcr Arbeit und Freizeit"},"content":{"rendered":"<p>Erleben Sie die Sch\u00f6nheit eines handgefertigten Rucksacks aus pflanzlich gegerbtem Rindsleder, der Stil, Funktionalit\u00e4t und Langlebigkeit vereint. Dieser Lederrucksack verf\u00fcgt \u00fcber ein inneres Rei\u00dfverschlussfach und eine Vorderklappe mit zwei magnetischen Druckknopfverschl\u00fcssen f\u00fcr zus\u00e4tzliche Sicherheit. Zus\u00e4tzlich gibt es eine Vordertasche mit magnetischen Verschl\u00fcssen f\u00fcr extra Stauraum. Auf der R\u00fcckseite finden Sie ein weiteres Rei\u00dfverschlussfach, ideal f\u00fcr den schnellen Zugriff auf wichtige Gegenst\u00e4nde. Die verstellbaren Tr\u00e4ger sorgen f\u00fcr eine perfekte Passform und machen diesen Lederrucksack zu einer idealen Wahl f\u00fcr Arbeit, Freizeit oder Wandern. Er bietet ausreichend Platz f\u00fcr eine Wasserflasche, eine Lunchbox und ein A4-Notizbuch. Jedes unserer Produkte ist ein Unikat, da kein St\u00fcck Leder dem anderen gleicht. Unsere handgefertigten Rucks\u00e4cke werden mit gro\u00dfer Aufmerksamkeit f\u00fcrs Detail hergestellt. Auf Wunsch k\u00f6nnen wir Initialen, Namen oder ein Logo eingravieren und Ihrem Lederrucksack eine pers\u00f6nliche Note verleihen.<\/p>","protected":false},"excerpt":{"rendered":"<p>Handgefertigter Lederrucksack aus pflanzlich gegerbtem Rindsleder mit verstellbaren Tr\u00e4gern, mehreren F\u00e4chern und Magnetverschl\u00fcssen. Perfekt f\u00fcr Arbeit, Freizeit oder Wandern. Personalisierbar mit eingravierten Initialen, Namen oder Logos<\/p>","protected":false},"featured_media":9734,"comment_status":"open","ping_status":"closed","template":"","meta":[],"product_cat":[21,69,71],"product_tag":[],"class_list":{"0":"post-9636","1":"product","2":"type-product","3":"status-publish","4":"has-post-thumbnail","6":"product_cat-all-products","7":"product_cat-bags","8":"product_cat-backpack","9":"tm-has-styled-variations","10":"tm-has-options","12":"first","13":"instock","14":"shipping-taxable","15":"purchasable","16":"product-type-simple"},"yoast_head":"<!-- This site is optimized with the Yoast SEO plugin v23.3 - https:\/\/yoast.com\/wordpress\/plugins\/seo\/ -->\n<title>Handcrafted Leather Backpack - Durable, Stylish, and Functional<\/title>\n<meta name=\"description\" content=\"Explore our handcrafted leather backpack made from vegetable-tanned cowhide. With adjustable straps, multiple pockets, and custom engraving\" \/>\n<meta name=\"robots\" content=\"index, follow, max-snippet:-1, max-image-preview:large, max-video-preview:-1\" \/>\n<link rel=\"canonical\" href=\"https:\/\/secnaturfrankfurt.com\/de\/shop\/bags\/backpack\/handcrafted-leather-backpack-durable-stylish-functional\/\" \/>\n<meta property=\"og:locale\" content=\"de_DE\" \/>\n<meta property=\"og:type\" content=\"article\" \/>\n<meta property=\"og:title\" content=\"Handcrafted Leather Backpack - Durable, Stylish, and Functional\" \/>\n<meta property=\"og:description\" content=\"Explore our handcrafted leather backpack made from vegetable-tanned cowhide. With adjustable straps, multiple pockets, and custom engraving\" \/>\n<meta property=\"og:url\" content=\"https:\/\/secnaturfrankfurt.com\/de\/shop\/bags\/backpack\/handcrafted-leather-backpack-durable-stylish-functional\/\" \/>\n<meta property=\"og:site_name\" content=\"Secnatur Frankfurt\" \/>\n<meta property=\"article:modified_time\" content=\"2025-10-07T15:49:59+00:00\" \/>\n<meta property=\"og:image\" content=\"https:\/\/secnaturfrankfurt.com\/wp-content\/uploads\/2023\/09\/Backpack-dark-1.jpg\" \/>\n\t<meta property=\"og:image:width\" content=\"1600\" \/>\n\t<meta property=\"og:image:height\" content=\"2000\" \/>\n\t<meta property=\"og:image:type\" content=\"image\/jpeg\" \/>\n<meta name=\"twitter:card\" content=\"summary_large_image\" \/>\n<meta name=\"twitter:label1\" content=\"Gesch\u00e4tzte Lesezeit\" \/>\n\t<meta name=\"twitter:data1\" content=\"1\u00a0Minute\" \/>\n<script type=\"application\/ld+json\" class=\"yoast-schema-graph\">{\"@context\":\"https:\/\/schema.org\",\"@graph\":[{\"@type\":\"WebPage\",\"@id\":\"https:\/\/secnaturfrankfurt.com\/shop\/bags\/backpack\/handcrafted-leather-backpack-durable-stylish-functional\/\",\"url\":\"https:\/\/secnaturfrankfurt.com\/shop\/bags\/backpack\/handcrafted-leather-backpack-durable-stylish-functional\/\",\"name\":\"Handcrafted Leather Backpack - Durable, Stylish, and Functional\",\"isPartOf\":{\"@id\":\"https:\/\/secnaturfrankfurt.com\/#website\"},\"primaryImageOfPage\":{\"@id\":\"https:\/\/secnaturfrankfurt.com\/shop\/bags\/backpack\/handcrafted-leather-backpack-durable-stylish-functional\/#primaryimage\"},\"image\":{\"@id\":\"https:\/\/secnaturfrankfurt.com\/shop\/bags\/backpack\/handcrafted-leather-backpack-durable-stylish-functional\/#primaryimage\"},\"thumbnailUrl\":\"https:\/\/secnaturfrankfurt.com\/wp-content\/uploads\/2023\/09\/Backpack-dark-1.jpg\",\"datePublished\":\"2023-09-05T07:03:54+00:00\",\"dateModified\":\"2025-10-07T15:49:59+00:00\",\"description\":\"Explore our handcrafted leather backpack made from vegetable-tanned cowhide. With adjustable straps, multiple pockets, and custom engraving\",\"breadcrumb\":{\"@id\":\"https:\/\/secnaturfrankfurt.com\/shop\/bags\/backpack\/handcrafted-leather-backpack-durable-stylish-functional\/#breadcrumb\"},\"inLanguage\":\"de\",\"potentialAction\":[{\"@type\":\"ReadAction\",\"target\":[\"https:\/\/secnaturfrankfurt.com\/shop\/bags\/backpack\/handcrafted-leather-backpack-durable-stylish-functional\/\"]}]},{\"@type\":\"ImageObject\",\"inLanguage\":\"de\",\"@id\":\"https:\/\/secnaturfrankfurt.com\/shop\/bags\/backpack\/handcrafted-leather-backpack-durable-stylish-functional\/#primaryimage\",\"url\":\"https:\/\/secnaturfrankfurt.com\/wp-content\/uploads\/2023\/09\/Backpack-dark-1.jpg\",\"contentUrl\":\"https:\/\/secnaturfrankfurt.com\/wp-content\/uploads\/2023\/09\/Backpack-dark-1.jpg\",\"width\":1600,\"height\":2000},{\"@type\":\"BreadcrumbList\",\"@id\":\"https:\/\/secnaturfrankfurt.com\/shop\/bags\/backpack\/handcrafted-leather-backpack-durable-stylish-functional\/#breadcrumb\",\"itemListElement\":[{\"@type\":\"ListItem\",\"position\":1,\"name\":\"Home\",\"item\":\"https:\/\/secnaturfrankfurt.com\/\"},{\"@type\":\"ListItem\",\"position\":2,\"name\":\"Shop\",\"item\":\"https:\/\/secnaturfrankfurt.com\/shop\/\"},{\"@type\":\"ListItem\",\"position\":3,\"name\":\"Dark Brown Vegetable-Tanned Leather Backpack &#8211; Ideal for Work and Leisure\"}]},{\"@type\":\"WebSite\",\"@id\":\"https:\/\/secnaturfrankfurt.com\/#website\",\"url\":\"https:\/\/secnaturfrankfurt.com\/\",\"name\":\"Secnatur Frankfurt\",\"description\":\"Discover Pure Nature Leather\",\"potentialAction\":[{\"@type\":\"SearchAction\",\"target\":{\"@type\":\"EntryPoint\",\"urlTemplate\":\"https:\/\/secnaturfrankfurt.com\/?s={search_term_string}\"},\"query-input\":\"required name=search_term_string\"}],\"inLanguage\":\"de\"}]}<\/script>\n<!-- \/ Yoast SEO plugin. -->","yoast_head_json":{"title":"Handcrafted Leather Backpack - Durable, Stylish, and Functional","description":"Explore our handcrafted leather backpack made from vegetable-tanned cowhide. With adjustable straps, multiple pockets, and custom engraving","robots":{"index":"index","follow":"follow","max-snippet":"max-snippet:-1","max-image-preview":"max-image-preview:large","max-video-preview":"max-video-preview:-1"},"canonical":"https:\/\/secnaturfrankfurt.com\/de\/shop\/bags\/backpack\/handcrafted-leather-backpack-durable-stylish-functional\/","og_locale":"de_DE","og_type":"article","og_title":"Handcrafted Leather Backpack - Durable, Stylish, and Functional","og_description":"Explore our handcrafted leather backpack made from vegetable-tanned cowhide. With adjustable straps, multiple pockets, and custom engraving","og_url":"https:\/\/secnaturfrankfurt.com\/de\/shop\/bags\/backpack\/handcrafted-leather-backpack-durable-stylish-functional\/","og_site_name":"Secnatur Frankfurt","article_modified_time":"2025-10-07T15:49:59+00:00","og_image":[{"width":1600,"height":2000,"url":"https:\/\/secnaturfrankfurt.com\/wp-content\/uploads\/2023\/09\/Backpack-dark-1.jpg","type":"image\/jpeg"}],"twitter_card":"summary_large_image","twitter_misc":{"Gesch\u00e4tzte Lesezeit":"1\u00a0Minute"},"schema":{"@context":"https:\/\/schema.org","@graph":[{"@type":"WebPage","@id":"https:\/\/secnaturfrankfurt.com\/shop\/bags\/backpack\/handcrafted-leather-backpack-durable-stylish-functional\/","url":"https:\/\/secnaturfrankfurt.com\/shop\/bags\/backpack\/handcrafted-leather-backpack-durable-stylish-functional\/","name":"Handcrafted Leather Backpack - Durable, Stylish, and Functional","isPartOf":{"@id":"https:\/\/secnaturfrankfurt.com\/#website"},"primaryImageOfPage":{"@id":"https:\/\/secnaturfrankfurt.com\/shop\/bags\/backpack\/handcrafted-leather-backpack-durable-stylish-functional\/#primaryimage"},"image":{"@id":"https:\/\/secnaturfrankfurt.com\/shop\/bags\/backpack\/handcrafted-leather-backpack-durable-stylish-functional\/#primaryimage"},"thumbnailUrl":"https:\/\/secnaturfrankfurt.com\/wp-content\/uploads\/2023\/09\/Backpack-dark-1.jpg","datePublished":"2023-09-05T07:03:54+00:00","dateModified":"2025-10-07T15:49:59+00:00","description":"Explore our handcrafted leather backpack made from vegetable-tanned cowhide. With adjustable straps, multiple pockets, and custom engraving","breadcrumb":{"@id":"https:\/\/secnaturfrankfurt.com\/shop\/bags\/backpack\/handcrafted-leather-backpack-durable-stylish-functional\/#breadcrumb"},"inLanguage":"de","potentialAction":[{"@type":"ReadAction","target":["https:\/\/secnaturfrankfurt.com\/shop\/bags\/backpack\/handcrafted-leather-backpack-durable-stylish-functional\/"]}]},{"@type":"ImageObject","inLanguage":"de","@id":"https:\/\/secnaturfrankfurt.com\/shop\/bags\/backpack\/handcrafted-leather-backpack-durable-stylish-functional\/#primaryimage","url":"https:\/\/secnaturfrankfurt.com\/wp-content\/uploads\/2023\/09\/Backpack-dark-1.jpg","contentUrl":"https:\/\/secnaturfrankfurt.com\/wp-content\/uploads\/2023\/09\/Backpack-dark-1.jpg","width":1600,"height":2000},{"@type":"BreadcrumbList","@id":"https:\/\/secnaturfrankfurt.com\/shop\/bags\/backpack\/handcrafted-leather-backpack-durable-stylish-functional\/#breadcrumb","itemListElement":[{"@type":"ListItem","position":1,"name":"Home","item":"https:\/\/secnaturfrankfurt.com\/"},{"@type":"ListItem","position":2,"name":"Shop","item":"https:\/\/secnaturfrankfurt.com\/shop\/"},{"@type":"ListItem","position":3,"name":"Dark Brown Vegetable-Tanned Leather Backpack &#8211; Ideal for Work and Leisure"}]},{"@type":"WebSite","@id":"https:\/\/secnaturfrankfurt.com\/#website","url":"https:\/\/secnaturfrankfurt.com\/","name":"Secnatur Frankfurt","description":"Discover Pure Nature Leather","potentialAction":[{"@type":"SearchAction","target":{"@type":"EntryPoint","urlTemplate":"https:\/\/secnaturfrankfurt.com\/?s={search_term_string}"},"query-input":"required name=search_term_string"}],"inLanguage":"de"}]}},"jetpack_sharing_enabled":true,"_links":{"self":[{"href":"https:\/\/secnaturfrankfurt.com\/de\/wp-json\/wp\/v2\/product\/9636","targetHints":{"allow":["GET"]}}],"collection":[{"href":"https:\/\/secnaturfrankfurt.com\/de\/wp-json\/wp\/v2\/product"}],"about":[{"href":"https:\/\/secnaturfrankfurt.com\/de\/wp-json\/wp\/v2\/types\/product"}],"replies":[{"embeddable":true,"href":"https:\/\/secnaturfrankfurt.com\/de\/wp-json\/wp\/v2\/comments?post=9636"}],"wp:featuredmedia":[{"embeddable":true,"href":"https:\/\/secnaturfrankfurt.com\/de\/wp-json\/wp\/v2\/media\/9734"}],"wp:attachment":[{"href":"https:\/\/secnaturfrankfurt.com\/de\/wp-json\/wp\/v2\/media?parent=9636"}],"wp:term":[{"taxonomy":"product_cat","embeddable":true,"href":"https:\/\/secnaturfrankfurt.com\/de\/wp-json\/wp\/v2\/product_cat?post=9636"},{"taxonomy":"product_tag","embeddable":true,"href":"https:\/\/secnaturfrankfurt.com\/de\/wp-json\/wp\/v2\/product_tag?post=9636"}],"curies":[{"name":"wp","href":"https:\/\/api.w.org\/{rel}","templated":true}]}}